{"id":113,"date":"2019-11-21T16:27:49","date_gmt":"2019-11-21T15:27:49","guid":{"rendered":"https:\/\/geboortezorgsalland.nl\/?page_id=113"},"modified":"2024-09-02T12:22:40","modified_gmt":"2024-09-02T10:22:40","slug":"pragnienie-posiadania-dziecka","status":"publish","type":"page","link":"https:\/\/geboortezorgsalland.nl\/pt\/nasze-centrum\/pragnienie-posiadania-dziecka\/","title":{"rendered":"Pragnienie posiadania dziecka"},"content":{"rendered":"\n<p><strong> <\/strong>Je\u015bli chcesz zaj\u015b\u0107 w&nbsp;ci\u0105\u017c\u0119, zadbaj o&nbsp;zdrowy start dla swojego dziecka. Tym samym ju\u017c teraz zbudujesz solidne podstawy dla zdrowia swojego dziecka.<\/p>\n\n\n\n<ul class=\"wp-block-list\">\n<li>Zdrowy styl \u017cycia zwi\u0119kszy Twoje szanse na zaj\u015bcie w\u00a0ci\u0105\u017c\u0119.<\/li>\n\n\n\n<li>Zrezygnuj z\u00a0palenia, picia alkoholu i\/lub za\u017cywania narkotyk\u00f3w.<\/li>\n\n\n\n<li>Przyjmuj kwas foliowy od momentu, w\u00a0kt\u00f3rym zdecydujesz si\u0119 na macierzy\u0144stwo, a\u00a0przynajmniej 4\u00a0tygodnie przed planowanym zaj\u015bciem w\u00a0ci\u0105\u017c\u0119.<\/li>\n<\/ul>\n\n\n\n<p>Wi\u0119cej informacji znajdziesz na stronie&nbsp;<a href=\"https:\/\/strakszwangerworden.nl\/\" target=\"_blank\" rel=\"noreferrer noopener\">strakszwangerworden.nl<\/a> lub <a href=\"https:\/\/www.wokewomen.nl\/\" target=\"_blank\" rel=\"noreferrer noopener\">wokewomen.nl<\/a><\/p>\n\n\n\n<p><strong>Konsultacja w&nbsp;sprawie ci\u0105\u017cy<\/strong><br>Jeszcze przed zaj\u015bciem w&nbsp;ci\u0105\u017c\u0119 mo\u017cesz zwr\u00f3ci\u0107 si\u0119 do po\u0142o\u017cnej z&nbsp;pytaniami dotycz\u0105cymi zdrowego zaj\u015bcia w&nbsp;ci\u0105\u017c\u0119. Odpowie ona na wszystkie pytania i&nbsp;udzieli indywidualnych wskaz\u00f3wek dotycz\u0105cych ci\u0105\u017cy podczas konsultacji.<\/p>\n\n\n\n<p><strong>Przygotowanie<\/strong><br>Po\u0142o\u017cna udzieli Ci konkretnych informacji, kt\u00f3re odnosz\u0105 si\u0119 do Twojej osobistej sytuacji. Warto si\u0119 zatem dobrze przygotowa\u0107 do takiej konsultacji. Zastan\u00f3w si\u0119 nad (mo\u017cliwymi) schorzeniami dziedzicznymi wyst\u0119puj\u0105cymi w&nbsp;Twojej rodzinie.<\/p>\n\n\n\n<p>U\u017cytecznym narz\u0119dziem jest strona internetowa Zwangerwijzer. Wype\u0142nij kwestionariusz na stronie <a href=\"https:\/\/zwangerwijzer.nl\/\" target=\"_blank\" rel=\"noreferrer noopener\">zwangerwijzer.nl<\/a> i&nbsp;we\u017a wydruk tego kwestionariusza ze sob\u0105 na rozmow\u0119 z&nbsp;po\u0142o\u017cn\u0105 (lub wy\u015blij go e-mailem do po\u0142o\u017cnej przed wizyt\u0105). Je\u015bli po\u0142o\u017cna zidentyfikuje obecno\u015b\u0107 czynnik\u00f3w ryzyka podczas konsultacji, zostaniesz skierowana do swojego lekarza rodzinnego, ginekologa lub innego specjalisty, je\u015bli zajdzie taka potrzeba.<\/p>\n\n\n\n<p>Wszystkie przychodnie po\u0142o\u017cnicze w&nbsp;naszym regionie oferuj\u0105 konsultacje zwi\u0105zane z&nbsp;ci\u0105\u017c\u0105.<\/p>\n\n\n\n<p><strong>Gdy nie udaje Ci si\u0119 zaj\u015b\u0107 w&nbsp;ci\u0105\u017c\u0119<\/strong><\/p>\n\n\n\n<p>W&nbsp;przypadku problem\u00f3w z&nbsp;zaj\u015bciem w&nbsp;ci\u0105\u017c\u0119 mo\u017cesz uda\u0107 si\u0119 do szpitala <a href=\"https:\/\/www.dz.nl\/patient\/afdelingen\/voortplantingsgeneeskunde\" target=\"_blank\" rel=\"noreferrer noopener\">Deventer Ziekenhuis<\/a>. Konieczne jest jednak skierowanie od lekarza rodzinnego.<\/p>\n","protected":false},"excerpt":{"rendered":"<p>Je\u015bli chcesz zaj\u015b\u0107 w&nbsp;ci\u0105\u017c\u0119, zadbaj o&nbsp;zdrowy start dla swojego dziecka. Tym samym ju\u017c teraz zbudujesz solidne podstawy dla zdrowia swojego dziecka. Wi\u0119cej&#8230;<\/p>\n","protected":false},"author":1,"featured_media":525,"parent":591,"menu_order":0,"comment_status":"closed","ping_status":"closed","template":"","meta":{"_acf_changed":false,"editor_notices":[],"footnotes":""},"class_list":["post-113","page","type-page","status-publish","has-post-thumbnail","hentry"],"acf":[],"_links":{"self":[{"href":"https:\/\/geboortezorgsalland.nl\/pt\/wp-json\/wp\/v2\/pages\/113","targetHints":{"allow":["GET"]}}],"collection":[{"href":"https:\/\/geboortezorgsalland.nl\/pt\/wp-json\/wp\/v2\/pages"}],"about":[{"href":"https:\/\/geboortezorgsalland.nl\/pt\/wp-json\/wp\/v2\/types\/page"}],"author":[{"embeddable":true,"href":"https:\/\/geboortezorgsalland.nl\/pt\/wp-json\/wp\/v2\/users\/1"}],"replies":[{"embeddable":true,"href":"https:\/\/geboortezorgsalland.nl\/pt\/wp-json\/wp\/v2\/comments?post=113"}],"version-history":[{"count":0,"href":"https:\/\/geboortezorgsalland.nl\/pt\/wp-json\/wp\/v2\/pages\/113\/revisions"}],"up":[{"embeddable":true,"href":"https:\/\/geboortezorgsalland.nl\/pt\/wp-json\/wp\/v2\/pages\/591"}],"wp:featuredmedia":[{"embeddable":true,"href":"https:\/\/geboortezorgsalland.nl\/pt\/wp-json\/wp\/v2\/media\/525"}],"wp:attachment":[{"href":"https:\/\/geboortezorgsalland.nl\/pt\/wp-json\/wp\/v2\/media?parent=113"}],"curies":[{"name":"wp","href":"https:\/\/api.w.org\/{rel}","templated":true}]}}