{"id":115,"date":"2019-11-21T16:28:10","date_gmt":"2019-11-21T15:28:10","guid":{"rendered":"https:\/\/geboortezorgsalland.nl\/?page_id=115"},"modified":"2024-09-05T19:00:01","modified_gmt":"2024-09-05T17:00:01","slug":"porod","status":"publish","type":"page","link":"https:\/\/geboortezorgsalland.nl\/pt\/nasze-centrum\/porod\/","title":{"rendered":"Por\u00f3d"},"content":{"rendered":"\n<p>Dla wielu kobiet i&nbsp;ich partner\u00f3w por\u00f3d jest wyj\u0105tkowym, ale i&nbsp;ekscytuj\u0105cym wydarzeniem. To naturalne, \u017ce chcesz wiedzie\u0107, jak b\u0119dzie przebiega\u0142 Tw\u00f3j por\u00f3d.<br>Kiedy rozpoczn\u0105 si\u0119 skurcze? Czy por\u00f3d przebiegnie prawid\u0142owo? Czy dobrze znios\u0119 b\u00f3l? Do g\u0142owy przychodzi wiele pyta\u0144. Odpowiednie przygotowanie mo\u017ce pom\u00f3c Ci spokojnie podej\u015b\u0107 do porodu.<\/p>\n\n\n\n<p>Wiele informacji na ten temat mo\u017cesz znale\u017a\u0107 zar\u00f3wno w&nbsp;Internecie, jak i&nbsp;w&nbsp;dost\u0119pnych ksi\u0105\u017ckach. Zapoznaj si\u0119 te\u017c z&nbsp;ulotkami na temat porodu.<\/p>\n\n\n\n<p>Je\u017celi szukasz ksi\u0105\u017cek z&nbsp;dobrymi wyja\u015bnieniami na temat porodu, popro\u015b o&nbsp;porad\u0119 swoj\u0105 po\u0142o\u017cn\u0105 lub ginekologa.<\/p>\n\n\n\n<figure class=\"wp-block-embed is-type-video is-provider-youtube wp-block-embed-youtube wp-embed-aspect-16-9 wp-has-aspect-ratio\"><div class=\"wp-block-embed__wrapper\">\n<iframe title=\"Bevallen in het Deventer Ziekenhuis - Geboortezorg Salland\" width=\"500\" height=\"281\" src=\"https:\/\/www.youtube.com\/embed\/di7RmMDrmxo?feature=oembed\" frameborder=\"0\" allow=\"accelerometer; autoplay; clipboard-write; encrypted-media; gyroscope; picture-in-picture; web-share\" referrerpolicy=\"strict-origin-when-cross-origin\" allowfullscreen><\/iframe>\n<\/div><\/figure>\n\n\n\n<h3 class=\"wp-block-heading\"><strong>Gdzie mog\u0119 rodzi\u0107?<\/strong><\/h3>\n\n\n\n<p>Je\u015bli wszystko p\u00f3jdzie dobrze, mo\u017cesz wybra\u0107 por\u00f3d w\u00a0domu lub w\u00a0szpitalu. Je\u015bli zaistnieje nag\u0142a potrzeba ze wzgl\u0119d\u00f3w medycznych, por\u00f3d odb\u0119dzie si\u0119 w\u00a0szpitalu. <a href=\"https:\/\/geboortezorgsalland.nl\/pt\/nasze-centrum\/porod\/gdzie-moge-rodzic\/\" target=\"_blank\" rel=\"noreferrer noopener\"><strong>Dowiedz si\u0119 wi\u0119cej<\/strong><\/a><a href=\"https:\/\/geboortezorgsalland.nl\/wp-admin\/post.php?post=317&amp;action=edit\"><strong>.<\/strong><\/a><\/p>\n\n\n\n<p><strong>Co przygotowa\u0107?<\/strong><\/p>\n\n\n\n<p>Ma\u0142e dziecko potrzebuje oczywi\u015bcie wielu r\u00f3\u017cnych rzeczy. Poni\u017cej znajdziesz list\u0119 rzeczy, o\u00a0kt\u00f3rych nie mo\u017cesz zapomnie\u0107. <a href=\"https:\/\/geboortezorgsalland.nl\/pt\/co-przygotowac\/\"><strong>Dowiedz si\u0119 wi\u0119cej<\/strong><\/a>.<\/p>\n\n\n\n<p><strong>Indukowanie porodu<\/strong><\/p>\n\n\n\n<p>Czasami konieczne jest wywo\u0142anie porodu; w\u00f3wczas Tw\u00f3j por\u00f3d b\u0119dzie indukowany. <a href=\"https:\/\/geboortezorgsalland.nl\/pt\/indukcja-porodu\/\"><strong>Dowiedz si\u0119 wi\u0119cej<\/strong><\/a>.<\/p>\n\n\n<p><!--StartFragment--><\/p>\n\n\n<h3 class=\"wp-block-heading\"><strong>Instrukcje dotycz\u0105ce wezwa\u0144<\/strong><\/h3>\n\n\n\n<p>Po\u0142o\u017cna lub ginekolog przeka\u017c\u0105 Ci instrukcje dotycz\u0105ce wzywania. Rodzisz po raz pierwszy? A&nbsp;mo\u017ce rodzi\u0142a\u015b ju\u017c wcze\u015bniej? Czy g\u0142\u00f3wka dziecka obni\u017cy\u0142a si\u0119 do poziomu miednicy, czy nie? &nbsp;To pozwoli okre\u015bli\u0107, kt\u00f3re instrukcje s\u0105 przeznaczone dla Ciebie. Nie s\u0105 one takie same dla wszystkich! &nbsp;Om\u00f3wimy to z&nbsp;Tob\u0105 oko\u0142o 36.&nbsp;tygodnia ci\u0105\u017cy.<\/p>\n\n\n\n<p>Upewnij si\u0119, \u017ce masz pod r\u0119k\u0105 w\u0142a\u015bciwe numery telefon\u00f3w. Warto je zapisa\u0107 w&nbsp;swoim telefonie kom\u00f3rkowym. &nbsp;<\/p>\n\n\n\n<p class=\"has-text-align-center\"><strong>Je\u015bli przed 37.\u00a0tygodniem ci\u0105\u017cy pojawi\u0105 si\u0119 skurcze, odejd\u0105 Ci wody p\u0142odowe lub zaczniesz krwawi\u0107, skontaktuj si\u0119 z\u00a0<\/strong><a href=\"https:\/\/geboortezorgsalland.nl\/pt\/nasze-przychodnie\/\"><strong>lekarzem prowadz\u0105cym <\/strong><\/a><strong>ci\u0105\u017c\u0119.<\/strong><\/p>\n\n\n\n<div class=\"wp-block-group\"><div class=\"wp-block-group__inner-container is-layout-flow wp-block-group-is-layout-flow\">\n<p><\/p>\n\n\n\n<div style=\"height:30px\" aria-hidden=\"true\" class=\"wp-block-spacer\"><\/div>\n\n\n\n<h3 class=\"wp-block-heading\">1. Indukcja porodu<\/h3>\n\n\n\n.embed-responsive-16by9 { \n    height: 0;\n    padding-top: 56.25%;\n    position: relative;\n    width: 100%;\n}\n\n.embed-responsive-item { \n    border: none;\n    height: 100%;\n    left: 0;\n    position: absolute;\n    top: 0;\n    width: 100%;\n} \n \n\n<!-- Start inbed code --> \n<div class=\"embed-responsive-16by9\"> \n \n<\/div> \n<!-- Einde inbed code -->\n\n\n\n<p><\/p>\n<\/div><\/div>\n\n\n\n<div class=\"wp-block-group\"><div class=\"wp-block-group__inner-container is-layout-flow wp-block-group-is-layout-flow\">\n<div style=\"height:30px\" aria-hidden=\"true\" class=\"wp-block-spacer\"><\/div>\n\n\n\n<h3 class=\"wp-block-heading\">2. Indukcja porodu &#8211; przygotowanie<\/h3>\n\n\n\n<!-- Start inbed code --> \n<div class=\"embed-responsive-16by9\"> \n \n<\/div> \n<!-- Einde inbed code -->\n<\/div><\/div>\n\n\n\n<div class=\"wp-block-group\"><div class=\"wp-block-group__inner-container is-layout-flow wp-block-group-is-layout-flow\">\n<div style=\"height:30px\" aria-hidden=\"true\" class=\"wp-block-spacer\"><\/div>\n\n\n\n<h3 class=\"wp-block-heading\">3. Na czym polega indukcja porodu i&nbsp;jakie s\u0105 jej wady i&nbsp;zalety?<\/h3>\n\n\n\n<!-- Start inbed code --> \n<div class=\"embed-responsive-16by9\"> \n \n<\/div> \n<!-- Einde inbed code -->\n<\/div><\/div>\n\n\n\n<p><\/p>\n","protected":false},"excerpt":{"rendered":"<p>Dla wielu kobiet i&nbsp;ich partner\u00f3w por\u00f3d jest wyj\u0105tkowym, ale i&nbsp;ekscytuj\u0105cym wydarzeniem. To naturalne, \u017ce chcesz wiedzie\u0107, jak b\u0119dzie przebiega\u0142 Tw\u00f3j por\u00f3d.Kiedy rozpoczn\u0105&#8230;<\/p>\n","protected":false},"author":1,"featured_media":0,"parent":591,"menu_order":0,"comment_status":"closed","ping_status":"closed","template":"","meta":{"_acf_changed":false,"editor_notices":[],"footnotes":""},"class_list":["post-115","page","type-page","status-publish","hentry"],"acf":[],"_links":{"self":[{"href":"https:\/\/geboortezorgsalland.nl\/pt\/wp-json\/wp\/v2\/pages\/115","targetHints":{"allow":["GET"]}}],"collection":[{"href":"https:\/\/geboortezorgsalland.nl\/pt\/wp-json\/wp\/v2\/pages"}],"about":[{"href":"https:\/\/geboortezorgsalland.nl\/pt\/wp-json\/wp\/v2\/types\/page"}],"author":[{"embeddable":true,"href":"https:\/\/geboortezorgsalland.nl\/pt\/wp-json\/wp\/v2\/users\/1"}],"replies":[{"embeddable":true,"href":"https:\/\/geboortezorgsalland.nl\/pt\/wp-json\/wp\/v2\/comments?post=115"}],"version-history":[{"count":0,"href":"https:\/\/geboortezorgsalland.nl\/pt\/wp-json\/wp\/v2\/pages\/115\/revisions"}],"up":[{"embeddable":true,"href":"https:\/\/geboortezorgsalland.nl\/pt\/wp-json\/wp\/v2\/pages\/591"}],"wp:attachment":[{"href":"https:\/\/geboortezorgsalland.nl\/pt\/wp-json\/wp\/v2\/media?parent=115"}],"curies":[{"name":"wp","href":"https:\/\/api.w.org\/{rel}","templated":true}]}}