{"id":117,"date":"2019-11-21T16:28:36","date_gmt":"2019-11-21T15:28:36","guid":{"rendered":"https:\/\/geboortezorgsalland.nl\/?page_id=117"},"modified":"2024-09-05T19:32:21","modified_gmt":"2024-09-05T17:32:21","slug":"polog","status":"publish","type":"page","link":"https:\/\/geboortezorgsalland.nl\/pt\/nasze-centrum\/polog\/","title":{"rendered":"Po\u0142\u00f3g"},"content":{"rendered":"\n<p>Hura, maluch przyszed\u0142 ju\u017c na \u015bwiat!<\/p>\n\n\n\n<p>W&nbsp;okresie po\u0142ogu piel\u0119gniarka po\u0142o\u017cnicza pomaga matce i&nbsp;dziecku w&nbsp;jak najlepszym starcie, a&nbsp;pod koniec tygodnia po\u0142ogu mo\u017cesz ju\u017c samodzielnie opiekowa\u0107 si\u0119 dzieckiem.<\/p>\n\n\n\n<p><strong>Karmienie dziecka<\/strong><\/p>\n\n\n\n<p><a href=\"https:\/\/geboortezorgsalland.nl\/pt\/karmienie-dziecka\/\">Dowiedz si\u0119 wi\u0119cej o\u00a0dost\u0119pnych opcjach<\/a><\/p>\n\n\n\n<p><strong>Czym zajmuje si\u0119 piel\u0119gniarka po\u0142o\u017cnicza?<\/strong><\/p>\n\n\n\n<p>Piel\u0119gniarka po\u0142o\u017cnicza<\/p>\n\n\n\n<ul class=\"wp-block-list\">\n<li>asystuje po\u0142o\u017cnej podczas porodu w&nbsp;domu lub w&nbsp;szpitalu;<\/li>\n\n\n\n<li>obserwuje i&nbsp;sprawdza stan zdrowia matki i&nbsp;dziecka;<\/li>\n\n\n\n<li>s\u0142u\u017cy pomoc\u0105 i&nbsp;udziela osobistych wskaz\u00f3wek w&nbsp;tym wyj\u0105tkowym czasie;<\/li>\n\n\n\n<li>udziela informacji i&nbsp;instrukcji dotycz\u0105cych \u017cywienia, bezpiecze\u0144stwa i&nbsp;opieki nad dzieckiem;<\/li>\n\n\n\n<li>utrzymuje sal\u0119 porodow\u0105, pok\u00f3j dziecka i&nbsp;pomieszczenia sanitarne w&nbsp;czysto\u015bci;<\/li>\n\n\n\n<li>wspiera domownik\u00f3w i&nbsp;s\u0142u\u017cy pomoc\u0105 innym cz\u0142onkom rodziny;<\/li>\n\n\n\n<li>w&nbsp;razie potrzeby anga\u017cuje po\u0142o\u017cn\u0105 lub lekarza;<\/li>\n\n\n\n<li>pod koniec tygodnia po\u0142ogu przekazuje opiek\u0119 do JGZ (Centrum Opieki zdrowotnej dla dzieci i&nbsp;m\u0142odzie\u017cy).<\/li>\n<\/ul>\n\n\n\n<p><strong>W&nbsp;domu<\/strong><\/p>\n\n\n\n<p>Piel\u0119gniarka po\u0142o\u017cnicza przebywa w&nbsp;Twoim domu. Twoje potrzeby s\u0105 dla niej najwa\u017cniejsze. Podczas spotkania wprowadzaj\u0105cego oko\u0142o 30.&nbsp;tygodnia ci\u0105\u017cy om\u00f3wicie Twoje oczekiwania. Wa\u017cnym jest, aby\u015b mia\u0142a w&nbsp;domu kilka rzeczy. W&nbsp;ulotkach znajdziesz przydatne listy rzeczy potrzebnych Tobie i&nbsp;Twojemu dziecku. (r\u00f3wnie\u017c w&nbsp;przypadku bli\u017ani\u0105t)<\/p>\n\n\n\n<p><strong>Liczba godzin opieki poporodowej<\/strong><\/p>\n\n\n\n<p>Liczba godzin opieki poporodowej zale\u017cy od sytuacji pacjentki. Zgodnie z&nbsp;wytycznymi Krajowego Protoko\u0142u Wytycznych [Landelijk Indicatie Protocol] liczba godzin opieki ustalana jest podczas rozmowy wst\u0119pnej. Liczba godzin mo\u017ce ulec zmianie w&nbsp;trakcie tygodnia po\u0142ogu, je\u015bli zaistniej\u0105 ku temu powody. Zasadniczo godziny opieki poporodowej przys\u0142uguj\u0105 Ci w&nbsp;ci\u0105gu pierwszych o\u015bmiu dni po porodzie. Je\u015bli musisz zosta\u0107 d\u0142u\u017cej w&nbsp;szpitalu, liczba godzin mo\u017ce zosta\u0107 zredukowana.<\/p>\n\n\n\n<p><strong>Koszty opieki poporodowej<\/strong><\/p>\n\n\n\n<p>Opieka poporodowa jest niezb\u0119dna i&nbsp;dlatego te\u017c jest refundowana przez ka\u017cde podstawowe ubezpieczenie. P\u0142acisz jednak dodatkow\u0105 kwot\u0119 w&nbsp;wysoko\u015bci 4,50&nbsp;za godzin\u0119. Posiadasz dodatkowe ubezpieczenie? W&nbsp;takim przypadku powy\u017csze koszty zostan\u0105 Ci (cz\u0119\u015bciowo) zwr\u00f3cone. Zapytaj o&nbsp;to sw\u00f3j zak\u0142ad ubezpiecze\u0144 zdrowotnych.<\/p>\n\n\n\n<p><strong>Zorganizuj sobie opiek\u0119 po\u0142o\u017cnicz\u0105<\/strong><\/p>\n\n\n\n<p>Po\u0142o\u017cna poinformuje Ci\u0119, do kt\u00f3rych plac\u00f3wek opieki poporodowej w&nbsp;Salland mo\u017cesz si\u0119 zwr\u00f3ci\u0107. Zawsze mo\u017cesz te\u017c skontaktowa\u0107 si\u0119 ze swoim zak\u0142adem ubezpiecze\u0144 zdrowotnych. Warto zorganizowa\u0107 sobie opiek\u0119 poporodow\u0105 przed 16.&nbsp;tygodniem ci\u0105\u017cy. W&nbsp;wi\u0119kszo\u015bci o\u015brodk\u00f3w mo\u017cna to zrobi\u0107 szybko i&nbsp;wygodnie na ich stronie internetowej lub telefonicznie.<\/p>\n","protected":false},"excerpt":{"rendered":"<p>Hura, maluch przyszed\u0142 ju\u017c na \u015bwiat! W&nbsp;okresie po\u0142ogu piel\u0119gniarka po\u0142o\u017cnicza pomaga matce i&nbsp;dziecku w&nbsp;jak najlepszym starcie, a&nbsp;pod koniec tygodnia po\u0142ogu mo\u017cesz ju\u017c&#8230;<\/p>\n","protected":false},"author":1,"featured_media":4102,"parent":591,"menu_order":0,"comment_status":"closed","ping_status":"closed","template":"","meta":{"_acf_changed":false,"editor_notices":[],"footnotes":""},"class_list":["post-117","page","type-page","status-publish","has-post-thumbnail","hentry"],"acf":[],"_links":{"self":[{"href":"https:\/\/geboortezorgsalland.nl\/pt\/wp-json\/wp\/v2\/pages\/117","targetHints":{"allow":["GET"]}}],"collection":[{"href":"https:\/\/geboortezorgsalland.nl\/pt\/wp-json\/wp\/v2\/pages"}],"about":[{"href":"https:\/\/geboortezorgsalland.nl\/pt\/wp-json\/wp\/v2\/types\/page"}],"author":[{"embeddable":true,"href":"https:\/\/geboortezorgsalland.nl\/pt\/wp-json\/wp\/v2\/users\/1"}],"replies":[{"embeddable":true,"href":"https:\/\/geboortezorgsalland.nl\/pt\/wp-json\/wp\/v2\/comments?post=117"}],"version-history":[{"count":0,"href":"https:\/\/geboortezorgsalland.nl\/pt\/wp-json\/wp\/v2\/pages\/117\/revisions"}],"up":[{"embeddable":true,"href":"https:\/\/geboortezorgsalland.nl\/pt\/wp-json\/wp\/v2\/pages\/591"}],"wp:featuredmedia":[{"embeddable":true,"href":"https:\/\/geboortezorgsalland.nl\/pt\/wp-json\/wp\/v2\/media\/4102"}],"wp:attachment":[{"href":"https:\/\/geboortezorgsalland.nl\/pt\/wp-json\/wp\/v2\/media?parent=117"}],"curies":[{"name":"wp","href":"https:\/\/api.w.org\/{rel}","templated":true}]}}