{"id":119,"date":"2019-11-21T16:29:38","date_gmt":"2019-11-21T15:29:38","guid":{"rendered":"https:\/\/geboortezorgsalland.nl\/?page_id=119"},"modified":"2024-09-05T19:42:59","modified_gmt":"2024-09-05T17:42:59","slug":"informacje","status":"publish","type":"page","link":"https:\/\/geboortezorgsalland.nl\/pt\/informacje\/","title":{"rendered":"Informacje"},"content":{"rendered":"\n<p><strong>Jeste\u015b w&nbsp;ci\u0105\u017cy?<\/strong><\/p>\n\n\n\n<p>Wielkimi krokami zbli\u017ca si\u0119 pi\u0119kny, wyj\u0105tkowy i&nbsp;czasem ekscytuj\u0105cy czas.<\/p>\n\n\n\n<p>Geboortezorg Salland oraz gminy Deventer, Olst-Wijhe i&nbsp;Raalte organizuj\u0105 szereg spotka\u0144 dla przysz\u0142ych rodzic\u00f3w, aby pom\u00f3c im przygotowa\u0107 si\u0119 do porodu, okresu poporodowego i&nbsp;p\u00f3\u017aniejszego okresu rodzicielstwa. Podczas tych spotka\u0144 zar\u00f3wno Ty, jak i&nbsp;Tw\u00f3j partner otrzymacie istotne informacje i&nbsp;przydatne porady dotycz\u0105ce ci\u0105\u017cy, porodu i&nbsp;okresu po nim.<\/p>\n\n\n\n<p>W ten spos\u00f3b b\u0119dziecie dobrze przygotowani do rozpocz\u0119cia tego nowego etapu w&nbsp;Waszym \u017cyciu.<\/p>\n\n\n\n<p><strong>Bezp\u0142atne porady i&nbsp;informacje<\/strong><\/p>\n\n\n\n<p>Spotkania s\u0105 prowadzone przez do\u015bwiadczonych specjalist\u00f3w, takich jak po\u0142o\u017cne, piel\u0119gniarki (pediatryczne), piel\u0119gniarki po\u0142o\u017cnicze i&nbsp;eksperci ds. laktacji.<\/p>\n\n\n\n<p>Oferujemy spotkania informacyjne w&nbsp;formie spotka\u0144 w&nbsp;szpitalu w&nbsp;Deventer lub interaktywnych webinari\u00f3w (link do podgl\u0105du). Serdecznie zapraszamy do udzia\u0142u Ciebie i&nbsp;Twojego partnera. Udzia\u0142 jest nie tylko ciekawy i&nbsp;anga\u017cuj\u0105cy, ale i&nbsp;ca\u0142kowicie bezp\u0142atny!<\/p>\n\n\n\n<p>Wi\u0119cej informacji na temat tre\u015bci spotka\u0144 mo\u017cesz znale\u017a\u0107 <a href=\"https:\/\/geboortezorgsalland.nl\/video-langauage\/pools-polski\/\">tutaj<\/a>.<\/p>\n","protected":false},"excerpt":{"rendered":"<p>Jeste\u015b w&nbsp;ci\u0105\u017cy? Wielkimi krokami zbli\u017ca si\u0119 pi\u0119kny, wyj\u0105tkowy i&nbsp;czasem ekscytuj\u0105cy czas. Geboortezorg Salland oraz gminy Deventer, Olst-Wijhe i&nbsp;Raalte organizuj\u0105 szereg spotka\u0144 dla&#8230;<\/p>\n","protected":false},"author":1,"featured_media":4114,"parent":0,"menu_order":0,"comment_status":"closed","ping_status":"closed","template":"","meta":{"_acf_changed":false,"editor_notices":[],"footnotes":""},"class_list":["post-119","page","type-page","status-publish","has-post-thumbnail","hentry"],"acf":[],"_links":{"self":[{"href":"https:\/\/geboortezorgsalland.nl\/pt\/wp-json\/wp\/v2\/pages\/119","targetHints":{"allow":["GET"]}}],"collection":[{"href":"https:\/\/geboortezorgsalland.nl\/pt\/wp-json\/wp\/v2\/pages"}],"about":[{"href":"https:\/\/geboortezorgsalland.nl\/pt\/wp-json\/wp\/v2\/types\/page"}],"author":[{"embeddable":true,"href":"https:\/\/geboortezorgsalland.nl\/pt\/wp-json\/wp\/v2\/users\/1"}],"replies":[{"embeddable":true,"href":"https:\/\/geboortezorgsalland.nl\/pt\/wp-json\/wp\/v2\/comments?post=119"}],"version-history":[{"count":0,"href":"https:\/\/geboortezorgsalland.nl\/pt\/wp-json\/wp\/v2\/pages\/119\/revisions"}],"wp:featuredmedia":[{"embeddable":true,"href":"https:\/\/geboortezorgsalland.nl\/pt\/wp-json\/wp\/v2\/media\/4114"}],"wp:attachment":[{"href":"https:\/\/geboortezorgsalland.nl\/pt\/wp-json\/wp\/v2\/media?parent=119"}],"curies":[{"name":"wp","href":"https:\/\/api.w.org\/{rel}","templated":true}]}}