{"id":129,"date":"2019-11-21T16:32:35","date_gmt":"2019-11-21T15:32:35","guid":{"rendered":"https:\/\/geboortezorgsalland.nl\/?page_id=129"},"modified":"2024-09-02T12:31:25","modified_gmt":"2024-09-02T10:31:25","slug":"historia","status":"publish","type":"page","link":"https:\/\/geboortezorgsalland.nl\/pt\/o-nas\/historia\/","title":{"rendered":"Historia"},"content":{"rendered":"\n<p>W&nbsp;1975&nbsp;r. powsta\u0142o Verloskundige Werkgroep Deventer [Po\u0142o\u017cnicza Grupa Robocza Deventer], czyli stowarzyszenie zrzeszaj\u0105ce po\u0142o\u017cne, lekarzy rodzinnych, ginekolog\u00f3w i&nbsp;specjalist\u00f3w ds. opieki nad niemowl\u0119tami. Ju\u017c wtedy ich celem i&nbsp;filozofi\u0105 by\u0142o zidentyfikowanie przypadk\u00f3w wysokiego ryzyka w&nbsp;ci\u0105\u017cy i&nbsp;dostosowanie polityki do poszczeg\u00f3lnych ci\u0119\u017carnych, tak aby zapewni\u0107 im jak najlepsz\u0105 opiek\u0119.<\/p>\n\n\n\n<p>W&nbsp;2010&nbsp;r. opublikowano raport \u201eEen goed begin\u201d [\u201eDobry pocz\u0105tek\u201d] przygotowany przez Stuurgroep Zwangerschap en Geboorte, z&nbsp;zaleceniami dotycz\u0105cymi poprawy opieki w&nbsp;okresie ci\u0105\u017cy i&nbsp;porodu, w&nbsp;celu zapewnienia bezpiecze\u0144stwa opieki i, tam gdzie to mo\u017cliwe, zmniejszenia \u015bmiertelno\u015bci noworodk\u00f3w w&nbsp;okresie oko\u0142oporodowym.<\/p>\n\n\n\n<p><strong>Niniejszy raport porusza siedem g\u0142\u00f3wnych kwestii:<\/strong><\/p>\n\n\n\n<ul class=\"wp-block-list\">\n<li>Priorytetowa rola matki i\u00a0dziecka<\/li>\n\n\n\n<li>Zdrowe starzenie si\u0119 zaczyna si\u0119 w\u00a0\u0142onie matki<\/li>\n\n\n\n<li>Dobrze poinformowane kobiety w\u00a0ci\u0105\u017cy, dzi\u0119ki jasnym i\u00a0klarownym informacjom<\/li>\n\n\n\n<li>Specjali\u015bci s\u0105 wsp\u00f3lnie odpowiedzialni za opiek\u0119 (wsp\u00f3\u0142praca)<\/li>\n\n\n\n<li>Szczeg\u00f3lna i\u00a0intensywna opieka nad kobietami znajduj\u0105cymi si\u0119 w\u00a0trudnej sytuacji<\/li>\n\n\n\n<li>Nie pozostawiamy rodz\u0105cej kobiety samej<\/li>\n\n\n\n<li>Ca\u0142odobowa dost\u0119pno\u015b\u0107 specjalist\u00f3w zapewniaj\u0105cych niezb\u0119dn\u0105 opiek\u0119.<\/li>\n<\/ul>\n\n\n\n<p>W&nbsp;2012&nbsp;roku we wsp\u00f3\u0142pracy w&nbsp;regionie powsta\u0142o Centrum Geboortezorg Salland.<br>Wszyscy partnerzy w&nbsp;sieci opieki oko\u0142oporodowej w&nbsp;regionie Deventer chc\u0105 zapewni\u0107 mo\u017cliwie najlepsz\u0105 opiek\u0119 (przysz\u0142ej) matce, jej partnerowi i&nbsp;dziecku. Oferujemy wysokiej jako\u015bci opiek\u0119, kt\u00f3ra jest sp\u00f3jna i&nbsp;kompleksowa. Jest ona dostosowana do potrzeb kobiety i&nbsp;dziecka, terminowa i&nbsp;tak d\u0142ugo, jak to mo\u017cliwe prowadzona przez po\u0142o\u017cn\u0105. W&nbsp;razie potrzeby opiek\u0119 przejmuje te\u017c ginekolog.<\/p>\n\n\n\n<p><strong>Doprowadzi\u0142o to do powstania nast\u0119puj\u0105cych cel\u00f3w:<\/strong><\/p>\n\n\n\n<ul class=\"wp-block-list\">\n<li>Kobieta w\u00a0ci\u0105\u017cy jest w\u00a0centrum naszej uwagi<\/li>\n\n\n\n<li>Ocena ryzyka jest przeprowadzana wsp\u00f3lnie przez po\u0142o\u017cnych i\u00a0ginekolog\u00f3w (wsp\u00f3lne przyj\u0119cie)<\/li>\n\n\n\n<li>\u015acie\u017cka opieki nad zdrow\u0105 kobiet\u0105 w\u00a0ci\u0105\u017cy i\u00a0szczeg\u00f3\u0142owe procedury opieki dodatkowej s\u0105 stale rozwijane i\u00a0aktualizowane.<\/li>\n\n\n\n<li>Wsp\u00f3lne rozwi\u0105zania w\u00a0zakresie wczesnego wykrywania chor\u00f3b i\u00a0przeprowadzania wizyt domowych w\u00a0czasie ci\u0105\u017cy<\/li>\n\n\n\n<li>Jednolite informacje w\u00a0regionie<\/li>\n\n\n\n<li>Optymalizacja wymiany informacji mi\u0119dzy po\u0142o\u017cnikami i\u00a0ginekologami<\/li>\n\n\n\n<li>Wsp\u00f3lne sporz\u0105dzanie i\u00a0aktualizowanie uzgodnie\u0144 i\u00a0protoko\u0142\u00f3w roboczych<\/li>\n\n\n\n<li>Rozwi\u0105zanie problem\u00f3w z\u00a0przepustowo\u015bci\u0105 w\u00a0szpitalu Deventer<\/li>\n\n\n\n<li>Wsp\u00f3lne szkolenia w\u00a0zakresie intensywnej opieki po\u0142o\u017cniczej<\/li>\n\n\n\n<li>D\u0105\u017cenie do zintegrowanej opieki w\u00a0regionie. Powstanie Integrale Geboortezorg Organisatie Salland [Integralnej Organizacji Opieki Oko\u0142oporodowej Salland] w\u00a02019\u00a0roku.<\/li>\n<\/ul>\n\n\n\n<p><\/p>\n","protected":false},"excerpt":{"rendered":"<p>W&nbsp;1975&nbsp;r. powsta\u0142o Verloskundige Werkgroep Deventer [Po\u0142o\u017cnicza Grupa Robocza Deventer], czyli stowarzyszenie zrzeszaj\u0105ce po\u0142o\u017cne, lekarzy rodzinnych, ginekolog\u00f3w i&nbsp;specjalist\u00f3w ds. opieki nad niemowl\u0119tami. Ju\u017c&#8230;<\/p>\n","protected":false},"author":1,"featured_media":4088,"parent":99,"menu_order":0,"comment_status":"closed","ping_status":"closed","template":"","meta":{"_acf_changed":false,"editor_notices":[],"footnotes":""},"class_list":["post-129","page","type-page","status-publish","has-post-thumbnail","hentry"],"acf":[],"_links":{"self":[{"href":"https:\/\/geboortezorgsalland.nl\/pt\/wp-json\/wp\/v2\/pages\/129","targetHints":{"allow":["GET"]}}],"collection":[{"href":"https:\/\/geboortezorgsalland.nl\/pt\/wp-json\/wp\/v2\/pages"}],"about":[{"href":"https:\/\/geboortezorgsalland.nl\/pt\/wp-json\/wp\/v2\/types\/page"}],"author":[{"embeddable":true,"href":"https:\/\/geboortezorgsalland.nl\/pt\/wp-json\/wp\/v2\/users\/1"}],"replies":[{"embeddable":true,"href":"https:\/\/geboortezorgsalland.nl\/pt\/wp-json\/wp\/v2\/comments?post=129"}],"version-history":[{"count":0,"href":"https:\/\/geboortezorgsalland.nl\/pt\/wp-json\/wp\/v2\/pages\/129\/revisions"}],"up":[{"embeddable":true,"href":"https:\/\/geboortezorgsalland.nl\/pt\/wp-json\/wp\/v2\/pages\/99"}],"wp:featuredmedia":[{"embeddable":true,"href":"https:\/\/geboortezorgsalland.nl\/pt\/wp-json\/wp\/v2\/media\/4088"}],"wp:attachment":[{"href":"https:\/\/geboortezorgsalland.nl\/pt\/wp-json\/wp\/v2\/media?parent=129"}],"curies":[{"name":"wp","href":"https:\/\/api.w.org\/{rel}","templated":true}]}}