{"id":2223,"date":"2020-04-30T12:14:50","date_gmt":"2020-04-30T10:14:50","guid":{"rendered":"https:\/\/geboortezorgsalland.nl\/?page_id=2223"},"modified":"2024-09-02T12:13:23","modified_gmt":"2024-09-02T10:13:23","slug":"polog-2","status":"publish","type":"page","link":"https:\/\/geboortezorgsalland.nl\/pt\/polog-2\/","title":{"rendered":"Po\u0142\u00f3g i\u00a0karmienie"},"content":{"rendered":"\n<p>Wkr\u00f3tce Twoje dziecko b\u0119dzie mia\u0142o du\u017cy wp\u0142yw na Twoje codzienne \u017cycie. Na szcz\u0119\u015bcie w\u00a0pierwszych dniach po porodzie pomo\u017ce Ci opiekunka po\u0142o\u017cnicza. O tym, w\u00a0jaki spos\u00f3b pomo\u017ce Ci ona w\u00a0tym okresie, dowiesz si\u0119 podczas tego spotkania. Porozmawiamy r\u00f3wnie\u017c o\u00a0karmieniu dziecka. Opowiemy Ci o\u00a0karmieniu piersi\u0105 i\u00a0butelk\u0105, aby\u015b mog\u0142a podj\u0105\u0107 w\u0142a\u015bciw\u0105 decyzj\u0119.<\/p>\n\n\n\n<figure class=\"wp-block-embed is-type-video is-provider-youtube wp-block-embed-youtube wp-embed-aspect-4-3 wp-has-aspect-ratio\"><div class=\"wp-block-embed__wrapper\">\n<iframe title=\"Voeding en Kraamzorg\" width=\"500\" height=\"375\" src=\"https:\/\/www.youtube.com\/embed\/-XYtIsvfEYQ?feature=oembed\" frameborder=\"0\" allow=\"accelerometer; autoplay; clipboard-write; encrypted-media; gyroscope; picture-in-picture; web-share\" referrerpolicy=\"strict-origin-when-cross-origin\" allowfullscreen><\/iframe>\n<\/div><\/figure>\n","protected":false},"excerpt":{"rendered":"<p>Wkr\u00f3tce Twoje dziecko b\u0119dzie mia\u0142o du\u017cy wp\u0142yw na Twoje codzienne \u017cycie. Na szcz\u0119\u015bcie w\u00a0pierwszych dniach po porodzie pomo\u017ce Ci opiekunka po\u0142o\u017cnicza. O&#8230;<\/p>\n","protected":false},"author":6,"featured_media":2229,"parent":0,"menu_order":0,"comment_status":"closed","ping_status":"closed","template":"","meta":{"_acf_changed":false,"editor_notices":[],"footnotes":""},"class_list":["post-2223","page","type-page","status-publish","has-post-thumbnail","hentry"],"acf":[],"_links":{"self":[{"href":"https:\/\/geboortezorgsalland.nl\/pt\/wp-json\/wp\/v2\/pages\/2223","targetHints":{"allow":["GET"]}}],"collection":[{"href":"https:\/\/geboortezorgsalland.nl\/pt\/wp-json\/wp\/v2\/pages"}],"about":[{"href":"https:\/\/geboortezorgsalland.nl\/pt\/wp-json\/wp\/v2\/types\/page"}],"author":[{"embeddable":true,"href":"https:\/\/geboortezorgsalland.nl\/pt\/wp-json\/wp\/v2\/users\/6"}],"replies":[{"embeddable":true,"href":"https:\/\/geboortezorgsalland.nl\/pt\/wp-json\/wp\/v2\/comments?post=2223"}],"version-history":[{"count":0,"href":"https:\/\/geboortezorgsalland.nl\/pt\/wp-json\/wp\/v2\/pages\/2223\/revisions"}],"wp:featuredmedia":[{"embeddable":true,"href":"https:\/\/geboortezorgsalland.nl\/pt\/wp-json\/wp\/v2\/media\/2229"}],"wp:attachment":[{"href":"https:\/\/geboortezorgsalland.nl\/pt\/wp-json\/wp\/v2\/media?parent=2223"}],"curies":[{"name":"wp","href":"https:\/\/api.w.org\/{rel}","templated":true}]}}