{"id":304,"date":"2020-01-17T12:46:37","date_gmt":"2020-01-17T11:46:37","guid":{"rendered":"https:\/\/geboortezorgsalland.nl\/?page_id=304"},"modified":"2024-09-05T19:06:44","modified_gmt":"2024-09-05T17:06:44","slug":"ciaza","status":"publish","type":"page","link":"https:\/\/geboortezorgsalland.nl\/pt\/nasze-centrum\/ciaza\/","title":{"rendered":"Ci\u0105\u017ca"},"content":{"rendered":"\n<h4 class=\"wp-block-heading\"><strong>Zdrowa ci\u0105\u017ca<\/strong><\/h4>\n\n\n\n<p>Ju\u017c przed staraniami o\u00a0zaj\u015bcie w\u00a0ci\u0105\u017c\u0119 mo\u017cesz zadba\u0107 o\u00a0zdrowy start dla swojego dziecka.\u00a0Zdrowy tryb \u017cycia zwi\u0119ksza szanse na zdrow\u0105 ci\u0105\u017c\u0119. Jest to doskona\u0142a podwalina dla przysz\u0142o\u015bci Twojego dziecka. Dowiedz si\u0119 wi\u0119cej na stronie o\u00a0<a href=\"https:\/\/geboortezorgsalland.nl\/pt\/nasze-centrum\/pragnienie-posiadania-dziecka\/\">pragnieniu posiadania dzieci<\/a>.<\/p>\n\n\n\n<p>Pierwsze 12&nbsp;tygodni s\u0105 bardzo wa\u017cne. Zap\u0142odniona kom\u00f3rka jajowa rozwija si\u0119 w&nbsp;prawdziwe dziecko. Na tej <a href=\"https:\/\/deverloskundige.nl\/zwangerschap\/zwangerschaps-kalender\" target=\"_blank\" rel=\"noreferrer noopener\">stronie<\/a> mo\u017cesz sprawdzi\u0107, jak rozwija si\u0119 dziecko w&nbsp;tym okresie. Tak wi\u0119c, nawet je\u015bli na razie nic nie czujesz i&nbsp;niewiele widzisz, zdrowy tryb \u017cycia jest niezwykle wa\u017cny.<\/p>\n\n\n\n<p>W&nbsp;ulotkach znajdziesz og\u00f3lne informacje na temat zdrowia podczas ci\u0105\u017cy, sposob\u00f3w unikania infekcji i&nbsp;zagro\u017ce\u0144 w&nbsp;pracy, a&nbsp;tak\u017ce znaczenia ci\u0105\u017cy wolnej od palenia, alkoholu i&nbsp;narkotyk\u00f3w.<\/p>\n\n\n\n<p>Je\u015bli jeste\u015b w&nbsp;ci\u0105\u017cy, mo\u017cesz samodzielnie wybra\u0107 gabinet po\u0142o\u017cnej, kt\u00f3ry Ci odpowiada. Zapisz si\u0119 tam na wizyt\u0119 i&nbsp;skorzystaj z&nbsp;opieki po\u0142o\u017cniczej.&nbsp; Nawet je\u015bli wiesz, \u017ce Twoja ci\u0105\u017ca b\u0119dzie prowadzona przez ginekologa, najpierw zg\u0142o\u015b si\u0119 na wizyt\u0119 do po\u0142o\u017cnej. Po\u0142o\u017cna uruchomi w\u00f3wczas opiek\u0119 ginekologa.<\/p>\n\n\n\n<p><strong>Przyj\u0119cie<\/strong><\/p>\n\n\n\n<p>Oko\u0142o 8.&nbsp;tygodnia ci\u0105\u017cy b\u0119dziesz mia\u0142a pierwsze spotkanie z&nbsp;po\u0142o\u017cn\u0105. Om\u00f3wimy w\u00f3wczas kwestionariusz dotycz\u0105cy Twojej historii medycznej i&nbsp;chor\u00f3b (dziedzicznych) w&nbsp;rodzinie. W&nbsp;razie potrzeby po\u0142o\u017cna zbierze dodatkowe informacje na temat Twojego stanu zdrowia i&nbsp;wsp\u00f3lnie opracujecie plan post\u0119powania w&nbsp;trakcie ci\u0105\u017cy. Przeprowadzone zostan\u0105 r\u00f3wnie\u017c niekt\u00f3re badania, takie jak badania krwi i&nbsp;USG.<\/p>\n\n\n\n<p>Podczas przyj\u0119cia mo\u017cna om\u00f3wi\u0107 tak\u017ce prenatalne badania przesiewowe w&nbsp;kierunku zespo\u0142u Downa-Edwardsa i&nbsp;Pataua oraz badanie USG w&nbsp;20.&nbsp;tygodniu ci\u0105\u017cy. Je\u015bli chcesz uzyska\u0107 wi\u0119cej informacji na ten temat, um\u00f3wimy si\u0119 na wizyt\u0119.&nbsp; Wi\u0119cej informacji znajdziesz na stronie <a href=\"https:\/\/www.onderzoekvanmijnongeborenkind.nl\/\" target=\"_blank\" rel=\"noreferrer noopener\">onderzoekvanmijnongeborenkind.nl<\/a> lub w&nbsp;ulotkach dotycz\u0105cych bada\u0144 przesiewowych.<\/p>\n\n\n\n<p><strong>Plan post\u0119powania w&nbsp;ci\u0105\u017cy<\/strong><\/p>\n\n\n\n<p>Plan post\u0119powania w&nbsp;ci\u0105\u017cy to harmonogram wizyt kontrolnych, bada\u0144 i&nbsp;udzielania informacji w&nbsp;czasie ci\u0105\u017cy. Dla ka\u017cdej ci\u0105\u017cy istnieje podstawowy Plan post\u0119powania w&nbsp;ci\u0105\u017cy. Taki podstawowy Plan post\u0119powania w&nbsp;ci\u0105\u017cy mo\u017ce zosta\u0107 rozszerzony o&nbsp;dodatkowe badania krwi lub USG, w&nbsp;zale\u017cno\u015bci od stanu zdrowia pacjentki, jej partnera i&nbsp;rodziny oraz poprzednich ci\u0105\u017c. Tw\u00f3j indywidualny Plan post\u0119powania w&nbsp;ci\u0105\u017cy zostanie opracowany podczas konsultacji z&nbsp;po\u0142o\u017cn\u0105 i&nbsp;ginekologiem.<\/p>\n\n\n\n<p>Po\u0142o\u017cna om\u00f3wi z&nbsp;Tob\u0105 Tw\u00f3j indywidualny Plan post\u0119powania w&nbsp;ci\u0105\u017cy ju\u017c podczas drugiej wizyty kontrolnej. Dowiesz si\u0119, czy Twoja ci\u0105\u017ca nadal mo\u017ce by\u0107 prowadzona przez po\u0142o\u017cn\u0105, czy te\u017c musisz zosta\u0107 obj\u0119ta opiek\u0105 ginekologa. Mo\u017cesz r\u00f3wnie\u017c skorzysta\u0107 ze wsp\u00f3lnej opieki, tj. wizyt kontrolnych zar\u00f3wno u&nbsp;po\u0142o\u017cnej, jak i&nbsp;u&nbsp;ginekologa.<\/p>\n\n\n\n<p><strong>Podczas ci\u0105\u017cy<\/strong><\/p>\n\n\n\n<p>W&nbsp;trakcie trwania ci\u0105\u017cy b\u0119dziesz regularnie badana przez po\u0142o\u017cn\u0105 lub ginekologa. Podczas tych wizyt kontrolnych om\u00f3wimy Twoje samopoczucie, zmierzymy ci\u015bnienie krwi, b\u0119dziemy monitorowa\u0107 rozw\u00f3j dziecka i&nbsp;s\u0142ucha\u0107 bicia jego serca. Je\u015bli zajdzie taka potrzeba, powt\u00f3rzymy badania krwi.<\/p>\n\n\n\n<p>Aby uzyska\u0107 wi\u0119cej informacji, zapoznaj si\u0119 z&nbsp;ulotkami lub stronami internetowymi, kt\u00f3re s\u0105 przydatne podczas ci\u0105\u017cy: na przyk\u0142ad na temat USG w&nbsp;20.&nbsp;tygodniu ci\u0105\u017cy, informacji na temat grupy krwi RH podczas ci\u0105\u017cy, odczuwania aktywno\u015bci p\u0142odu, szczepienia przeciwko krztu\u015bcowi itp.<\/p>\n\n\n\n<p>Zarejestruj si\u0119 r\u00f3wnie\u017c w&nbsp;przychodni po\u0142o\u017cniczej. Podczas porodu asystentka po\u0142o\u017cnicza pomo\u017ce po\u0142o\u017cnej, a&nbsp;po porodzie b\u0119dzie pomaga\u0107 Ci w&nbsp;domu.<\/p>\n\n\n\n<p><strong>Od 30.&nbsp;tygodnia<\/strong><\/p>\n\n\n\n<p>W&nbsp;tym okresie brzuch ro\u015bnie szybko, a&nbsp;dziecko przybiera na wadze. Por\u00f3d zbli\u017ca si\u0119 coraz wi\u0119kszymi krokami. Wizyty kontrolne s\u0105 coraz cz\u0119stsze. Otrzymasz informacje na temat porodu i&nbsp;planu porodu.<\/p>\n\n\n\n<p>Na tym etapie przychodnia po\u0142o\u017cnicza skontaktuje si\u0119 z&nbsp;Tob\u0105 w&nbsp;celu przeprowadzenia rozmowy wst\u0119pnej lub wizyty domowej.<\/p>\n\n\n\n<p>W&nbsp;35-36.&nbsp;tygodniu wykonuje si\u0119 badanie USG. Czasami okazuje si\u0119, \u017ce g\u0142\u00f3wka dziecka nie jest skierowana ku do\u0142owi, co nazywane jest u\u0142o\u017ceniem miednicowym. Zostaniesz wtedy um\u00f3wiona na dodatkow\u0105 wizyt\u0119, aby om\u00f3wi\u0107 mo\u017cliwe rozwi\u0105zania (np. badanie zewn\u0119trzne). Zdecydowa\u0142a\u015b si\u0119 nie przeprowadza\u0107 badania, albo by\u0142o ono nieskuteczne? Po\u0142o\u017cna skieruje Ci\u0119 do ginekologa w&nbsp;celu dalszego post\u0119powania.<\/p>\n\n\n\n<p>Od 37. do 42.&nbsp;tygodnia dziecko mo\u017ce przyj\u015b\u0107 na \u015bwiat w&nbsp;terminie. Upewnij si\u0119, \u017ce wszystko jest gotowe przed 37.&nbsp;tygodniem, a&nbsp;Twoja torba ci\u0105\u017cowa jest gotowa w&nbsp;domu. Po\u0142o\u017cna lub ginekolog udziel\u0105 Ci instrukcji wzywania ich podczas porodu.<\/p>\n\n\n\n<h4 class=\"wp-block-heading\"><\/h4>\n\n\n\n<p><br><br><strong>Dowiedz si\u0119 wi\u0119cej na tych stronach:<\/strong><br><\/p>\n\n\n\n<p><a href=\"https:\/\/www.deverloskundige.nl\/\" target=\"_blank\" rel=\"noreferrer noopener\">Deverloskundige.nl?<\/a>?|?<a href=\"https:\/\/www.degynaecoloog.nl\/\" target=\"_blank\" rel=\"noreferrer noopener\">Obja\u015bnienia NVOG<\/a> ?| <a href=\"https:\/\/www.zanzu.nl\/nl\/home\" target=\"_blank\" rel=\"noreferrer noopener\">Zanzu.nl w&nbsp;wielu j\u0119zykach<\/a><\/p>\n\n\n\n<p><a aria-label=\" (opent in een nieuwe tab)\" href=\"https:\/\/www.rivm.nl\/zwangerschap-en-infectieziekten\/informatiemateriaal\" target=\"_blank\" rel=\"noreferrer noopener\">Ci\u0105\u017ca_i_choroby_zaka\u017ane<\/a>&nbsp;|&nbsp;<a href=\"https:\/\/www.voedingscentrum.nl\/nl\/zwanger-en-kind\/zwanger.aspx\" target=\"_blank\" rel=\"noreferrer noopener\">Centrum \u017cywienia<\/a> | <a href=\"https:\/\/www.onderzoekvanmijnongeborenkind.nl\/\">Badanie mojego<br>nienarodzonego dziecka<\/a> <a href=\"https:\/\/www.rijksoverheid.nl\/onderwerpen\/erkenning-kind\/hoe-u-een-kind-kunt-erkennen\" target=\"_blank\" rel=\"noreferrer noopener\">W-jaki-spos\u00f3b-mog\u0119-uzna\u0107-dziecko<\/a>&nbsp;| <a aria-label=\" (opent in een nieuwe tab)\" href=\"https:\/\/www.deventer.nl\/loketten\/digitaal-loket\/kind-erkennen\" target=\"_blank\" rel=\"noreferrer noopener\">Gmina Deventer &amp; uznawanie-dziecka<\/a>&nbsp;|&nbsp;&nbsp;&nbsp;<\/p>\n","protected":false},"excerpt":{"rendered":"<p>Zdrowa ci\u0105\u017ca Ju\u017c przed staraniami o\u00a0zaj\u015bcie w\u00a0ci\u0105\u017c\u0119 mo\u017cesz zadba\u0107 o\u00a0zdrowy start dla swojego dziecka.\u00a0Zdrowy tryb \u017cycia zwi\u0119ksza szanse na zdrow\u0105 ci\u0105\u017c\u0119. Jest&#8230;<\/p>\n","protected":false},"author":1,"featured_media":0,"parent":591,"menu_order":0,"comment_status":"closed","ping_status":"closed","template":"","meta":{"_acf_changed":false,"editor_notices":[],"footnotes":""},"class_list":["post-304","page","type-page","status-publish","hentry"],"acf":[],"_links":{"self":[{"href":"https:\/\/geboortezorgsalland.nl\/pt\/wp-json\/wp\/v2\/pages\/304","targetHints":{"allow":["GET"]}}],"collection":[{"href":"https:\/\/geboortezorgsalland.nl\/pt\/wp-json\/wp\/v2\/pages"}],"about":[{"href":"https:\/\/geboortezorgsalland.nl\/pt\/wp-json\/wp\/v2\/types\/page"}],"author":[{"embeddable":true,"href":"https:\/\/geboortezorgsalland.nl\/pt\/wp-json\/wp\/v2\/users\/1"}],"replies":[{"embeddable":true,"href":"https:\/\/geboortezorgsalland.nl\/pt\/wp-json\/wp\/v2\/comments?post=304"}],"version-history":[{"count":0,"href":"https:\/\/geboortezorgsalland.nl\/pt\/wp-json\/wp\/v2\/pages\/304\/revisions"}],"up":[{"embeddable":true,"href":"https:\/\/geboortezorgsalland.nl\/pt\/wp-json\/wp\/v2\/pages\/591"}],"wp:attachment":[{"href":"https:\/\/geboortezorgsalland.nl\/pt\/wp-json\/wp\/v2\/media?parent=304"}],"curies":[{"name":"wp","href":"https:\/\/api.w.org\/{rel}","templated":true}]}}