{"id":314,"date":"2020-01-19T20:23:51","date_gmt":"2020-01-19T19:23:51","guid":{"rendered":"https:\/\/geboortezorgsalland.nl\/?page_id=314"},"modified":"2024-09-02T12:20:24","modified_gmt":"2024-09-02T10:20:24","slug":"zyczenia-dotyczace-porodu","status":"publish","type":"page","link":"https:\/\/geboortezorgsalland.nl\/pt\/nasze-centrum\/zyczenia-dotyczace-porodu\/","title":{"rendered":"\u017byczenia dotycz\u0105ce porodu"},"content":{"rendered":"\n<p>\u017byczenia dotycz\u0105ce porodu to dokument, w\u00a0kt\u00f3rym mo\u017cesz zapisa\u0107 swoje konkretne \u017cyczenia i\u00a0oczekiwania dotycz\u0105ce porodu. Ka\u017cda kobieta w\u00a0ci\u0105\u017cy i\u00a0ka\u017cdy partner podchodz\u0105 do porodu w\u00a0inny spos\u00f3b. Zapisuj\u0105c swoje \u017cyczenia, marzenia, oczekiwania i\u00a0wszelkie obawy w\u00a0\u017byczeniach dotycz\u0105cych porodu i\u00a0omawiaj\u0105c je z\u00a0po\u0142o\u017cn\u0105 lub ginekologiem, lepiej si\u0119 zrozumiecie i\u00a0b\u0119dziecie mogli skuteczniej wsp\u00f3\u0142pracowa\u0107 podczas porodu.<\/p>\n\n\n\n<p>Dobre przygotowanie u\u0142atwia sam por\u00f3d. Mo\u017cesz si\u0119 przygotowa\u0107 na kilka sposob\u00f3w:<\/p>\n\n\n\n<ul class=\"wp-block-list\">\n<li>Czytanie ksi\u0105\u017cek<\/li>\n\n\n\n<li>Udzia\u0142 w\u00a0spotkaniach informacyjnych<\/li>\n\n\n\n<li>Udzia\u0142 w\u00a0kursie dla kobiet w\u00a0ci\u0105\u017cy<\/li>\n\n\n\n<li>Opracowanie planu porodu<\/li>\n\n\n\n<li>Rozmowa z\u00a0partnerem na temat porodu: przedyskutujcie, czego oczekujecie i\u00a0co jest wa\u017cne dla Was obojga.<\/li>\n<\/ul>\n\n\n\n<p>Po\u0142o\u017cna lub ginekolog (dalej zwany po\u0142o\u017cnikiem) postaraj\u0105 si\u0119 w&nbsp;jak najwi\u0119kszym stopniu uwzgl\u0119dni\u0107 Twoje \u017cyczenia dotycz\u0105ce porodu. Nikt nie jest w&nbsp;stanie przewidzie\u0107 przebiegu porodu; mo\u017ce on si\u0119 potoczy\u0107 inaczej, ni\u017c si\u0119 spodziewa\u0142a\u015b lub oczekiwa\u0142a\u015b. Jednak bezpiecze\u0144stwo Twoje i&nbsp;Twojego dziecka s\u0105 zawsze najwa\u017cniejsze, dlatego te\u017c Twoje \u017cyczenia porodowe czasami nie s\u0105 realizowane. Mo\u017cliwe jest r\u00f3wnie\u017c, \u017ce podczas samego porodu b\u0119dziesz chcia\u0142a czego\u015b innego ni\u017c to, o&nbsp;czym marzy\u0142a\u015b wcze\u015bniej.<\/p>\n\n\n\n<p><strong>Jak wype\u0142ni\u0107 \u017byczenia dotycz\u0105ce porodu<\/strong><\/p>\n\n\n\n<p>Najpierw zapoznaj si\u0119 z&nbsp;<a href=\"https:\/\/geboortezorgsalland.nl\/wp-content\/uploads\/2019\/12\/folder-bevallen-in-deventer-versie-2021.pdf\" target=\"_blank\" rel=\"noreferrer noopener\"><strong>informacjami<\/strong><\/a> na temat pomocy, jakiej mo\u017cesz oczekiwa\u0107 od po\u0142o\u017cnej i&nbsp;ginekologa, a&nbsp;nast\u0119pnie kliknij poni\u017cej, aby wype\u0142ni\u0107 formularz Twoich w\u0142asnych \u017bycze\u0144 dotycz\u0105cych porodu.<\/p>\n\n\n\n<div data-wp-interactive=\"core\/file\" class=\"wp-block-file\"><object data-wp-bind--hidden=\"!state.hasPdfPreview\" hidden class=\"wp-block-file__embed\" data=\"https:\/\/geboortezorgsalland.nl\/wp-content\/uploads\/2023\/02\/Geboortewens-Geboortezorg-Salland.pdf\" type=\"application\/pdf\" style=\"width:100%;height:600px\" aria-label=\"Osadzone z Pobierz \u017byczenia dotycz\u0105ce porodu.\"><\/object><a id=\"wp-block-file--media-349603bb-ebcc-4ebd-a027-411f4e3d095f\" href=\"https:\/\/geboortezorgsalland.nl\/wp-content\/uploads\/2023\/02\/Geboortewens-Geboortezorg-Salland.pdf\">Pobierz \u017byczenia dotycz\u0105ce porodu<\/a><\/div>\n\n\n\n<p><\/p>\n","protected":false},"excerpt":{"rendered":"<p>\u017byczenia dotycz\u0105ce porodu to dokument, w\u00a0kt\u00f3rym mo\u017cesz zapisa\u0107 swoje konkretne \u017cyczenia i\u00a0oczekiwania dotycz\u0105ce porodu. Ka\u017cda kobieta w\u00a0ci\u0105\u017cy i\u00a0ka\u017cdy partner podchodz\u0105 do porodu&#8230;<\/p>\n","protected":false},"author":6,"featured_media":0,"parent":591,"menu_order":0,"comment_status":"closed","ping_status":"closed","template":"","meta":{"_acf_changed":false,"editor_notices":[],"footnotes":""},"class_list":["post-314","page","type-page","status-publish","hentry"],"acf":[],"_links":{"self":[{"href":"https:\/\/geboortezorgsalland.nl\/pt\/wp-json\/wp\/v2\/pages\/314","targetHints":{"allow":["GET"]}}],"collection":[{"href":"https:\/\/geboortezorgsalland.nl\/pt\/wp-json\/wp\/v2\/pages"}],"about":[{"href":"https:\/\/geboortezorgsalland.nl\/pt\/wp-json\/wp\/v2\/types\/page"}],"author":[{"embeddable":true,"href":"https:\/\/geboortezorgsalland.nl\/pt\/wp-json\/wp\/v2\/users\/6"}],"replies":[{"embeddable":true,"href":"https:\/\/geboortezorgsalland.nl\/pt\/wp-json\/wp\/v2\/comments?post=314"}],"version-history":[{"count":0,"href":"https:\/\/geboortezorgsalland.nl\/pt\/wp-json\/wp\/v2\/pages\/314\/revisions"}],"up":[{"embeddable":true,"href":"https:\/\/geboortezorgsalland.nl\/pt\/wp-json\/wp\/v2\/pages\/591"}],"wp:attachment":[{"href":"https:\/\/geboortezorgsalland.nl\/pt\/wp-json\/wp\/v2\/media?parent=314"}],"curies":[{"name":"wp","href":"https:\/\/api.w.org\/{rel}","templated":true}]}}