{"id":317,"date":"2020-01-19T20:31:16","date_gmt":"2020-01-19T19:31:16","guid":{"rendered":"https:\/\/geboortezorgsalland.nl\/?page_id=317"},"modified":"2024-09-02T12:19:34","modified_gmt":"2024-09-02T10:19:34","slug":"gdzie-moge-rodzic","status":"publish","type":"page","link":"https:\/\/geboortezorgsalland.nl\/pt\/nasze-centrum\/porod\/gdzie-moge-rodzic\/","title":{"rendered":"Gdzie mog\u0119 rodzi\u0107?"},"content":{"rendered":"\n<p>Czasami to, gdzie urodzisz, zosta\u0142o ju\u017c ustalone wcze\u015bniej. Czasem mog\u0105 zaistnie\u0107 medyczne powody, dla kt\u00f3rych musisz rodzi\u0107 w&nbsp;szpitalu, ale je\u015bli ci\u0105\u017ca przebiega prawid\u0142owo, sama mo\u017cesz dokona\u0107 takiego wyboru.&nbsp;Jak wynika z&nbsp;bada\u0144, dla bezpiecze\u0144stwa matki i&nbsp;dziecka nie ma znaczenia, gdzie rodzisz. <em>To Ty decydujesz, co jest dla Ciebie najwygodniejsze!<\/em><br>Tw\u00f3j wyb\u00f3r nie jest jednak ostateczny. Nie wiesz, jak przebiegnie por\u00f3d i&nbsp;jak b\u0119dziesz si\u0119 czu\u0142a.<\/p>\n\n\n\n<p>Je\u015bli chcesz rodzi\u0107 ambulatoryjnie, ale w&nbsp;domu wszystko przebiega tak szybko, \u017ce nie masz ju\u017c czasu na podr\u00f3\u017c do szpitala, to oczywi\u015bcie nie ma problemu i&nbsp;b\u0119dziesz rodzi\u0107 w&nbsp;domu. Planowa\u0142a\u015b rodzi\u0107 w&nbsp;domu, ale wolisz uda\u0107 si\u0119 do szpitala podczas porodu? \u017baden problem!<\/p>\n\n\n\n<p><strong>Dowiedz si\u0119 wi\u0119cej o&nbsp;r\u00f3\u017cnych porodach poni\u017cej:<\/strong><\/p>\n\n\n\n<p><strong>Por\u00f3d w\u00a0domu<\/strong><\/p>\n\n\n\n<p>Holandia jest jednym z\u00a0niewielu kraj\u00f3w, w\u00a0kt\u00f3rych kobiety mog\u0105 rodzi\u0107 w\u00a0domu. Holenderskie po\u0142o\u017cne s\u0105 doskonale przeszkolone do nadzorowania porod\u00f3w domowych i\u00a0zapewnienia wst\u0119pnej opieki w\u00a0przypadku jakichkolwiek problem\u00f3w. Wsp\u00f3lnie z\u00a0piel\u0119gniark\u0105 po\u0142o\u017cnicz\u0105 poprowadz\u0105 Ci\u0119 przez Tw\u00f3j por\u00f3d.\u00a0Jak wynika z\u00a0bada\u0144, dla bezpiecze\u0144stwa matki i\u00a0dziecka nie ma znaczenia, gdzie rodzisz.<\/p>\n\n\n\n<p><strong>Zalety<\/strong><\/p>\n\n\n\n<ul class=\"wp-block-list\">\n<li>Prywatno\u015b\u0107 i\u00a0swobodna atmosfera. Znajdujesz si\u0119 we w\u0142asnym, dobrze znanym otoczeniu.<\/li>\n\n\n\n<li>Poczucie kontroli.<\/li>\n\n\n\n<li>Mniejsze ryzyko infekcji.<\/li>\n\n\n\n<li>Sama decydujesz, kto b\u0119dzie obecny podczas porodu.<\/li>\n\n\n\n<li>Brak konieczno\u015bci podr\u00f3\u017cy do domu po porodzie.<\/li>\n\n\n\n<li>Po porodzie mo\u017cesz po\u0142o\u017cy\u0107 si\u0119 pod w\u0142asnym prysznicem i\u00a0we w\u0142asnym \u0142\u00f3\u017cku.<\/li>\n\n\n\n<li>Por\u00f3d w\u00a0domu jest w\u00a0pe\u0142ni refundowany.<\/li>\n<\/ul>\n\n\n\n<p><strong>Wady<\/strong><\/p>\n\n\n\n<p>Mog\u0105 Ci\u0119 rozprasza\u0107 codzienne sprawy lub inne dzieci w&nbsp;domu.&nbsp;W przypadku komplikacji, w&nbsp;dalszym ci\u0105gu musisz uda\u0107 si\u0119 do szpitala.<br>Je\u015bli podczas porodu lub tu\u017c po nim pojawi\u0105 si\u0119 problemy, po\u0142o\u017cna skonsultuje si\u0119 z&nbsp;ginekologiem lub pediatr\u0105 i&nbsp;dopilnuje, aby\u015b jak najszybciej trafi\u0142a do szpitala. W przypadku porodu pierwszego dziecka prawdopodobie\u0144stwo takiego zdarzenia wynosi oko\u0142o 49%, a&nbsp;je\u015bli ju\u017c kto\u015b wcze\u015bniej rodzi\u0142a\u015b bez problem\u00f3w &#8211; 17%. Wi\u0119kszo\u015b\u0107 skierowa\u0144 do szpitala nie wymaga natychmiastowej interwencji, a&nbsp;pacjentka ma czas i&nbsp;mo\u017cliwo\u015bci, aby uda\u0107 si\u0119 do szpitala. Po\u0142o\u017cna decyduje, czy sytuacja w&nbsp;domu jest odpowiednia do porodu. Je\u015bli nie masz pewno\u015bci, czy warunki panuj\u0105ce w&nbsp;domu s\u0105 odpowiednie do porodu w&nbsp;domu, porozmawiaj o&nbsp;tym wcze\u015bniej z&nbsp;po\u0142o\u017cn\u0105.<\/p>\n\n\n\n<p><strong>Por\u00f3d w&nbsp;szpitalu (ambulatoryjny)<\/strong><\/p>\n\n\n\n<p>Je\u015bli rodzisz w&nbsp;szpitalu bez wskaza\u0144 medycznych, jest to por\u00f3d ambulatoryjny. Konkretnie oznacza to, \u017ce por\u00f3d rozpoczyna si\u0119 w&nbsp;domu. Po\u0142o\u017cna &#8211; w&nbsp;porozumieniu z&nbsp;Tob\u0105 &#8211; zdecyduje, kiedy mo\u017cesz uda\u0107 si\u0119 do szpitala. Zadzwoni do szpitala, aby poinformowa\u0107 o&nbsp;Twoim przyje\u017adzie. Podczas porodu w&nbsp;szpitalu towarzyszy\u0107 Ci b\u0119dzie Twoja po\u0142o\u017cna wraz z&nbsp;piel\u0119gniark\u0105 po\u0142o\u017cnicz\u0105 z&nbsp;wybranej przez Ciebie organizacji opieki oko\u0142oporodowej. Je\u015bli por\u00f3d przebiegnie bez komplikacji, Ty i&nbsp;dziecko wr\u00f3cicie do domu po oko\u0142o 2&nbsp;godzinach.<\/p>\n\n\n\n<p>Piel\u0119gniarka po\u0142o\u017cnicza b\u0119dzie Ci towarzyszy\u0107, aby zadba\u0107 o&nbsp;przygotowanie wszystkiego dla Ciebie i&nbsp;dziecka w&nbsp;Twoim domu. Tam mo\u017cesz te\u017c przyj\u0105\u0107 wizyt\u0119 po\u0142o\u017cnicz\u0105 po porodzie. Je\u015bli musisz zosta\u0107 w&nbsp;szpitalu na kolejn\u0105 noc, w&nbsp;wi\u0119kszo\u015bci przypadk\u00f3w mo\u017cliwy jest r\u00f3wnie\u017c nocleg Twojego partnera. Transport do i&nbsp;ze szpitala organizujesz we w\u0142asnym zakresie.<\/p>\n\n\n\n<p><strong>Zalety<\/strong><\/p>\n\n\n\n<ul class=\"wp-block-list\">\n<li>W\u00a0przypadku powik\u0142a\u0144 jeste\u015b ju\u017c w\u00a0szpitalu.<\/li>\n\n\n\n<li>Nie rozpraszaj\u0105 Ci\u0119 codzienne zmartwienia.<\/li>\n\n\n\n<li>Opr\u00f3cz po\u0142o\u017cnej w\u00a0szpitalu mog\u0105 towarzyszy\u0107 Ci jeszcze 2\u00a0osoby.<\/li>\n<\/ul>\n\n\n\n<p><strong>Wady<\/strong><\/p>\n\n\n\n<ul class=\"wp-block-list\">\n<li>Nieznane otoczenie.<\/li>\n\n\n\n<li>Skurcze w\u00a0samochodzie.<\/li>\n\n\n\n<li>Mniej prywatno\u015bci.<\/li>\n\n\n\n<li>Wi\u0119ksze ryzyko infekcji.<\/li>\n\n\n\n<li>Por\u00f3d (ambulatoryjny) w\u00a0szpitalu nie jest w\u00a0pe\u0142ni refundowany. \u201eWynajmujesz\u201d sal\u0119 porodow\u0105. Zapytaj swojego ubezpieczyciela zdrowotnego o\u00a0wysoko\u015b\u0107 koszt\u00f3w.<\/li>\n<\/ul>\n\n\n\n<figure class=\"wp-block-embed is-type-video is-provider-youtube wp-block-embed-youtube wp-embed-aspect-16-9 wp-has-aspect-ratio\"><div class=\"wp-block-embed__wrapper\">\n<iframe title=\"Bevallen in het Deventer Ziekenhuis - Geboortezorg Salland\" width=\"500\" height=\"281\" src=\"https:\/\/www.youtube.com\/embed\/di7RmMDrmxo?feature=oembed\" frameborder=\"0\" allow=\"accelerometer; autoplay; clipboard-write; encrypted-media; gyroscope; picture-in-picture; web-share\" referrerpolicy=\"strict-origin-when-cross-origin\" allowfullscreen><\/iframe>\n<\/div><\/figure>\n\n\n\n<h4 class=\"wp-block-heading\"><strong>Por\u00f3d w\u00a0szpitalu z\u00a0przyczyn medycznych<\/strong><\/h4>\n\n\n\n<p><\/p>\n\n\n\n<p>W&nbsp;niekt\u00f3rych przypadkach mo\u017ce zaistnie\u0107 medyczny pow\u00f3d do porodu w&nbsp;szpitalu pod nadzorem po\u0142o\u017cnej. Twoja po\u0142o\u017cna om\u00f3wi to z&nbsp;Tob\u0105.<\/p>\n\n\n\n<p>Jest to tzw. por\u00f3d ambulatoryjny z&nbsp;przyczyn medycznych, kt\u00f3rego koszty s\u0105 w&nbsp;pe\u0142ni refundowane.<\/p>\n\n\n\n<p>R\u00f3wnie\u017c w&nbsp;tym przypadku por\u00f3d rozpoczyna si\u0119 w&nbsp;domu, a&nbsp;nast\u0119pnie udajesz si\u0119 z&nbsp;po\u0142o\u017cn\u0105 do szpitala w&nbsp;celu odebrania porodu. W&nbsp;szpitalu b\u0119dzie Ci towarzyszy\u0107 po\u0142o\u017cna i&nbsp;piel\u0119gniarka ze szpitala. Je\u015bli wszystko p\u00f3jdzie dobrze i&nbsp;nie b\u0119d\u0105 ju\u017c potrzebne \u017cadne dodatkowe badania kontrolne, wr\u00f3cisz do domu. Tam pomo\u017ce Ci piel\u0119gniarka po\u0142o\u017cnicza.<\/p>\n\n\n\n<p><strong>Por\u00f3d w&nbsp;szpitalu pod kontrol\u0105 ginekologa<\/strong><\/p>\n\n\n\n<p>Je\u015bli jeste\u015b pod kontrol\u0105 ginekologa, b\u0119dziesz rodzi\u0107 w&nbsp;szpitalu ze wzgl\u0119d\u00f3w medycznych. Jest to tzw. por\u00f3d szpitalny. Ginekolog wyda Ci instrukcje dotycz\u0105ce tego, kiedy powinna\u015b si\u0119 zg\u0142osi\u0107 do szpitala, aby odebra\u0107 por\u00f3d.<\/p>\n\n\n\n<p>Lekarz asystent, po\u0142o\u017cna kliniczna lub ginekolog udziel\u0105 Ci wskaz\u00f3wek, kiedy powinna\u015b si\u0119 zg\u0142osi\u0107 po rozpocz\u0119ciu porodu.<\/p>\n\n\n\n<p>Koszty porodu szpitalnego s\u0105 zawsze refundowane.<\/p>\n\n\n\n<p><strong>Por\u00f3d przez cesarskie ci\u0119cie<\/strong><\/p>\n\n\n\n<p>Na stronie internetowej szpitala Deventer znajdziesz film o&nbsp;ci\u0119ciu cesarskim.<\/p>\n","protected":false},"excerpt":{"rendered":"<p>Czasami to, gdzie urodzisz, zosta\u0142o ju\u017c ustalone wcze\u015bniej. Czasem mog\u0105 zaistnie\u0107 medyczne powody, dla kt\u00f3rych musisz rodzi\u0107 w&nbsp;szpitalu, ale je\u015bli ci\u0105\u017ca przebiega&#8230;<\/p>\n","protected":false},"author":6,"featured_media":625,"parent":115,"menu_order":0,"comment_status":"closed","ping_status":"closed","template":"","meta":{"_acf_changed":false,"editor_notices":[],"footnotes":""},"class_list":["post-317","page","type-page","status-publish","has-post-thumbnail","hentry"],"acf":[],"_links":{"self":[{"href":"https:\/\/geboortezorgsalland.nl\/pt\/wp-json\/wp\/v2\/pages\/317","targetHints":{"allow":["GET"]}}],"collection":[{"href":"https:\/\/geboortezorgsalland.nl\/pt\/wp-json\/wp\/v2\/pages"}],"about":[{"href":"https:\/\/geboortezorgsalland.nl\/pt\/wp-json\/wp\/v2\/types\/page"}],"author":[{"embeddable":true,"href":"https:\/\/geboortezorgsalland.nl\/pt\/wp-json\/wp\/v2\/users\/6"}],"replies":[{"embeddable":true,"href":"https:\/\/geboortezorgsalland.nl\/pt\/wp-json\/wp\/v2\/comments?post=317"}],"version-history":[{"count":0,"href":"https:\/\/geboortezorgsalland.nl\/pt\/wp-json\/wp\/v2\/pages\/317\/revisions"}],"up":[{"embeddable":true,"href":"https:\/\/geboortezorgsalland.nl\/pt\/wp-json\/wp\/v2\/pages\/115"}],"wp:featuredmedia":[{"embeddable":true,"href":"https:\/\/geboortezorgsalland.nl\/pt\/wp-json\/wp\/v2\/media\/625"}],"wp:attachment":[{"href":"https:\/\/geboortezorgsalland.nl\/pt\/wp-json\/wp\/v2\/media?parent=317"}],"curies":[{"name":"wp","href":"https:\/\/api.w.org\/{rel}","templated":true}]}}