{"id":319,"date":"2020-01-19T20:33:49","date_gmt":"2020-01-19T19:33:49","guid":{"rendered":"https:\/\/geboortezorgsalland.nl\/?page_id=319"},"modified":"2024-09-02T13:30:59","modified_gmt":"2024-09-02T11:30:59","slug":"co-przygotowac","status":"publish","type":"page","link":"https:\/\/geboortezorgsalland.nl\/pt\/co-przygotowac\/","title":{"rendered":"Co przygotowa\u0107?"},"content":{"rendered":"\n<div class=\"wp-block-group\"><div class=\"wp-block-group__inner-container is-layout-flow wp-block-group-is-layout-flow\">\n<ul class=\"wp-block-list\">\n<li>Upewnij si\u0119, \u017ce masz w\u00a0domu swoj\u0105 torb\u0119 ci\u0105\u017cow\u0105 i\u00a0przygotuj podwy\u017cszone \u0142\u00f3\u017cko oraz nocnik.<\/li>\n\n\n\n<li>Przygotuj torb\u0119 dla siebie i\u00a0dziecka. Pami\u0119taj tak\u017ce o\u00a0przyborach toaletowych, aparacie fotograficznym, (\u0142adowarce) do telefonu. W\u0142\u00f3\u017c do torby kopi\u0119 planu porodu i\u00a0kart\u0119 ci\u0105\u017cy.<\/li>\n\n\n\n<li>Fotelik samochodowy na podr\u00f3\u017c do domu: dziecko powinno podr\u00f3\u017cowa\u0107 w\u00a0foteliku, a\u00a0nie na ramieniu w\u00a0samochodzie.<\/li>\n\n\n\n<li>Transport do i\u00a0ze szpitala organizujesz we w\u0142asnym zakresie.<\/li>\n\n\n\n<li>Po\u0142o\u017cna mo\u017ce wezwa\u0107 karetk\u0119 wy\u0142\u0105cznie w\u00a0nag\u0142ych przypadkach.<br>Je\u015bli nie masz samochodu, popro\u015b rodzin\u0119 i\u00a0znajomych lub wezwij taks\u00f3wk\u0119.<\/li>\n\n\n\n<li>Zorganizuj opiekunk\u0119 dla starszych dzieci. Zw\u0142aszcza je\u015bli nagle musisz jecha\u0107 do szpitala, dobrze jest mie\u0107 kogo\u015b, po kogo mo\u017cesz szybko zadzwoni\u0107<\/li>\n\n\n\n<li>Rozwa\u017c r\u00f3wnie\u017c mo\u017cliwo\u015b\u0107 wynaj\u0119cia opiekunki dla swoich zwierz\u0105t<\/li>\n<\/ul>\n<\/div><\/div>\n","protected":false},"excerpt":{"rendered":"","protected":false},"author":6,"featured_media":550,"parent":0,"menu_order":0,"comment_status":"closed","ping_status":"closed","template":"","meta":{"_acf_changed":false,"editor_notices":[],"footnotes":""},"class_list":["post-319","page","type-page","status-publish","has-post-thumbnail","hentry"],"acf":[],"_links":{"self":[{"href":"https:\/\/geboortezorgsalland.nl\/pt\/wp-json\/wp\/v2\/pages\/319","targetHints":{"allow":["GET"]}}],"collection":[{"href":"https:\/\/geboortezorgsalland.nl\/pt\/wp-json\/wp\/v2\/pages"}],"about":[{"href":"https:\/\/geboortezorgsalland.nl\/pt\/wp-json\/wp\/v2\/types\/page"}],"author":[{"embeddable":true,"href":"https:\/\/geboortezorgsalland.nl\/pt\/wp-json\/wp\/v2\/users\/6"}],"replies":[{"embeddable":true,"href":"https:\/\/geboortezorgsalland.nl\/pt\/wp-json\/wp\/v2\/comments?post=319"}],"version-history":[{"count":0,"href":"https:\/\/geboortezorgsalland.nl\/pt\/wp-json\/wp\/v2\/pages\/319\/revisions"}],"wp:featuredmedia":[{"embeddable":true,"href":"https:\/\/geboortezorgsalland.nl\/pt\/wp-json\/wp\/v2\/media\/550"}],"wp:attachment":[{"href":"https:\/\/geboortezorgsalland.nl\/pt\/wp-json\/wp\/v2\/media?parent=319"}],"curies":[{"name":"wp","href":"https:\/\/api.w.org\/{rel}","templated":true}]}}