{"id":3289,"date":"2021-10-06T13:37:57","date_gmt":"2021-10-06T11:37:57","guid":{"rendered":"https:\/\/geboortezorgsalland.nl\/?page_id=3289"},"modified":"2024-09-02T12:32:52","modified_gmt":"2024-09-02T10:32:52","slug":"wizja","status":"publish","type":"page","link":"https:\/\/geboortezorgsalland.nl\/pt\/o-nas\/wizja\/","title":{"rendered":"Wsp\u00f3lnie troszczymy si\u0119 o\u00a0Ciebie"},"content":{"rendered":"\n<p>W&nbsp;Centrum Geboortezorg Salland kierujemy si\u0119 wsp\u00f3ln\u0105 wizj\u0105. We wszystkim, co robimy, co ulepszamy lub w&nbsp;jaki spos\u00f3b rozszerzamy nasz\u0105 opiek\u0119, zwracamy uwag\u0119 na zgodno\u015b\u0107 z&nbsp;nasz\u0105 wizj\u0105. W&nbsp;naszym najnowszym <a href=\"https:\/\/geboortezorgsalland.nl\/wp-content\/uploads\/2024\/04\/2023-10-25-Infographic-GZS-2022.pdf\">sprawozdaniu rocznym<\/a> mo\u017cesz przeczyta\u0107, jakie dzia\u0142ania podj\u0119li\u015bmy w&nbsp;poprzednim roku.<\/p>\n\n\n\n<p><strong>(Przysz\u0142a) rodzina w&nbsp;centrum uwagi<\/strong><\/p>\n\n\n\n<p>Geboortezorg Salland gwarantuje zindywidualizowan\u0105 opiek\u0119 w&nbsp;okresie przed zaj\u015bciem w&nbsp;ci\u0105\u017c\u0119 i&nbsp;po okresie po\u0142ogu. Spersonalizowana opieka to stosowna i&nbsp;odpowiedzialna opieka oparta na wsp\u00f3lnych decyzjach, w&nbsp;kt\u00f3rych to kobieta w&nbsp;ci\u0105\u017cy i&nbsp;jej partner zachowuj\u0105 kontrol\u0119. Aktywnie anga\u017cujemy partnera kobiety w&nbsp;ci\u0105\u017cy (i&nbsp;jej otoczenie) w&nbsp;opiek\u0119, aby umo\u017cliwi\u0107 dziecku jak najlepszy start. K\u0142adziemy nacisk na wolno\u015b\u0107 wyboru: zar\u00f3wno w&nbsp;zakresie opieki (opieka dostosowana do indywidualnych potrzeb), jak r\u00f3wnie\u017c w&nbsp;zakresie upodoba\u0144. Ka\u017cda przychodnia po\u0142o\u017cnicza w&nbsp;grupie Geboortezorg Salland ma sw\u00f3j w\u0142asny styl \u015bwiadczenia opieki w&nbsp;oparciu o&nbsp;te same aspekty, dlatego b\u0119d\u0105 si\u0119 od siebie r\u00f3\u017cni\u0107.<\/p>\n\n\n\n<p><strong>Jeste\u015bmy Geboortezorg Salland<\/strong><\/p>\n\n\n\n<p>Geboortezorg Salland to organizacja zintegrowanej opieki (Integrale Geboortezorg Organisatie &#8211; IGO), w&nbsp;sk\u0142ad kt\u00f3rej wchodzi kilka grup zawodowych: piel\u0119gniarki po\u0142o\u017cnicze, piel\u0119gniarki, po\u0142o\u017cnicy pierwszego kontaktu, technicy USG, po\u0142o\u017cnicy kliniczni (asystenci lekarzy), specjali\u015bci ds.&nbsp;laktacji, lekarze w&nbsp;trakcie specjalizacji, ginekolodzy, pediatrzy, asystenci ambulatoryjni, sekretarki, kierownicy i&nbsp;asystenci zarz\u0105du.<\/p>\n\n\n\n<p>Kobieta w&nbsp;ci\u0105\u017cy i&nbsp;jej partner mog\u0105 dowiedzie\u0107 si\u0119, kim jeste\u015bmy i&nbsp;za czym si\u0119 opowiadamy. Wszyscy w&nbsp;organizacji si\u0119 znamy, mamy zaufanie do swojej wiedzy specjalistycznej i&nbsp;w&nbsp;razie potrzeby zwracamy si\u0119 do siebie nawzajem w&nbsp;kwestiach jako\u015bci, polityki lub wsp\u00f3\u0142pracy. Jako IGO jeste\u015bmy innowacyjni, co jest zauwa\u017calne dla klienta. Wszyscy przyczyniamy si\u0119 do zasady Odpowiednia Opieka w&nbsp;Odpowiednim Miejscu (Juiste Zorg Op de Juiste Plek): maj\u0105c zawsze z&nbsp;ty\u0142u g\u0142owy: opieka pierwszego kontaktu tam, gdzie to mo\u017cliwe, opieka drugiego kontaktu tam, gdzie to konieczne W&nbsp;Geboortezorg Salland jeste\u015bmy dumni z&nbsp;tego, kim jeste\u015bmy: ?Be good and tell it?.<\/p>\n\n\n\n<p><strong>Kompleksowa opieka<\/strong><\/p>\n\n\n\n<p>Wsp\u00f3lnie odpowiadamy za opiek\u0119 nad (przysz\u0142\u0105) rodzin\u0105. Wykorzystujemy nawzajem swoje do\u015bwiadczenie, aby zorganizowa\u0107 jak najlepsz\u0105 opiek\u0119. Kompleksowa opieka oznacza, \u017ce nie dochodzi do powielania dzia\u0142a\u0144 i&nbsp;konflikt\u00f3w: kobieta w&nbsp;ci\u0105\u017cy i&nbsp;jej partner musz\u0105 opowiedzie\u0107 swoj\u0105 histori\u0119 tylko raz. Nast\u0119pnie, we wsp\u00f3\u0142pracy z&nbsp;kobiet\u0105 w&nbsp;ci\u0105\u017cy i&nbsp;jej partnerem, dbamy o&nbsp;dobr\u0105 i&nbsp;jednolit\u0105 koordynacj\u0119 planu i&nbsp;jego tre\u015bci. Wszyscy znamy jedn\u0105 histori\u0119 kobiety w&nbsp;ci\u0105\u017cy i&nbsp;otaczamy j\u0105 opiek\u0105 bez niepotrzebnych utrudnie\u0144.<\/p>\n\n\n\n<p><strong>Zr\u00f3wnowa\u017cona si\u0142a organizacyjna<\/strong><\/p>\n\n\n\n<p>Dokonuj\u0105c wybor\u00f3w, kierujemy si\u0119 trosk\u0105 o&nbsp;jako\u015b\u0107 opieki, maj\u0105c jednocze\u015bnie na uwadze kondycj\u0119 finansow\u0105 naszych organizacji. Naszym punktem wyj\u015bcia jeste\u015bmy my: potrzebujemy siebie nawzajem, aby wsp\u00f3lnie dba\u0107 o&nbsp;(przysz\u0142\u0105) rodzin\u0119.<\/p>\n\n\n\n<p><strong>Ci\u0105g\u0142a poprawa jako\u015bci, nap\u0119dzana satysfakcj\u0105 klienta i&nbsp;adekwatnymi wynikami<\/strong><\/p>\n\n\n\n<p>\u015awiadczenie wysokiej jako\u015bci opieki dla (przysz\u0142ej) rodziny oznacza, \u017ce stale analizujemy i&nbsp;zastanawiamy si\u0119, gdzie mo\u017cemy wdro\u017cy\u0107 usprawnienia. Wszystkie informacje zwrotne od (przysz\u0142ej) rodziny na temat naszej opieki przyczyniaj\u0105 si\u0119 do jej poprawy. Wsp\u00f3lnie troszczymy si\u0119 o&nbsp;(przysz\u0142\u0105) rodzin\u0119. Zawsze stawiamy na najwy\u017cszej jako\u015bci opiek\u0119.<\/p>\n","protected":false},"excerpt":{"rendered":"<p>W&nbsp;Centrum Geboortezorg Salland kierujemy si\u0119 wsp\u00f3ln\u0105 wizj\u0105. We wszystkim, co robimy, co ulepszamy lub w&nbsp;jaki spos\u00f3b rozszerzamy nasz\u0105 opiek\u0119, zwracamy uwag\u0119 na&#8230;<\/p>\n","protected":false},"author":110,"featured_media":0,"parent":99,"menu_order":0,"comment_status":"closed","ping_status":"closed","template":"","meta":{"_acf_changed":false,"editor_notices":[],"footnotes":""},"class_list":["post-3289","page","type-page","status-publish","hentry"],"acf":[],"_links":{"self":[{"href":"https:\/\/geboortezorgsalland.nl\/pt\/wp-json\/wp\/v2\/pages\/3289","targetHints":{"allow":["GET"]}}],"collection":[{"href":"https:\/\/geboortezorgsalland.nl\/pt\/wp-json\/wp\/v2\/pages"}],"about":[{"href":"https:\/\/geboortezorgsalland.nl\/pt\/wp-json\/wp\/v2\/types\/page"}],"author":[{"embeddable":true,"href":"https:\/\/geboortezorgsalland.nl\/pt\/wp-json\/wp\/v2\/users\/110"}],"replies":[{"embeddable":true,"href":"https:\/\/geboortezorgsalland.nl\/pt\/wp-json\/wp\/v2\/comments?post=3289"}],"version-history":[{"count":0,"href":"https:\/\/geboortezorgsalland.nl\/pt\/wp-json\/wp\/v2\/pages\/3289\/revisions"}],"up":[{"embeddable":true,"href":"https:\/\/geboortezorgsalland.nl\/pt\/wp-json\/wp\/v2\/pages\/99"}],"wp:attachment":[{"href":"https:\/\/geboortezorgsalland.nl\/pt\/wp-json\/wp\/v2\/media?parent=3289"}],"curies":[{"name":"wp","href":"https:\/\/api.w.org\/{rel}","templated":true}]}}