{"id":3550,"date":"2022-04-06T15:53:25","date_gmt":"2022-04-06T13:53:25","guid":{"rendered":"https:\/\/geboortezorgsalland.nl\/?page_id=3550"},"modified":"2024-09-02T13:27:11","modified_gmt":"2024-09-02T11:27:11","slug":"praca","status":"publish","type":"page","link":"https:\/\/geboortezorgsalland.nl\/pt\/rada-geboorteraad\/praca\/","title":{"rendered":"Praca"},"content":{"rendered":"\n<p>Obecnie rada Geboorteraad nie poszukuje ju\u017c nowych cz\u0142onk\u00f3w. Je\u015bli jednak chcesz mie\u0107 sw\u00f3j wk\u0142ad w\u00a0rozw\u00f3j opieki oko\u0142oporodowej w\u00a0regionie Deventer, skontaktuj si\u0119 z\u00a0nami. Stale poszukujemy (przysz\u0142ych) rodzic\u00f3w, kt\u00f3rzy chcieliby do\u0142\u0105czy\u0107 do grona naszych doradc\u00f3w. Nasz adres e-mail: <a href=\"mailto:geboorteraad@geboortezorgsalland.nl\">geboorteraad@geboortezorgsalland.nl<\/a><\/p>\n\n\n\n<div class=\"wp-block-file\"><a id=\"wp-block-file--media-dbc60549-9854-4c5b-8966-348c719bba67\" href=\"https:\/\/geboortezorgsalland.nl\/wp-content\/uploads\/2024\/01\/Geboorteraad-Salland-zoekt-versterking-1.docx\">Rada-Geboorteraad-Salland-szuka-wsparcia-1<\/a><a href=\"https:\/\/geboortezorgsalland.nl\/wp-content\/uploads\/2024\/01\/Geboorteraad-Salland-zoekt-versterking-1.docx\" class=\"wp-block-file__button wp-element-button\" download aria-describedby=\"wp-block-file--media-dbc60549-9854-4c5b-8966-348c719bba67\">Pobierz<\/a><\/div>\n\n\n\n<p><\/p>\n","protected":false},"excerpt":{"rendered":"<p>Obecnie rada Geboorteraad nie poszukuje ju\u017c nowych cz\u0142onk\u00f3w. Je\u015bli jednak chcesz mie\u0107 sw\u00f3j wk\u0142ad w\u00a0rozw\u00f3j opieki oko\u0142oporodowej w\u00a0regionie Deventer, skontaktuj si\u0119 z\u00a0nami&#8230;.<\/p>\n","protected":false},"author":110,"featured_media":0,"parent":2786,"menu_order":0,"comment_status":"closed","ping_status":"closed","template":"","meta":{"_acf_changed":false,"editor_notices":[],"footnotes":""},"class_list":["post-3550","page","type-page","status-publish","hentry"],"acf":[],"_links":{"self":[{"href":"https:\/\/geboortezorgsalland.nl\/pt\/wp-json\/wp\/v2\/pages\/3550","targetHints":{"allow":["GET"]}}],"collection":[{"href":"https:\/\/geboortezorgsalland.nl\/pt\/wp-json\/wp\/v2\/pages"}],"about":[{"href":"https:\/\/geboortezorgsalland.nl\/pt\/wp-json\/wp\/v2\/types\/page"}],"author":[{"embeddable":true,"href":"https:\/\/geboortezorgsalland.nl\/pt\/wp-json\/wp\/v2\/users\/110"}],"replies":[{"embeddable":true,"href":"https:\/\/geboortezorgsalland.nl\/pt\/wp-json\/wp\/v2\/comments?post=3550"}],"version-history":[{"count":0,"href":"https:\/\/geboortezorgsalland.nl\/pt\/wp-json\/wp\/v2\/pages\/3550\/revisions"}],"up":[{"embeddable":true,"href":"https:\/\/geboortezorgsalland.nl\/pt\/wp-json\/wp\/v2\/pages\/2786"}],"wp:attachment":[{"href":"https:\/\/geboortezorgsalland.nl\/pt\/wp-json\/wp\/v2\/media?parent=3550"}],"curies":[{"name":"wp","href":"https:\/\/api.w.org\/{rel}","templated":true}]}}