{"id":380,"date":"2020-02-17T11:36:24","date_gmt":"2020-02-17T10:36:24","guid":{"rendered":"https:\/\/geboortezorgsalland.nl\/?page_id=380"},"modified":"2024-09-05T19:13:22","modified_gmt":"2024-09-05T17:13:22","slug":"poronienie","status":"publish","type":"page","link":"https:\/\/geboortezorgsalland.nl\/pt\/nasze-centrum\/poronienie\/","title":{"rendered":"Poronienie"},"content":{"rendered":"\n<p>Niestety, nie ka\u017cda ci\u0105\u017ca przebiega prawid\u0142owo. Je\u015bli co\u015b jest nie tak na wczesnym etapie rozwoju ci\u0105\u017cy, mo\u017ce ona zako\u0144czy\u0107 si\u0119 poronieniem. Zazwyczaj mo\u017cesz to zauwa\u017cy\u0107, gdy poczujesz si\u0119, jakby\u015b miesi\u0105czkowa\u0142a lub zacz\u0119\u0142a krwawi\u0107. Czasami nie dzieje si\u0119 jednak nic i&nbsp;dopiero podczas pierwszego badania USG okazuje si\u0119, \u017ce serce dziecka nie bije.<\/p>\n\n\n\n<p>Poronienie oznacza, \u017ce co\u015b posz\u0142o nie tak w&nbsp;procesie rozwoju ci\u0105\u017cy. W\u00f3wczas ci\u0105\u017ca nie rozwija si\u0119 ju\u017c dalej. Jest to naturalny proces i&nbsp;nie mo\u017cesz niczego zrobi\u0107, aby mu zapobiec.<\/p>\n\n\n\n<p>Poronienia s\u0105 bardzo powszechne. 10-15% ci\u0105\u017c ko\u0144czy si\u0119 poronieniem.<\/p>\n\n\n\n<p>Wi\u0119cej informacji na temat poronie\u0144 mo\u017cesz znale\u017a\u0107 w\u00a0tej <a href=\"https:\/\/geboortezorgsalland.nl\/wp-content\/uploads\/2020\/03\/Folder-Miskraam.pdf\" target=\"_blank\" rel=\"noreferrer noopener\">ulotce<\/a>.<\/p>\n\n\n\n<p><\/p>\n\n\n\n<div class=\"wp-block-group\"><div class=\"wp-block-group__inner-container is-layout-flow wp-block-group-is-layout-flow\">\n<div style=\"height:30px\" aria-hidden=\"true\" class=\"wp-block-spacer\"><\/div>\n\n\n\n<h3 class=\"wp-block-heading\">1. <strong>Informacje na temat obumar\u0142ej ci\u0105\u017cy i&nbsp;poronienia<\/strong><\/h3>\n\n\n\n.embed-responsive-16by9 { \n    height: 0;\n    padding-top: 56.25%;\n    position: relative;\n    width: 100%;\n}\n\n.embed-responsive-item { \n    border: none;\n    height: 100%;\n    left: 0;\n    position: absolute;\n    top: 0;\n    width: 100%;\n} \n \n\n<!-- Start inbed code --> \n<div class=\"embed-responsive-16by9\"> \n \n<\/div> \n<!-- Einde inbed code -->\n<\/div><\/div>\n\n\n\n<div class=\"wp-block-group\"><div class=\"wp-block-group__inner-container is-layout-flow wp-block-group-is-layout-flow\">\n<div style=\"height:30px\" aria-hidden=\"true\" class=\"wp-block-spacer\"><\/div>\n\n\n\n<h3 class=\"wp-block-heading\">2. <strong>Mo\u017cliwe rozwi\u0105zania, gdy ci\u0105\u017ca jest obumar\u0142a: czekanie<\/strong><\/h3>\n\n\n\n<!-- Start inbed code --> \n<div class=\"embed-responsive-16by9\"> \n \n<\/div> \n<!-- Einde inbed code -->\n<\/div><\/div>\n\n\n\n<div class=\"wp-block-group\"><div class=\"wp-block-group__inner-container is-layout-flow wp-block-group-is-layout-flow\">\n<div style=\"height:30px\" aria-hidden=\"true\" class=\"wp-block-spacer\"><\/div>\n\n\n\n<h3 class=\"wp-block-heading\">3. <strong>Mo\u017cliwe rozwi\u0105zania, gdy ci\u0105\u017ca jest obumar\u0142a: stosowanie lek\u00f3w<\/strong><\/h3>\n\n\n\n<!-- Start inbed code --> \n<div class=\"embed-responsive-16by9\"> \n \n<\/div> \n<!-- Einde inbed code -->\n<\/div><\/div>\n\n\n\n<div class=\"wp-block-group\"><div class=\"wp-block-group__inner-container is-layout-flow wp-block-group-is-layout-flow\">\n<div style=\"height:30px\" aria-hidden=\"true\" class=\"wp-block-spacer\"><\/div>\n\n\n\n<h3 class=\"wp-block-heading\">4. <strong>Mo\u017cliwe rozwi\u0105zania, gdy ci\u0105\u017ca jest obumar\u0142a: \u0142y\u017ceczkowanie<\/strong><\/h3>\n\n\n\n<!-- Start inbed code --> \n<div class=\"embed-responsive-16by9\"> \n \n<\/div> \n<!-- Einde inbed code -->\n<\/div><\/div>\n\n\n\n<p><\/p>\n","protected":false},"excerpt":{"rendered":"<p>Niestety, nie ka\u017cda ci\u0105\u017ca przebiega prawid\u0142owo. Je\u015bli co\u015b jest nie tak na wczesnym etapie rozwoju ci\u0105\u017cy, mo\u017ce ona zako\u0144czy\u0107 si\u0119 poronieniem. Zazwyczaj&#8230;<\/p>\n","protected":false},"author":6,"featured_media":0,"parent":591,"menu_order":0,"comment_status":"closed","ping_status":"closed","template":"","meta":{"_acf_changed":false,"editor_notices":[],"footnotes":""},"class_list":["post-380","page","type-page","status-publish","hentry"],"acf":[],"_links":{"self":[{"href":"https:\/\/geboortezorgsalland.nl\/pt\/wp-json\/wp\/v2\/pages\/380","targetHints":{"allow":["GET"]}}],"collection":[{"href":"https:\/\/geboortezorgsalland.nl\/pt\/wp-json\/wp\/v2\/pages"}],"about":[{"href":"https:\/\/geboortezorgsalland.nl\/pt\/wp-json\/wp\/v2\/types\/page"}],"author":[{"embeddable":true,"href":"https:\/\/geboortezorgsalland.nl\/pt\/wp-json\/wp\/v2\/users\/6"}],"replies":[{"embeddable":true,"href":"https:\/\/geboortezorgsalland.nl\/pt\/wp-json\/wp\/v2\/comments?post=380"}],"version-history":[{"count":0,"href":"https:\/\/geboortezorgsalland.nl\/pt\/wp-json\/wp\/v2\/pages\/380\/revisions"}],"up":[{"embeddable":true,"href":"https:\/\/geboortezorgsalland.nl\/pt\/wp-json\/wp\/v2\/pages\/591"}],"wp:attachment":[{"href":"https:\/\/geboortezorgsalland.nl\/pt\/wp-json\/wp\/v2\/media?parent=380"}],"curies":[{"name":"wp","href":"https:\/\/api.w.org\/{rel}","templated":true}]}}