{"id":3828,"date":"2023-03-09T17:43:01","date_gmt":"2023-03-09T16:43:01","guid":{"rendered":"https:\/\/geboortezorgsalland.nl\/?page_id=3828"},"modified":"2024-09-02T12:08:33","modified_gmt":"2024-09-02T10:08:33","slug":"filmy-informacyjne","status":"publish","type":"page","link":"https:\/\/geboortezorgsalland.nl\/pt\/filmy-informacyjne\/","title":{"rendered":"Filmy informacyjne"},"content":{"rendered":"\n<p>Dysponujemy du\u017c\u0105 liczb\u0105 film\u00f3w informacyjnych w\u00a0r\u00f3\u017cnych j\u0119zykach, kt\u00f3re mo\u017cesz obejrze\u0107 poni\u017cej.<\/p>\n","protected":false},"excerpt":{"rendered":"<p>Dysponujemy du\u017c\u0105 liczb\u0105 film\u00f3w informacyjnych w\u00a0r\u00f3\u017cnych j\u0119zykach, kt\u00f3re mo\u017cesz obejrze\u0107 poni\u017cej.<\/p>\n","protected":false},"author":1,"featured_media":0,"parent":0,"menu_order":0,"comment_status":"closed","ping_status":"closed","template":"templates\/page-videos.php","meta":{"_acf_changed":false,"editor_notices":[],"footnotes":""},"class_list":["post-3828","page","type-page","status-publish","hentry"],"acf":[],"_links":{"self":[{"href":"https:\/\/geboortezorgsalland.nl\/pt\/wp-json\/wp\/v2\/pages\/3828","targetHints":{"allow":["GET"]}}],"collection":[{"href":"https:\/\/geboortezorgsalland.nl\/pt\/wp-json\/wp\/v2\/pages"}],"about":[{"href":"https:\/\/geboortezorgsalland.nl\/pt\/wp-json\/wp\/v2\/types\/page"}],"author":[{"embeddable":true,"href":"https:\/\/geboortezorgsalland.nl\/pt\/wp-json\/wp\/v2\/users\/1"}],"replies":[{"embeddable":true,"href":"https:\/\/geboortezorgsalland.nl\/pt\/wp-json\/wp\/v2\/comments?post=3828"}],"version-history":[{"count":0,"href":"https:\/\/geboortezorgsalland.nl\/pt\/wp-json\/wp\/v2\/pages\/3828\/revisions"}],"wp:attachment":[{"href":"https:\/\/geboortezorgsalland.nl\/pt\/wp-json\/wp\/v2\/media?parent=3828"}],"curies":[{"name":"wp","href":"https:\/\/api.w.org\/{rel}","templated":true}]}}