{"id":419,"date":"2020-02-17T14:07:38","date_gmt":"2020-02-17T13:07:38","guid":{"rendered":"https:\/\/geboortezorgsalland.nl\/?page_id=419"},"modified":"2024-09-02T13:31:46","modified_gmt":"2024-09-02T11:31:46","slug":"karmienie-dziecka","status":"publish","type":"page","link":"https:\/\/geboortezorgsalland.nl\/pt\/karmienie-dziecka\/","title":{"rendered":"Karmienie dziecka"},"content":{"rendered":"\n<h3 class=\"wp-block-heading\"><strong>Karmienie piersi\u0105 czy butelk\u0105?<\/strong><\/h3>\n\n\n\n<p>Aby Twoje dziecko ros\u0142o i&nbsp;rozwija\u0142o si\u0119 zdrowo, potrzebuje ono po\u017cywienia.<\/p>\n\n\n\n<p><strong>Karmienie piersi\u0105.<\/strong><\/p>\n\n\n\n<p>Karmienie piersi\u0105 jest dla dziecka najbardziej naturalnym sposobem od\u017cywiania. Opr\u00f3cz przeciwcia\u0142, mleko matki zawiera wszystkie sk\u0142adniki od\u017cywcze potrzebne dziecku do wzrostu i&nbsp;rozwoju. Karmienie piersi\u0105 zapewnia zatem dziecku i&nbsp;Tobie ochron\u0119 przed wszelkiego rodzaju alergiami i&nbsp;chorobami, zar\u00f3wno teraz, jak i&nbsp;w przysz\u0142o\u015bci.<\/p>\n\n\n\n<p>Istnieje szereg sposob\u00f3w na przygotowanie si\u0119 do karmienia piersi\u0105. Mo\u017cesz na przyk\u0142ad wzi\u0105\u0107 udzia\u0142 w&nbsp;spotkaniu informacyjnym na ten temat. W Internecie dost\u0119pnych jest te\u017c szereg stron, na kt\u00f3rych mo\u017cesz uzyska\u0107 wi\u0119cej informacji. Na stronie internetowej centrum \u017cywienia dost\u0119pne s\u0105 <a href=\"https:\/\/www.youtube.com\/playlist?list=PLiBhru9DzrzRNRTsWwYKkHUSCZX_vL_fN\">filmiki<\/a> na temat przygotowania do karmienia piersi\u0105 i&nbsp;rozpocz\u0119cia karmienia piersi\u0105.<\/p>\n\n\n\n<p>Je\u015bli podczas karmienia piersi\u0105 b\u0119dziesz mia\u0142a jakiekolwiek pytania lub problemy, mo\u017cesz skontaktowa\u0107 si\u0119 z&nbsp;doradc\u0105 ds. laktacji lub ekspertem ds. karmienia piersi\u0105. Naviva oferuje <a href=\"https:\/\/www.naviva.nl\/antwoord-en-advies\/borstvoeding\/lactatiekundige\/\" target=\"_blank\" rel=\"noreferrer noopener\">infolini\u0119 dla kobiet karmi\u0105cych piersi\u0105.<\/a>Mo\u017cesz te\u017c odwiedzi\u0107 gabinety karmienia piersi\u0105.<\/p>\n\n\n\n<p><strong>Konsultanci ds. laktacji w&nbsp;regionie:<\/strong><\/p>\n\n\n\n<p>Anneke ten Hove, <a href=\"http:\/\/www.borstvoedingspraktijkvoorjou.nl\/\" target=\"_blank\" rel=\"noreferrer noopener\">Poradnia karmienia piersi\u0105 Voor jou<\/a> Deventer<\/p>\n\n\n\n<p>Erna Klein Hofmeijer,&nbsp;<a href=\"https:\/\/www.praktijkvoorborstvoeding.nl\/\" target=\"_blank\" rel=\"noreferrer noopener\">Poradnia karmienia piersi\u0105<\/a> Schalkhaar<\/p>\n\n\n\n<p><strong>Karmienie piersi\u0105 i&nbsp;praca<\/strong><\/p>\n\n\n\n<p>Je\u015bli po powrocie do pracy chcesz nadal karmi\u0107 piersi\u0105, masz prawo odci\u0105ga\u0107 pokarm lub karmi\u0107 piersi\u0105 w&nbsp;miejscu pracy do uko\u0144czenia przez dziecko dziewi\u0105tego miesi\u0105ca \u017cycia.<br>W&nbsp;ci\u0105gu pierwszych dziewi\u0119ciu miesi\u0119cy \u017cycia Twojego dziecka wolno Ci karmi\u0107 piersi\u0105 lub odci\u0105ga\u0107 pokarm tak cz\u0119sto i&nbsp;tak d\u0142ugo, jak to konieczne. Nie d\u0142u\u017cej jednak ni\u017c przez jedn\u0105 czwart\u0105 dnia pracy lub zmiany, po uprzednim uzgodnieniu tej kwestii z&nbsp;pracodawc\u0105. Za czas tych przerw otrzymasz standardowo normalne wynagrodzenie. W&nbsp;tym okresie nale\u017cy sprawdzi\u0107, czy pracujesz ze szkodliwymi substancjami, poniewa\u017c mog\u0105 one przedosta\u0107 si\u0119 do organizmu dziecka wraz z&nbsp;mlekiem matki.<\/p>\n\n\n\n<p><strong>Wi\u0119cej informacji znajdziesz na poni\u017cszych stronach internetowych:\u00a0<\/strong><br><a href=\"https:\/\/www.fnv.nl\/werk-inkomen\/zwanger-ouderschap\/borstvoeding-en-kolven-op-je-werk\">Odci\u0105ganie_pokarmu_w_pracy<\/a>\u00a0|\u00a0<a href=\"https:\/\/www.borstvoeding.com\/artikelen\/borstbaan\/werkenNL.html\" target=\"_blank\" rel=\"noreferrer noopener\">Karmienie piersi\u0105_i_odci\u0105ganie_pokarmu<\/a> | <a href=\"https:\/\/www.voedingscentrum.nl\/nl\/zwanger-en-kind\/borstvoeding-en-flesvoeding\/borstvoeding-geven.aspx\" target=\"_blank\" rel=\"noreferrer noopener\">Centrum \u017cywienia Karmienie piersi\u0105<\/a> | <a href=\"https:\/\/www.lalecheleague.nl\/\" target=\"_blank\" rel=\"noreferrer noopener\">Organizacja karmienia piersi\u0105 La Leche League<\/a> |\u00a0\u00a0<a href=\"https:\/\/www.borstvoeding.com\/\" target=\"_blank\" rel=\"noreferrer noopener\">Borstvoeding.com<\/a> |<\/p>\n\n\n\n<p><strong>Mleko modyfikowane<\/strong><\/p>\n\n\n\n<p>Je\u015bli nie mo\u017cesz lub nie chcesz karmi\u0107 piersi\u0105, dobr\u0105 alternatyw\u0105 jest mleko modyfikowane. Wybierz mleko modyfikowane dla niemowl\u0105t w&nbsp;wieku 0-6 miesi\u0119cy. Na rynku dost\u0119pnych jest wiele marek formu\u0142 i&nbsp;wszystkie spe\u0142niaj\u0105 wymogi holenderskiej ustawy o&nbsp;towarach. Dost\u0119pne s\u0105 r\u00f3wnie\u017c butelki i&nbsp;smoczki w&nbsp;r\u00f3\u017cnych kszta\u0142tach i&nbsp;rozmiarach. Cz\u0119sto jest to kwestia wypr\u00f3bowania tego, co b\u0119dzie najlepsze dla Twojego dziecka.<\/p>\n\n\n\n<p><strong>Informacje i&nbsp;porady<\/strong><\/p>\n\n\n\n<p>Organizujemy spotkania informacyjne na temat karmienia dziecka i&nbsp;okresu po\u0142ogu oraz spotkania informacyjne na temat karmienia piersi\u0105. Udzia\u0142 w&nbsp;nich jest bezp\u0142atny. W&nbsp;czasie ci\u0105\u017cy mo\u017cesz si\u0119 r\u00f3wnie\u017c um\u00f3wi\u0107 na spotkanie z&nbsp;ekspertem ds. laktacji w&nbsp;celu uzyskania indywidualnej porady.<\/p>\n\n\n\n<p>Istnieje szereg ulotek i&nbsp;stron internetowych na temat karmienia niemowl\u0105t<br><strong>Wi\u0119cej informacji znajdziesz na poni\u017cszych stronach:<\/strong><br>|&nbsp;<a href=\"https:\/\/www.voedingscentrum.nl\/nl\/zwanger-en-kind\/borstvoeding-en-flesvoeding\/flesvoeding-geven.aspx\" target=\"_blank\" rel=\"noreferrer noopener\">Centrum \u017cywienia &#8211; karmienie butelk\u0105<\/a>&nbsp;|&nbsp;<\/p>\n","protected":false},"excerpt":{"rendered":"<p>Karmienie piersi\u0105 czy butelk\u0105? Aby Twoje dziecko ros\u0142o i&nbsp;rozwija\u0142o si\u0119 zdrowo, potrzebuje ono po\u017cywienia. Karmienie piersi\u0105. Karmienie piersi\u0105 jest dla dziecka najbardziej&#8230;<\/p>\n","protected":false},"author":6,"featured_media":2104,"parent":0,"menu_order":0,"comment_status":"closed","ping_status":"closed","template":"","meta":{"_acf_changed":false,"editor_notices":[],"footnotes":""},"class_list":["post-419","page","type-page","status-publish","has-post-thumbnail","hentry"],"acf":[],"_links":{"self":[{"href":"https:\/\/geboortezorgsalland.nl\/pt\/wp-json\/wp\/v2\/pages\/419","targetHints":{"allow":["GET"]}}],"collection":[{"href":"https:\/\/geboortezorgsalland.nl\/pt\/wp-json\/wp\/v2\/pages"}],"about":[{"href":"https:\/\/geboortezorgsalland.nl\/pt\/wp-json\/wp\/v2\/types\/page"}],"author":[{"embeddable":true,"href":"https:\/\/geboortezorgsalland.nl\/pt\/wp-json\/wp\/v2\/users\/6"}],"replies":[{"embeddable":true,"href":"https:\/\/geboortezorgsalland.nl\/pt\/wp-json\/wp\/v2\/comments?post=419"}],"version-history":[{"count":0,"href":"https:\/\/geboortezorgsalland.nl\/pt\/wp-json\/wp\/v2\/pages\/419\/revisions"}],"wp:featuredmedia":[{"embeddable":true,"href":"https:\/\/geboortezorgsalland.nl\/pt\/wp-json\/wp\/v2\/media\/2104"}],"wp:attachment":[{"href":"https:\/\/geboortezorgsalland.nl\/pt\/wp-json\/wp\/v2\/media?parent=419"}],"curies":[{"name":"wp","href":"https:\/\/api.w.org\/{rel}","templated":true}]}}