{"id":591,"date":"2020-03-26T10:47:02","date_gmt":"2020-03-26T09:47:02","guid":{"rendered":"https:\/\/geboortezorgsalland.nl\/?page_id=591"},"modified":"2024-09-02T12:16:19","modified_gmt":"2024-09-02T10:16:19","slug":"nasze-centrum","status":"publish","type":"page","link":"https:\/\/geboortezorgsalland.nl\/pt\/nasze-centrum\/","title":{"rendered":"Nasze Centrum"},"content":{"rendered":"\n<p>Gratulujemy zaj\u015bcia w&nbsp;ci\u0105\u017c\u0119! Naszym celem jest udzielanie Ci wsparcia w&nbsp;tym wyj\u0105tkowym i&nbsp;ekscytuj\u0105cym czasie. Dowiedz si\u0119, jak pracujemy.<\/p>\n\n\n\n<p><strong>Krok&nbsp;1:<\/strong> Je\u015bli jeste\u015b w&nbsp;ci\u0105\u017cy: Wybierz jedn\u0105 z&nbsp;<a href=\"https:\/\/geboortezorgsalland.nl\/nasze-przychodnie\/\" target=\"_blank\" rel=\"noreferrer noopener\">przychodni po\u0142o\u017cniczych<\/a>, kt\u00f3ra znajduje si\u0119 w&nbsp;Twojej okolicy i&nbsp;Ci odpowiada. Nast\u0119pnie zapisz si\u0119 na wizyt\u0119 i&nbsp;skorzystaj z&nbsp;opieki po\u0142o\u017cniczej. Nawet je\u015bli ju\u017c wiesz, \u017ce przez ca\u0142\u0105 ci\u0105\u017c\u0119 b\u0119dziesz pod nadzorem ginekologa, zapisz si\u0119 na wizyt\u0119 w&nbsp;gabinecie po\u0142o\u017cniczym.<\/p>\n\n\n\n<p><strong>Krok&nbsp;2:<\/strong> Przyj\u0119cie: Oko\u0142o 8.&nbsp;tygodnia ci\u0105\u017cy b\u0119dziesz mia\u0142a pierwsze spotkanie z&nbsp;po\u0142o\u017cn\u0105. Om\u00f3wimy w\u00f3wczas kwestionariusz dotycz\u0105cy Twojej historii chorobowej i&nbsp;chor\u00f3b dziedzicznych w&nbsp;rodzinie. Porozmawiamy r\u00f3wnie\u017c o&nbsp;mo\u017cliwo\u015bci wykonania bada\u0144 przesiewowych w&nbsp;czasie ci\u0105\u017cy. W&nbsp;razie potrzeby po\u0142o\u017cna zbierze dodatkowe informacje na temat Twojego stanu zdrowia i&nbsp;wsp\u00f3lnie opracujecie plan post\u0119powania w&nbsp;trakcie ci\u0105\u017cy. Zostanie on sfinalizowany po konsultacji z&nbsp;po\u0142o\u017cn\u0105 i&nbsp;lekarzem ginekologiem.<\/p>\n\n\n\n<p>Plan post\u0119powania w&nbsp;ci\u0105\u017cy to rodzaj harmonogramu wizyt kontrolnych i&nbsp;bada\u0144, kt\u00f3re b\u0119d\u0105 wykonywane podczas ci\u0105\u017cy.<br>Dla wszystkich kobiet w&nbsp;ci\u0105\u017cy dost\u0119pny jest <a href=\"https:\/\/geboortezorgsalland.nl\/wp-content\/uploads\/2020\/05\/basiszorgpad-GZS.pdf\" target=\"_blank\" rel=\"noreferrer noopener\">Podstawowy Plan Opieki<\/a>, kt\u00f3ry w&nbsp;razie potrzeby zostanie dostosowany do przebiegu ci\u0105\u017cy. Pod uwag\u0119 bierzemy w\u00f3wczas Tw\u00f3j stan zdrowia oraz stan zdrowia Twojego partnera i&nbsp;Twojej rodziny, a&nbsp;tak\u017ce histori\u0119 poprzednich ci\u0105\u017c. Czasami konieczne jest wykonanie dodatkowych bada\u0144 krwi lub USG.<\/p>\n\n\n\n<p><strong>Krok&nbsp;3:<\/strong> Po\u0142o\u017cna om\u00f3wi z&nbsp;Tob\u0105 plan post\u0119powania podczas drugiej wizyty kontrolnej. Je\u015bli ci\u0105\u017ca przebiega prawid\u0142owo, pacjentka zg\u0142asza si\u0119 do po\u0142o\u017cnej na wszystkie badania kontrolne. W&nbsp;razie problem\u00f3w otrzymasz r\u00f3wnie\u017c skierowanie do ginekologa. Istnieje te\u017c opieki prowadzonej wsp\u00f3lnie przez obu specjalist\u00f3w.&nbsp;Je\u015bli ginekolog monitoruje Twoj\u0105 ci\u0105\u017c\u0119 przez ca\u0142y okres jej trwania, z&nbsp;po\u0142o\u017cn\u0105 spotkasz si\u0119 ponownie w&nbsp;okresie po\u0142ogu.<\/p>\n","protected":false},"excerpt":{"rendered":"<p>Gratulujemy zaj\u015bcia w&nbsp;ci\u0105\u017c\u0119! Naszym celem jest udzielanie Ci wsparcia w&nbsp;tym wyj\u0105tkowym i&nbsp;ekscytuj\u0105cym czasie. Dowiedz si\u0119, jak pracujemy. Krok&nbsp;1: Je\u015bli jeste\u015b w&nbsp;ci\u0105\u017cy: Wybierz&#8230;<\/p>\n","protected":false},"author":1,"featured_media":3101,"parent":0,"menu_order":0,"comment_status":"closed","ping_status":"closed","template":"templates\/page-onzezorg.php","meta":{"_acf_changed":false,"editor_notices":[],"footnotes":""},"class_list":["post-591","page","type-page","status-publish","has-post-thumbnail","hentry"],"acf":[],"_links":{"self":[{"href":"https:\/\/geboortezorgsalland.nl\/pt\/wp-json\/wp\/v2\/pages\/591","targetHints":{"allow":["GET"]}}],"collection":[{"href":"https:\/\/geboortezorgsalland.nl\/pt\/wp-json\/wp\/v2\/pages"}],"about":[{"href":"https:\/\/geboortezorgsalland.nl\/pt\/wp-json\/wp\/v2\/types\/page"}],"author":[{"embeddable":true,"href":"https:\/\/geboortezorgsalland.nl\/pt\/wp-json\/wp\/v2\/users\/1"}],"replies":[{"embeddable":true,"href":"https:\/\/geboortezorgsalland.nl\/pt\/wp-json\/wp\/v2\/comments?post=591"}],"version-history":[{"count":0,"href":"https:\/\/geboortezorgsalland.nl\/pt\/wp-json\/wp\/v2\/pages\/591\/revisions"}],"wp:featuredmedia":[{"embeddable":true,"href":"https:\/\/geboortezorgsalland.nl\/pt\/wp-json\/wp\/v2\/media\/3101"}],"wp:attachment":[{"href":"https:\/\/geboortezorgsalland.nl\/pt\/wp-json\/wp\/v2\/media?parent=591"}],"curies":[{"name":"wp","href":"https:\/\/api.w.org\/{rel}","templated":true}]}}