{"id":652,"date":"2020-04-02T12:19:59","date_gmt":"2020-04-02T10:19:59","guid":{"rendered":"https:\/\/geboortezorgsalland.nl\/?page_id=652"},"modified":"2024-09-02T12:21:22","modified_gmt":"2024-09-02T10:21:22","slug":"opieka-zdrowotna-dla-dzieci-i-mlodziezy","status":"publish","type":"page","link":"https:\/\/geboortezorgsalland.nl\/pt\/nasze-centrum\/opieka-zdrowotna-dla-dzieci-i-mlodziezy\/","title":{"rendered":"Opieka zdrowotna dla dzieci i\u00a0m\u0142odzie\u017cy"},"content":{"rendered":"<p><!--StartFragment--><\/p>\n\n\n<h4 class=\"wp-block-heading\"><strong>Piel\u0119gniarka po\u0142o\u017cnicza ju\u017c sobie posz\u0142a. Co teraz?<\/strong><\/h4>\n\n\n\n<p>Od momentu, gdy stajesz si\u0119 ojcem lub matk\u0105, napotykasz wiele trudno\u015bci. S\u0105 rzeczy, kt\u00f3re przychodz\u0105 Ci naturalnie, ale mo\u017cesz te\u017c mie\u0107 pewne problemy lub pytania.<\/p>\n\n\n\n<p>GGD IJsselland zajmuje si\u0119 opiek\u0105 nad dzie\u0107mi w&nbsp;wieku 0-18&nbsp;lat. Ch\u0119tnie z&nbsp;Tob\u0105 porozmawiamy i&nbsp;upewnimy si\u0119, \u017ce Twoje dziecko przejdzie niezb\u0119dne badania lekarskie. Ponadto szczepimy dzieci przeciwko chorobom zaka\u017anym. Na stronie <a href=\"http:\/\/www.ggdijsselland.nl\">www.ggdijsselland.nl<\/a> znajdziesz wszystkie informacja na temat Opieki zdrowotnej dla dzieci i&nbsp;m\u0142odzie\u017cy w&nbsp;GGD IJsselland.<\/p>\n\n\n\n<p><strong>Czym zajmuje si\u0119 Centrum Opieki zdrowotnej dla dzieci i&nbsp;m\u0142odzie\u017cy w&nbsp;GGD IJsselland?<\/strong><\/p>\n\n\n\n<p>By\u0107 mo\u017ce zetkn\u0119\u0142a\u015b si\u0119 ju\u017c z&nbsp;nami, gdy by\u0142a\u015b w&nbsp;ci\u0105\u017cy, podczas prenatalnej wizyty domowej lub spotkania informacyjnego. Je\u015bli nie, w\u00f3wczas nasza piel\u0119gniarka odwiedzi Ci\u0119 w&nbsp;domu, gdy Twoje dziecko b\u0119dzie mia\u0142o oko\u0142o dw\u00f3ch tygodni. Wtedy b\u0119dziecie mogli si\u0119 zapozna\u0107 i&nbsp;porozmawia\u0107 o&nbsp;opiece nad dzieckiem, jego prawid\u0142owym wzrastaniu, od\u017cywianiu i&nbsp;rozwoju. Dodatkowo piel\u0119gniarka poinformuje Ci\u0119, czego mo\u017cesz oczekiwa\u0107 od Centrum Opieki zdrowotnej dla dzieci i&nbsp;m\u0142odzie\u017cy w&nbsp;GGD IJsselland. Zadzwonimy do Ciebie z&nbsp;wyprzedzeniem, aby um\u00f3wi\u0107 si\u0119 na t\u0119 wizyt\u0119, kt\u00f3ra zwykle odbywa si\u0119 pod koniec tygodnia po\u0142ogu.<\/p>\n\n\n\n<p>Kiedy Twoje dziecko b\u0119dzie mia\u0142o oko\u0142o trzech tygodni, mo\u017cesz po raz pierwszy zg\u0142osi\u0107 si\u0119 do przychodni. Tam Twoje dziecko zostanie zwa\u017cone i&nbsp;zmierzone przez konsultanta. Sama wizyta prowadzona jest przez pediatr\u0119, kt\u00f3ry zbada dziecko i&nbsp;porozmawia z&nbsp;Tob\u0105 o&nbsp;tym, jak sobie radzicie. Sama mo\u017cesz te\u017c zada\u0107 nurtuj\u0105ce Ci\u0119 pytania. Po konsultacji um\u00f3wicie si\u0119 na kolejn\u0105 wizyt\u0119. Wizyty odbywaj\u0105 si\u0119 naprzemiennie z&nbsp;pediatr\u0105 i&nbsp;piel\u0119gniark\u0105 dzieci\u0119c\u0105.<\/p>\n\n\n\n<p><strong>Masz pytanie w&nbsp;mi\u0119dzyczasie?<\/strong><\/p>\n\n\n\n<p>Macierzy\u0144stwo jest wspania\u0142e, ale nie zawsze \u0142atwe. Masz pytania lub w\u0105tpliwo\u015bci pomi\u0119dzy kolejnymi wizytami? Na przyk\u0142ad na temat karmienia, snu, skurcz\u00f3w lub wychowywania dzieci? Zawsze mo\u017cesz skontaktowa\u0107 si\u0119 z&nbsp;Centrum Opieki zdrowotnej dla dzieci i&nbsp;m\u0142odzie\u017cy w&nbsp;GGD IJsselland w&nbsp;dni robocze. Mo\u017cesz do nas dzwoni\u0107 pod numer (088&nbsp;&#8211;&nbsp;443&nbsp;07&nbsp;02) lub wys\u0142a\u0107 wiadomo\u015b\u0107 na adres <a href=\"mailto:jeugdgezondheidszorg@ggdijsselland.nl\">jeugdgezondheidszorg@ggdijsselland.nl<\/a>. Mo\u017cesz te\u017c wpa\u015b\u0107 do nas podczas naszych konsultacji. Na stronie www.ggdijsselland.nl znajdziesz daty i&nbsp;godziny przyj\u0119\u0107 w&nbsp;Twojej okolicy.<\/p>\n\n\n\n<p><strong>Co zrobi\u0107, gdy sytuacja nie jest najlepsza?<\/strong><\/p>\n\n\n\n<p>Czasami mog\u0105 zaistnie\u0107 sytuacje, w&nbsp;kt\u00f3rych sprawy z&nbsp;dzieckiem lub pozosta\u0142ymi cz\u0142onkami rodziny nie uk\u0142adaj\u0105 si\u0119 najlepiej. R\u00f3wnie\u017c w&nbsp;takich przypadkach mo\u017cesz skontaktowa\u0107 si\u0119 z&nbsp;GGD. Pracuj\u0105 tam eksperci z&nbsp;r\u00f3\u017cnych dziedzin, kt\u00f3rzy mog\u0105 udzieli\u0107 Ci pomocy. W&nbsp;strukturach CJG utworzono sie\u0107, w&nbsp;ramach kt\u00f3rej w&nbsp;razie potrzeby mo\u017cesz uzyska\u0107 pomoc i&nbsp;wskaz\u00f3wki.<\/p>\n\n\n\n<p><strong>Mieszkasz w&nbsp;innym obszarze?<\/strong><\/p>\n\n\n\n<p>Je\u015bli nie mieszkasz w&nbsp;jednej z&nbsp;11&nbsp;gmin wchodz\u0105cych w&nbsp;sk\u0142ad GGD IJsselland, zapoznaj si\u0119 z&nbsp;poni\u017cszym wykazem, aby uzyska\u0107 informacje na temat centrum opieki zdrowotnej dla dzieci i&nbsp;m\u0142odzie\u017cy w&nbsp;Twojej gminie!&nbsp;<\/p>\n\n\n\n<p>W&nbsp;gminie Voorst mo\u017cesz zg\u0142osi\u0107 si\u0119 do Centrum dla M\u0142odzie\u017cy i&nbsp;Rodziny [Centrum Jeugd &amp; Gezin] &#8211; sprawd\u017a stron\u0119 <a href=\"http:\/\/www.cjgvoorst.nl\">www.cjgvoorst.nl<\/a>, a&nbsp;je\u015bli mieszkasz w&nbsp;gminie Lochem, wejd\u017a na stron\u0119 <a href=\"http:\/\/www.Yunio.nl\">www.Yunio.nl<\/a><\/p>\n\n\n\n<p>Je\u015bli mieszkasz w&nbsp;gminie Rijssen-Holten lub Losser, w\u00f3wczas wi\u0119cej informacji o&nbsp;opiece zdrowotnej dla dzieci i&nbsp;m\u0142odzie\u017cy w&nbsp;Twojej okolicy znajdziesz na stronie <a href=\"https:\/\/www.ggdtwente.nl\/\">www.ggdtwente.nl<\/a><\/p>\n\n\n\n<p><\/p>\n\n\n\n<p><\/p>\n\n\n<p><!--EndFragment--><\/p>","protected":false},"excerpt":{"rendered":"<p>Piel\u0119gniarka po\u0142o\u017cnicza ju\u017c sobie posz\u0142a. Co teraz? Od momentu, gdy stajesz si\u0119 ojcem lub matk\u0105, napotykasz wiele trudno\u015bci. S\u0105 rzeczy, kt\u00f3re przychodz\u0105&#8230;<\/p>\n","protected":false},"author":6,"featured_media":4107,"parent":591,"menu_order":0,"comment_status":"closed","ping_status":"closed","template":"","meta":{"_acf_changed":false,"editor_notices":[],"footnotes":""},"class_list":["post-652","page","type-page","status-publish","has-post-thumbnail","hentry"],"acf":[],"_links":{"self":[{"href":"https:\/\/geboortezorgsalland.nl\/pt\/wp-json\/wp\/v2\/pages\/652","targetHints":{"allow":["GET"]}}],"collection":[{"href":"https:\/\/geboortezorgsalland.nl\/pt\/wp-json\/wp\/v2\/pages"}],"about":[{"href":"https:\/\/geboortezorgsalland.nl\/pt\/wp-json\/wp\/v2\/types\/page"}],"author":[{"embeddable":true,"href":"https:\/\/geboortezorgsalland.nl\/pt\/wp-json\/wp\/v2\/users\/6"}],"replies":[{"embeddable":true,"href":"https:\/\/geboortezorgsalland.nl\/pt\/wp-json\/wp\/v2\/comments?post=652"}],"version-history":[{"count":0,"href":"https:\/\/geboortezorgsalland.nl\/pt\/wp-json\/wp\/v2\/pages\/652\/revisions"}],"up":[{"embeddable":true,"href":"https:\/\/geboortezorgsalland.nl\/pt\/wp-json\/wp\/v2\/pages\/591"}],"wp:featuredmedia":[{"embeddable":true,"href":"https:\/\/geboortezorgsalland.nl\/pt\/wp-json\/wp\/v2\/media\/4107"}],"wp:attachment":[{"href":"https:\/\/geboortezorgsalland.nl\/pt\/wp-json\/wp\/v2\/media?parent=652"}],"curies":[{"name":"wp","href":"https:\/\/api.w.org\/{rel}","templated":true}]}}