{"id":99,"date":"2019-11-21T11:59:11","date_gmt":"2019-11-21T10:59:11","guid":{"rendered":"https:\/\/geboortezorgsalland.nl\/?page_id=99"},"modified":"2024-09-02T12:30:57","modified_gmt":"2024-09-02T10:30:57","slug":"o-nas","status":"publish","type":"page","link":"https:\/\/geboortezorgsalland.nl\/pt\/o-nas\/","title":{"rendered":"O\u00a0nas"},"content":{"rendered":"\n<h3 class=\"wp-block-heading\"><\/h3>\n\n\n\n<p>By\u0107 mo\u017ce odwiedzasz nasz\u0105 stron\u0119, poniewa\u017c chcesz mie\u0107 dzieci, a&nbsp;mo\u017ce jeste\u015b ju\u017c w&nbsp;ci\u0105\u017cy. Znajdziesz tu informacje dotycz\u0105ce wszelkich aspekt\u00f3w opieki oko\u0142oporodowej: rodzenia dzieci, ci\u0105\u017cy, porodu i&nbsp;po\u0142ogu, a&nbsp;tak\u017ce opieki zdrowotnej dla dzieci i&nbsp;m\u0142odzie\u017cy.<\/p>\n\n\n\n<p>W&nbsp;Geboortezorg Salland wszystkie po\u0142o\u017cne, ginekolodzy, szpital i&nbsp;przychodnie po\u0142o\u017cnicze \u015bci\u015ble ze sob\u0105 wsp\u00f3\u0142pracuj\u0105, aby ci\u0105\u017ca i&nbsp;narodziny dziecka przebiega\u0142y tak spokojnie, jak to tylko mo\u017cliwe.<br>Ka\u017cdy z&nbsp;nas ma swoje do\u015bwiadczenie. Tak d\u0142ugo, jak to mo\u017cliwe opiek\u0119 po\u0142o\u017cnicz\u0105 sprawuje po\u0142o\u017cna, a&nbsp;w&nbsp;razie potrzeby przejmuje j\u0105 ginekolog.<br>Wsp\u00f3lnie ustalamy \u015bcie\u017ck\u0119 opieki nad ci\u0105\u017c\u0105, kt\u00f3ra b\u0119dzie najlepiej odpowiada\u0107 Twojej sytuacji.<\/p>\n\n\n\n<p>Lekarze rodzinni, farmaceuci, piel\u0119gniarki pediatryczne i&nbsp;na przyk\u0142ad fizjoterapeuci te\u017c s\u0105 cz\u0119\u015bci\u0105 opieki po\u0142o\u017cniczej i&nbsp;r\u00f3wnie\u017c z&nbsp;nimi wsp\u00f3\u0142pracujemy.<br>Aby m\u00f3c si\u0119 z&nbsp;nimi skonsultowa\u0107, poprosimy Ci\u0119 oczywi\u015bcie o&nbsp;zgod\u0119.<\/p>\n\n\n\n<p class=\"has-text-align-center\"><strong><em>Podstaw\u0105 Centrum Opieki Po\u0142o\u017cniczej Geboortezorg Salland jest opieka nad przysz\u0142\u0105 matk\u0105, jej partnerem i&nbsp;dzieckiem!<\/em><\/strong><\/p>\n","protected":false},"excerpt":{"rendered":"<p>By\u0107 mo\u017ce odwiedzasz nasz\u0105 stron\u0119, poniewa\u017c chcesz mie\u0107 dzieci, a&nbsp;mo\u017ce jeste\u015b ju\u017c w&nbsp;ci\u0105\u017cy. Znajdziesz tu informacje dotycz\u0105ce wszelkich aspekt\u00f3w opieki oko\u0142oporodowej: rodzenia&#8230;<\/p>\n","protected":false},"author":1,"featured_media":100,"parent":0,"menu_order":0,"comment_status":"closed","ping_status":"closed","template":"","meta":{"_acf_changed":false,"editor_notices":[],"footnotes":""},"class_list":["post-99","page","type-page","status-publish","has-post-thumbnail","hentry"],"acf":[],"_links":{"self":[{"href":"https:\/\/geboortezorgsalland.nl\/pt\/wp-json\/wp\/v2\/pages\/99","targetHints":{"allow":["GET"]}}],"collection":[{"href":"https:\/\/geboortezorgsalland.nl\/pt\/wp-json\/wp\/v2\/pages"}],"about":[{"href":"https:\/\/geboortezorgsalland.nl\/pt\/wp-json\/wp\/v2\/types\/page"}],"author":[{"embeddable":true,"href":"https:\/\/geboortezorgsalland.nl\/pt\/wp-json\/wp\/v2\/users\/1"}],"replies":[{"embeddable":true,"href":"https:\/\/geboortezorgsalland.nl\/pt\/wp-json\/wp\/v2\/comments?post=99"}],"version-history":[{"count":0,"href":"https:\/\/geboortezorgsalland.nl\/pt\/wp-json\/wp\/v2\/pages\/99\/revisions"}],"wp:featuredmedia":[{"embeddable":true,"href":"https:\/\/geboortezorgsalland.nl\/pt\/wp-json\/wp\/v2\/media\/100"}],"wp:attachment":[{"href":"https:\/\/geboortezorgsalland.nl\/pt\/wp-json\/wp\/v2\/media?parent=99"}],"curies":[{"name":"wp","href":"https:\/\/api.w.org\/{rel}","templated":true}]}}