{"id":113,"date":"2019-11-21T16:27:49","date_gmt":"2019-11-21T15:27:49","guid":{"rendered":"https:\/\/geboortezorgsalland.nl\/?page_id=113"},"modified":"2024-08-22T12:38:34","modified_gmt":"2024-08-22T10:38:34","slug":"cocuk-sahibi-olmayi-istemek","status":"publish","type":"page","link":"https:\/\/geboortezorgsalland.nl\/tr\/sundugumuz-bakim\/cocuk-sahibi-olmayi-istemek\/","title":{"rendered":"\u00c7ocuk sahibi olmay\u0131 istemek"},"content":{"rendered":"\n<p>Hamile kalmak istiyorsan\u0131z \u00e7ocu\u011funuzun sa\u011fl\u0131kl\u0131 bir ba\u015flang\u0131\u00e7 \u200b\u200byapmas\u0131n\u0131 sa\u011flayabilirsiniz. Bu \u015fekilde \u00e7ocu\u011funuzun sa\u011fl\u0131\u011f\u0131 i\u00e7in iyi bir temel olu\u015fturmu\u015f olursunuz. <\/p>\n\n\n\n<ul class=\"wp-block-list\">\n<li>Sa\u011fl\u0131kl\u0131 bir ya\u015fam tarz\u0131n\u0131z oldu\u011funda hamilelik ihtimalinizi art\u0131r\u0131rs\u0131n\u0131z <\/li>\n\n\n\n<li>Sigaray\u0131, alkol almay\u0131 ve\/veya uyu\u015fturucu kullanmay\u0131 b\u0131rak\u0131n <\/li>\n\n\n\n<li>\u00c7ocuk sahibi olmak istedi\u011finiz anda, hamile kalmadan en az 4 hafta \u00f6nce folik asit almaya ba\u015flay\u0131n.<strong> <\/strong><\/li>\n<\/ul>\n\n\n\n<p>Daha fazla bilgiyi bulabilece\u011finiz web sitesi:\u00a0<a href=\"https:\/\/strakszwangerworden.nl\/\" target=\"_blank\" rel=\"noreferrer noopener\">strakszwangerworden.nl<\/a> veya <a aria-label=\" (opent in een nieuwe tab)\" href=\"https:\/\/www.wokewomen.nl\/\" target=\"_blank\" rel=\"noreferrer noopener\">wokewomen.nl<\/a><\/p>\n\n\n\n<p><strong>\u00c7ocuk sahibi olmay\u0131 isteyenler i\u00e7in g\u00f6r\u00fc\u015fme saati<\/strong><br>Hamile kalmadan \u00f6nce de (sa\u011fl\u0131kl\u0131) hamilelikle ilgili sorular\u0131n\u0131z i\u00e7in do\u011fum uzman\u0131yla ileti\u015fime ge\u00e7ebilirsiniz. \u00c7ocuk sahibi olmak isteyenlere i\u00e7in g\u00f6r\u00fc\u015fme saatleri esnas\u0131nda t\u00fcm sorular\u0131n\u0131z\u0131 yan\u0131tlayacak ve ki\u015fisel tavsiyelerde bulunacakt\u0131r. <\/p>\n\n\n\n<p><strong>Haz\u0131rl\u0131k<\/strong><br>Do\u011fum uzman\u0131 size, ki\u015fisel durumunuza uygun \u00f6zel bilgiler verecektir. Bu nedenle kons\u00fcltasyon i\u00e7in iyi bir haz\u0131rl\u0131k yap\u0131lmas\u0131 gerekmektedir. Bu nedenle, ailenizde (muhtemelen) g\u00f6r\u00fclen kal\u0131tsal hastal\u0131klar\u0131 d\u00fc\u015f\u00fcn\u00fcn. <\/p>\n\n\n\n<p>Zwangerwijzer web sitesi, faydal\u0131 bir yard\u0131m arac\u0131d\u0131r. Zwangerwijzer.nl web sitesindeki sorular listesini doldurun ve bir \u00e7\u0131kt\u0131s\u0131n\u0131 yan\u0131n\u0131zda do\u011fum uzman\u0131n\u0131za g\u00f6t\u00fcr\u00fcn (veya randevunuzdan \u00f6nce do\u011fum uzman\u0131n\u0131za e-postayla g\u00f6nderin). Do\u011fum uzman\u0131, kons\u00fcltasyon esnas\u0131nda bir risk fakt\u00f6r\u00fc tespit etti\u011finde, gerekiyorsa siz aile hekiminize, kad\u0131n do\u011fum uzman\u0131na veya ba\u015fka bir uzmana y\u00f6nlendirecektir.<\/p>\n\n\n\n<p>\u00c7ocuk sahibi olma iste\u011finizle ilgili dan\u0131\u015fmanl\u0131k edinmek i\u00e7in b\u00f6lgedeki t\u00fcm do\u011fum uzmanl\u0131\u011f\u0131 merkezlerine gidebilirsiniz.<\/p>\n\n\n\n<p><strong>Hamile kalmak m\u00fcmk\u00fcn olmad\u0131\u011f\u0131nda<\/strong><\/p>\n\n\n\n<p>Hamile kalmakta sorun ya\u015f\u0131yorsan\u0131z Deventer Hastanesi&#8217;ne gidebilirsiniz. Aile hekiminizin sevkine ihtiyac\u0131n\u0131z vard\u0131r.<\/p>\n","protected":false},"excerpt":{"rendered":"<p>Hamile kalmak istiyorsan\u0131z \u00e7ocu\u011funuzun sa\u011fl\u0131kl\u0131 bir ba\u015flang\u0131\u00e7 \u200b\u200byapmas\u0131n\u0131 sa\u011flayabilirsiniz. Bu \u015fekilde \u00e7ocu\u011funuzun sa\u011fl\u0131\u011f\u0131 i\u00e7in iyi bir temel olu\u015fturmu\u015f olursunuz. Daha fazla bilgiyi&#8230;<\/p>\n","protected":false},"author":1,"featured_media":525,"parent":591,"menu_order":0,"comment_status":"closed","ping_status":"closed","template":"","meta":{"_acf_changed":false,"editor_notices":[],"footnotes":""},"class_list":["post-113","page","type-page","status-publish","has-post-thumbnail","hentry"],"acf":[],"_links":{"self":[{"href":"https:\/\/geboortezorgsalland.nl\/tr\/wp-json\/wp\/v2\/pages\/113","targetHints":{"allow":["GET"]}}],"collection":[{"href":"https:\/\/geboortezorgsalland.nl\/tr\/wp-json\/wp\/v2\/pages"}],"about":[{"href":"https:\/\/geboortezorgsalland.nl\/tr\/wp-json\/wp\/v2\/types\/page"}],"author":[{"embeddable":true,"href":"https:\/\/geboortezorgsalland.nl\/tr\/wp-json\/wp\/v2\/users\/1"}],"replies":[{"embeddable":true,"href":"https:\/\/geboortezorgsalland.nl\/tr\/wp-json\/wp\/v2\/comments?post=113"}],"version-history":[{"count":0,"href":"https:\/\/geboortezorgsalland.nl\/tr\/wp-json\/wp\/v2\/pages\/113\/revisions"}],"up":[{"embeddable":true,"href":"https:\/\/geboortezorgsalland.nl\/tr\/wp-json\/wp\/v2\/pages\/591"}],"wp:featuredmedia":[{"embeddable":true,"href":"https:\/\/geboortezorgsalland.nl\/tr\/wp-json\/wp\/v2\/media\/525"}],"wp:attachment":[{"href":"https:\/\/geboortezorgsalland.nl\/tr\/wp-json\/wp\/v2\/media?parent=113"}],"curies":[{"name":"wp","href":"https:\/\/api.w.org\/{rel}","templated":true}]}}