{"id":117,"date":"2019-11-21T16:28:36","date_gmt":"2019-11-21T15:28:36","guid":{"rendered":"https:\/\/geboortezorgsalland.nl\/?page_id=117"},"modified":"2024-09-05T19:32:54","modified_gmt":"2024-09-05T17:32:54","slug":"lohusalik-zamani","status":"publish","type":"page","link":"https:\/\/geboortezorgsalland.nl\/tr\/sundugumuz-bakim\/lohusalik-zamani\/","title":{"rendered":"Lohusal\u0131k zaman\u0131"},"content":{"rendered":"\n<p>Ya\u015fas\u0131n, bebek do\u011fdu!<\/p>\n\n\n\n<p>Lohusal\u0131k d\u00f6neminde lohusa bak\u0131m\u0131 hem\u015firesi anne ve \u00e7ocu\u011fa en iyi ba\u015flang\u0131c\u0131 sa\u011flar ve lohusal\u0131k haftas\u0131n\u0131n sonunda \u00e7ocu\u011funuzla kesinlikle siz kendiniz ilgilenebilir olursunuz.<\/p>\n\n\n\n<h4 class=\"wp-block-heading\">Bebe\u011fin beslenmesi<\/h4>\n\n\n\n<p><a href=\"https:\/\/geboortezorgsalland.nl\/tr\/bebegin-beslenmesi\/\">Olas\u0131l\u0131klar hakk\u0131nda bilgileri burada okuyun<\/a><\/p>\n\n\n\n<h4 class=\"wp-block-heading\">Lohusa bak\u0131m\u0131 hem\u015firesi ne yapar<strong>?<\/strong><\/h4>\n\n\n\n<p>Lohusa bak\u0131m\u0131 hem\u015firesi<\/p>\n\n\n\n<ul class=\"wp-block-list\">\n<li>evde veya hastanede do\u011fumunuz esnas\u0131nda do\u011fum uzman\u0131na yard\u0131mc\u0131 olur; <\/li>\n\n\n\n<li>sizin ve bebe\u011finizin sa\u011fl\u0131\u011f\u0131n\u0131 g\u00f6zlemler ve izler;<\/li>\n\n\n\n<li>bu \u00f6zel anlarda size kulak verir ve ki\u015fisel ipu\u00e7lar\u0131 verir; <\/li>\n\n\n\n<li>beslenme, g\u00fcvenlik ve bak\u0131m konusunda bilgi ve talimatlar verir; <\/li>\n\n\n\n<li>lohusal\u0131k odas\u0131, bebek odas\u0131 ve \u0131slak alanlar\u0131 temiz tutar; <\/li>\n\n\n\n<li>evde destek sa\u011flar ve di\u011fer aile \u00fcyeleri i\u00e7inde destek\u00e7i olur; <\/li>\n\n\n\n<li>gerekti\u011finde do\u011fum uzman\u0131n\u0131zdan veya doktorunuzdan yard\u0131m ister; <\/li>\n\n\n\n<li>lohusal\u0131k haftas\u0131n\u0131n sonunda bak\u0131m\u0131 JGZ&#8217;ye (Gen\u00e7lik Sa\u011fl\u0131k Bak\u0131m\u0131 Hizmetleri) devreder.<\/li>\n<\/ul>\n\n\n\n<h4 class=\"wp-block-heading\">Sizin evinizde<\/h4>\n\n\n\n<p>Lohusal\u0131k bak\u0131m\u0131 hem\u015firesi evinize geldi. Onun odak noktas\u0131, sizin isteklerinizdir. Hamileli\u011finizin 30&#8217;uncu haftas\u0131nda yap\u0131lacak tan\u0131\u015fma g\u00f6r\u00fc\u015fmesinde sizin dilekleriniz g\u00f6r\u00fc\u015f\u00fclecektir. Evde birka\u00e7 e\u015fyan\u0131n bulundurulmas\u0131 \u00f6nemlidir. Bro\u015f\u00fcrlerde sizin ve \u00e7ocu\u011funuz i\u00e7in ihtiya\u00e7 duydu\u011funuz \u015feylerin yararl\u0131 listelerini bulacaks\u0131n\u0131z. (ikizler i\u00e7in de).<\/p>\n\n\n\n<h4 class=\"wp-block-heading\"><strong>Lohusa bak\u0131m\u0131 saat say\u0131s\u0131<\/strong><\/h4>\n\n\n\n<p>Alaca\u011f\u0131n\u0131z lohusal\u0131k bak\u0131m\u0131 saatlerinin say\u0131s\u0131 sizin durumunuza ba\u011fl\u0131d\u0131r. Bak\u0131m saati say\u0131s\u0131, Ulusal Endikasyon Protokol\u00fcn\u00fc esas al\u0131narak tan\u0131\u015fma g\u00f6r\u00fc\u015fmesinde belirlenir. E\u011fer ki bir neden oldu\u011funda, saat say\u0131s\u0131 lohusal\u0131k haftas\u0131nda de\u011fi\u015febilir. Esas olarak do\u011fumdan sonraki ilk sekiz g\u00fcn i\u00e7inde size lohusal\u0131k bak\u0131m\u0131 saatleri sunulur. Hastanede daha uzun s\u00fcre kalman\u0131z gerekiyor oldu\u011funda saat say\u0131s\u0131 azalt\u0131labilir.<\/p>\n\n\n\n<h4 class=\"wp-block-heading\"><strong>Lohusal\u0131k bak\u0131m\u0131n\u0131n maliyeti<\/strong><\/h4>\n\n\n\n<p>Lohusal\u0131k bak\u0131m\u0131 gerekli bir bak\u0131md\u0131r ve bu nedenle t\u00fcm temel sigortalar taraf\u0131ndan kar\u015f\u0131lan\u0131r. Saat ba\u015f\u0131na 4,50 miktar\u0131nda ki\u015fisel katk\u0131 pay\u0131 \u00f6dersiniz. Ek sigortan\u0131z m\u0131 var? O halde bu maliyetler sizin i\u00e7in (k\u0131smen) kar\u015f\u0131lanacakt\u0131r. Bunun i\u00e7in sa\u011fl\u0131k sigortan\u0131za dan\u0131\u015f\u0131n.<\/p>\n\n\n\n<h4 class=\"wp-block-heading\">Lohusal\u0131k bak\u0131m\u0131n\u0131n ayarlanmas\u0131<\/h4>\n\n\n\n<p>Do\u011fum uzman\u0131n\u0131z size Salland&#8217;da hangi lohusa bak\u0131m\u0131 hizmeti sa\u011flay\u0131c\u0131lar\u0131na gidebilece\u011finizi s\u00f6yleyecektir. Bunun yan\u0131 s\u0131ra her zaman sa\u011fl\u0131k sigortan\u0131zla da ileti\u015fime ge\u00e7ebilirsiniz. Hamileli\u011finizin 16&#8217;nc\u0131 haftas\u0131ndan \u00f6nce lohusa bak\u0131m\u0131n\u0131 ayarlam\u0131\u015f olman\u0131z iyi olur. Lohusa bak\u0131m\u0131 hizmeti sa\u011flay\u0131c\u0131lar\u0131n\u0131n \u00e7o\u011fu bunu web siteleri arac\u0131l\u0131\u011f\u0131yla veya telefonla h\u0131zl\u0131 ve kolay bir \u015fekilde yapar.<\/p>\n","protected":false},"excerpt":{"rendered":"<p>Ya\u015fas\u0131n, bebek do\u011fdu! Lohusal\u0131k d\u00f6neminde lohusa bak\u0131m\u0131 hem\u015firesi anne ve \u00e7ocu\u011fa en iyi ba\u015flang\u0131c\u0131 sa\u011flar ve lohusal\u0131k haftas\u0131n\u0131n sonunda \u00e7ocu\u011funuzla kesinlikle siz&#8230;<\/p>\n","protected":false},"author":1,"featured_media":4102,"parent":591,"menu_order":0,"comment_status":"closed","ping_status":"closed","template":"","meta":{"_acf_changed":false,"editor_notices":[],"footnotes":""},"class_list":["post-117","page","type-page","status-publish","has-post-thumbnail","hentry"],"acf":[],"_links":{"self":[{"href":"https:\/\/geboortezorgsalland.nl\/tr\/wp-json\/wp\/v2\/pages\/117","targetHints":{"allow":["GET"]}}],"collection":[{"href":"https:\/\/geboortezorgsalland.nl\/tr\/wp-json\/wp\/v2\/pages"}],"about":[{"href":"https:\/\/geboortezorgsalland.nl\/tr\/wp-json\/wp\/v2\/types\/page"}],"author":[{"embeddable":true,"href":"https:\/\/geboortezorgsalland.nl\/tr\/wp-json\/wp\/v2\/users\/1"}],"replies":[{"embeddable":true,"href":"https:\/\/geboortezorgsalland.nl\/tr\/wp-json\/wp\/v2\/comments?post=117"}],"version-history":[{"count":0,"href":"https:\/\/geboortezorgsalland.nl\/tr\/wp-json\/wp\/v2\/pages\/117\/revisions"}],"up":[{"embeddable":true,"href":"https:\/\/geboortezorgsalland.nl\/tr\/wp-json\/wp\/v2\/pages\/591"}],"wp:featuredmedia":[{"embeddable":true,"href":"https:\/\/geboortezorgsalland.nl\/tr\/wp-json\/wp\/v2\/media\/4102"}],"wp:attachment":[{"href":"https:\/\/geboortezorgsalland.nl\/tr\/wp-json\/wp\/v2\/media?parent=117"}],"curies":[{"name":"wp","href":"https:\/\/api.w.org\/{rel}","templated":true}]}}