{"id":127,"date":"2019-11-21T16:32:15","date_gmt":"2019-11-21T15:32:15","guid":{"rendered":"https:\/\/geboortezorgsalland.nl\/?page_id=127"},"modified":"2024-08-22T12:50:49","modified_gmt":"2024-08-22T10:50:49","slug":"yasal-uyari","status":"publish","type":"page","link":"https:\/\/geboortezorgsalland.nl\/tr\/yasal-uyari\/","title":{"rendered":"Yasal uyar\u0131"},"content":{"rendered":"<p><!--StartFragment--><\/p>\n\n\n<p>Geboortezorg Salland.nl web sitesi \u00f6zenle derlenmi\u015ftir ve d\u00fczenli olarak kontrol edilmektedir. Bu web sitesinin i\u00e7eri\u011fine (metinler, resimler ve logolar) ili\u015fkin t\u00fcm haklar Deventer&#8217;deki Geboortezorg Salland.nl&#8217;ye aittir. Bilgiler g\u00fcncelli\u011fini kaybetmi\u015f veya eksik olabilir. Geboortezorg Salland, bu web sitesindeki herhangi bir yanl\u0131\u015f bilgiden kaynaklanan hi\u00e7bir t\u00fcrde zarardan dolay\u0131 sorumluluk kabul etmemektedir. Site sadece bilgi kayna\u011f\u0131 olarak tasarlanm\u0131\u015ft\u0131r. Web sitesi sa\u011fl\u0131k hizmeti sa\u011flay\u0131c\u0131lar\u0131m\u0131z taraf\u0131ndan m\u00fc\u015fterilerimize\/hastalar\u0131m\u0131za sa\u011flanan bilgilerin yerine ge\u00e7memektedir. Geboortezorg Salland.nl&#8217;deki bilgiler ayn\u0131 zamanda Facebook gibi sosyal medya arac\u0131l\u0131\u011f\u0131yla da payla\u015f\u0131lmaktad\u0131r.<\/p>\n\n\n\n<p><strong>Telif hakk\u0131<\/strong><br>Geboortezorg Salland.nl&#8217;deki t\u00fcm metinler ve resimler telif hakk\u0131yla korunmaktad\u0131r ve ba\u015fkalar\u0131 taraf\u0131ndan kullan\u0131lamaz. Web sitesinde telif haklar\u0131n\u0131n yanl\u0131\u015f kullan\u0131ld\u0131\u011f\u0131 bir metin veya resim oldu\u011funda <a href=\"https:\/\/geboortezorgsalland.nl\/contact\/\">web edit\u00f6rleri<\/a> ile ileti\u015fime ge\u00e7in.<\/p>\n\n\n\n<p>Geboortezorg Salland.nl, bu web sitesine bilgi yerle\u015ftirerek \u00fc\u00e7\u00fcnc\u00fc taraflara kar\u015f\u0131 herhangi bir y\u00fck\u00fcml\u00fcl\u00fck alt\u0131na girmez. Bu nedenle bu web sitesinin i\u00e7eri\u011finden hi\u00e7bir hak elde edilemez.<\/p>\n\n\n<p><!--StartFragment--><\/p>\n\n\n<p><strong>Geboortezorg Salland.nl&#8217;ye ba\u011fl\u0131 web siteleri<\/strong><\/p>\n\n\n\n<p>Geboortezorg Salland.nl web sitesi ba\u015fkalar\u0131 taraf\u0131ndan i\u015fletilen di\u011fer web sitelerine ba\u011flant\u0131lar i\u00e7erebilir. Bu web sitelerinin i\u00e7eri\u011finden biz sorumlu de\u011filiz. Yasal uyar\u0131 k\u0131sm\u0131na bak\u0131n\u0131z.<\/p>\n\n\n\n<p><strong>De\u011fi\u015fiklikler<\/strong><\/p>\n\n\n\n<p>Geboortezorg Salland.nl edit\u00f6rleri, yasal uyar\u0131 k\u0131sm\u0131nda istedikleri zaman de\u011fi\u015fiklik yapabilirler.<\/p>\n\n\n<p><!--EndFragment--><\/p>\n<p><!--EndFragment--><\/p>","protected":false},"excerpt":{"rendered":"<p>Geboortezorg Salland.nl web sitesi \u00f6zenle derlenmi\u015ftir ve d\u00fczenli olarak kontrol edilmektedir. Bu web sitesinin i\u00e7eri\u011fine (metinler, resimler ve logolar) ili\u015fkin t\u00fcm haklar&#8230;<\/p>\n","protected":false},"author":1,"featured_media":0,"parent":0,"menu_order":0,"comment_status":"closed","ping_status":"closed","template":"","meta":{"_acf_changed":false,"editor_notices":[],"footnotes":""},"class_list":["post-127","page","type-page","status-publish","hentry"],"acf":[],"_links":{"self":[{"href":"https:\/\/geboortezorgsalland.nl\/tr\/wp-json\/wp\/v2\/pages\/127","targetHints":{"allow":["GET"]}}],"collection":[{"href":"https:\/\/geboortezorgsalland.nl\/tr\/wp-json\/wp\/v2\/pages"}],"about":[{"href":"https:\/\/geboortezorgsalland.nl\/tr\/wp-json\/wp\/v2\/types\/page"}],"author":[{"embeddable":true,"href":"https:\/\/geboortezorgsalland.nl\/tr\/wp-json\/wp\/v2\/users\/1"}],"replies":[{"embeddable":true,"href":"https:\/\/geboortezorgsalland.nl\/tr\/wp-json\/wp\/v2\/comments?post=127"}],"version-history":[{"count":0,"href":"https:\/\/geboortezorgsalland.nl\/tr\/wp-json\/wp\/v2\/pages\/127\/revisions"}],"wp:attachment":[{"href":"https:\/\/geboortezorgsalland.nl\/tr\/wp-json\/wp\/v2\/media?parent=127"}],"curies":[{"name":"wp","href":"https:\/\/api.w.org\/{rel}","templated":true}]}}