{"id":129,"date":"2019-11-21T16:32:35","date_gmt":"2019-11-21T15:32:35","guid":{"rendered":"https:\/\/geboortezorgsalland.nl\/?page_id=129"},"modified":"2024-08-22T12:23:42","modified_gmt":"2024-08-22T10:23:42","slug":"tarihce","status":"publish","type":"page","link":"https:\/\/geboortezorgsalland.nl\/tr\/hakkimizda\/tarihce\/","title":{"rendered":"Tarih\u00e7e"},"content":{"rendered":"\n<p>Verloskundige Werkgroep Deventer (Deventer Do\u011fum Uzmanlar\u0131 \u00c7al\u0131\u015fma Grubu), do\u011fum uzmanlar\u0131, aile hekimleri, jinekologlar ve bebek bak\u0131m\u0131 uzmanlar\u0131ndan olu\u015fan bir ortakl\u0131kla 1975 y\u0131l\u0131nda kuruldu. O zaman bile ama\u00e7 ve felsefe, hamilelik esnas\u0131ndaki risk vakalar\u0131n\u0131 belirlemek ve yakla\u015f\u0131m\u0131 bireysel hamile kad\u0131na g\u00f6re uyarlamak ve b\u00f6ylece o hamile kad\u0131na en iyi bak\u0131m\u0131n sa\u011flanmas\u0131n\u0131 sa\u011flamakt\u0131.<\/p>\n\n\n\n<p>2010 y\u0131l\u0131nda, Stuurgroep Zwangerschap en Geboorte (Hamilelik ve Do\u011fum Y\u00f6nlendirme Grubu) taraf\u0131ndan, bak\u0131m\u0131n g\u00fcvenli hale getirilmesi ve m\u00fcmk\u00fcn oldu\u011fu durumlarda do\u011fum esnas\u0131nda bebek \u00f6l\u00fcmlerinin azalt\u0131lmas\u0131 i\u00e7in hamilelik ve do\u011fumla ilgili bak\u0131mda iyile\u015ftirmeler yap\u0131lmas\u0131na ili\u015fkin tavsiyelerin yer ald\u0131\u011f\u0131 &#8216;Een goed begin&#8217; (\u0130yi bir ba\u015flang\u0131\u00e7) ba\u015fl\u0131kl\u0131 bir rapor yay\u0131nland\u0131.<\/p>\n\n\n\n<p><strong>Bu rapor 7 \u00f6nemli nokta i\u00e7ermektedir:<\/strong><\/p>\n\n\n\n<ul class=\"wp-block-list\">\n<li>Anne ve \u00e7ocuk ba\u015froldedir<\/li>\n\n\n\n<li>Sa\u011fl\u0131kl\u0131 ya\u015flanma, anne karn\u0131nda ba\u015flar<\/li>\n\n\n\n<li>A\u00e7\u0131k ve net bilgilerle iyi bilgilendirilmi\u015f olan hamile kad\u0131nlar<\/li>\n\n\n\n<li>Profesyonel g\u00f6revliler bak\u0131mdan m\u00fc\u015ftereken sorumludurlar (i\u015f birli\u011fi) <\/li>\n\n\n\n<li>Dezavantajl\u0131 durumlardaki kad\u0131nlara \u00f6zel ve yo\u011fun ilgi<\/li>\n\n\n\n<li>Do\u011fum yapan kad\u0131n\u0131n yaln\u0131z b\u0131rak\u0131lmamas\u0131<\/li>\n\n\n\n<li>Gerekli bak\u0131m i\u00e7in profesyonel g\u00f6revlilerin 7\/24 eri\u015filebilir ve ula\u015f\u0131labilir olmalar\u0131.<\/li>\n<\/ul>\n\n\n\n<p>2012 y\u0131l\u0131nda b\u00f6lgedeki i\u015f birli\u011fi, Geboortezorg Salland&#8217;\u0131n kurulmas\u0131na yol a\u00e7t\u0131.<\/p>\n\n\n\n<p>Deventer b\u00f6lgesindeki do\u011fum bak\u0131m zincirindeki ortaklar, anneye\/anne aday\u0131na, e\u015fe ve \u00e7ocu\u011fa m\u00fcmk\u00fcn olan en iyi bak\u0131m\u0131 sa\u011flamak istiyor. Tutarl\u0131 ve kapsaml\u0131 bir \u015fekilde y\u00fcksek kaliteli bak\u0131m sunuluyor. Bak\u0131m uygun ve zaman\u0131ndad\u0131r ve m\u00fcmk\u00fcn olan durumlarda kad\u0131n do\u011fum uzman\u0131 ve gerekti\u011finde jinekolog taraf\u0131ndan sa\u011flan\u0131r.<\/p>\n\n\n\n<p><strong>Bu durum, a\u015fa\u011f\u0131da belirtilen hedeflere yol a\u00e7m\u0131\u015ft\u0131r:<\/strong><\/p>\n\n\n\n<ul class=\"wp-block-list\">\n<li>Odak noktas\u0131n\u0131 hamile kad\u0131n olu\u015fturur<\/li>\n\n\n\n<li>Risk se\u00e7iminin, kad\u0131n do\u011fum uzman\u0131 ve jinekolog taraf\u0131ndan ortakla\u015fa yap\u0131lmas\u0131 (ortak kabul g\u00f6r\u00fc\u015fmesi)<\/li>\n\n\n\n<li>Sa\u011fl\u0131kl\u0131 bir hamile kad\u0131n i\u00e7in bak\u0131m yolunu ve belirli ekstra bak\u0131m yollar\u0131n\u0131n geli\u015ftirilmesi ve g\u00fcncellenmesi<\/li>\n\n\n\n<li>Erken te\u015fhis, hamilelikte ev ziyaretlerinin ortak d\u00fczenlenmesi<\/li>\n\n\n\n<li>B\u00f6lgedeki bilgilerin netle\u015ftirilmesi<\/li>\n\n\n\n<li>Kad\u0131n do\u011fum uzmanlar\u0131 ve jinekologlar aras\u0131ndaki bilgi al\u0131\u015fveri\u015finin optimize edilmesi<\/li>\n\n\n\n<li>Birlikte \u00e7al\u0131\u015fma anla\u015fmalar\u0131 ve protokollerin geli\u015ftirilmesi ve s\u00fcrd\u00fcr\u00fclmesi<\/li>\n\n\n\n<li>Deventer Hastanesi&#8217;nde kapasite sorunlar\u0131n\u0131n \u00e7\u00f6z\u00fclmesi<\/li>\n\n\n\n<li>Akut do\u011fum uzmanl\u0131\u011f\u0131 konusunda ortak e\u011fitimin g\u00f6r\u00fclmesi<\/li>\n\n\n\n<li>B\u00f6lgede b\u00fct\u00fcnle\u015fmi\u015f bak\u0131m i\u00e7in \u00e7aba g\u00f6sterilmesi. 2019 y\u0131l\u0131nda Integrale Geboortezorg Organisatie kuruldu.<\/li>\n<\/ul>\n","protected":false},"excerpt":{"rendered":"<p>Verloskundige Werkgroep Deventer (Deventer Do\u011fum Uzmanlar\u0131 \u00c7al\u0131\u015fma Grubu), do\u011fum uzmanlar\u0131, aile hekimleri, jinekologlar ve bebek bak\u0131m\u0131 uzmanlar\u0131ndan olu\u015fan bir ortakl\u0131kla 1975 y\u0131l\u0131nda&#8230;<\/p>\n","protected":false},"author":1,"featured_media":4088,"parent":99,"menu_order":0,"comment_status":"closed","ping_status":"closed","template":"","meta":{"_acf_changed":false,"editor_notices":[],"footnotes":""},"class_list":["post-129","page","type-page","status-publish","has-post-thumbnail","hentry"],"acf":[],"_links":{"self":[{"href":"https:\/\/geboortezorgsalland.nl\/tr\/wp-json\/wp\/v2\/pages\/129","targetHints":{"allow":["GET"]}}],"collection":[{"href":"https:\/\/geboortezorgsalland.nl\/tr\/wp-json\/wp\/v2\/pages"}],"about":[{"href":"https:\/\/geboortezorgsalland.nl\/tr\/wp-json\/wp\/v2\/types\/page"}],"author":[{"embeddable":true,"href":"https:\/\/geboortezorgsalland.nl\/tr\/wp-json\/wp\/v2\/users\/1"}],"replies":[{"embeddable":true,"href":"https:\/\/geboortezorgsalland.nl\/tr\/wp-json\/wp\/v2\/comments?post=129"}],"version-history":[{"count":0,"href":"https:\/\/geboortezorgsalland.nl\/tr\/wp-json\/wp\/v2\/pages\/129\/revisions"}],"up":[{"embeddable":true,"href":"https:\/\/geboortezorgsalland.nl\/tr\/wp-json\/wp\/v2\/pages\/99"}],"wp:featuredmedia":[{"embeddable":true,"href":"https:\/\/geboortezorgsalland.nl\/tr\/wp-json\/wp\/v2\/media\/4088"}],"wp:attachment":[{"href":"https:\/\/geboortezorgsalland.nl\/tr\/wp-json\/wp\/v2\/media?parent=129"}],"curies":[{"name":"wp","href":"https:\/\/api.w.org\/{rel}","templated":true}]}}