{"id":144,"date":"2019-11-21T16:37:47","date_gmt":"2019-11-21T15:37:47","guid":{"rendered":"https:\/\/geboortezorgsalland.nl\/?page_id=144"},"modified":"2024-08-22T12:30:31","modified_gmt":"2024-08-22T10:30:31","slug":"contact","status":"publish","type":"page","link":"https:\/\/geboortezorgsalland.nl\/tr\/contact\/","title":{"rendered":"\u0130leti\u015fim"},"content":{"rendered":"\n<p>Geboortezorg Salland&#8217;a info@geboortezorgsalland.nl e-posta adresi arac\u0131l\u0131\u011f\u0131yla ula\u015f\u0131labilir. E-postalar 7 g\u00fcn i\u00e7inde cevapland\u0131r\u0131l\u0131r.<\/p>\n\n\n\n<p>Geboortezorg Salland sekreterli\u011fine 0570-535253 numaral\u0131 telefondan ula\u015fabilirsiniz.<\/p>\n\n\n\n<h4 class=\"wp-block-heading\">D\u0130KKAT!<\/h4>\n\n\n\n<p>Bu e-posta adresi t\u0131bbi sorular\u0131n\u0131z veya sa\u011fl\u0131k uzman\u0131n\u0131zla ileti\u015fim kurman\u0131z i\u00e7in <strong>de\u011fildir<\/strong>. Bunun i\u00e7in her zaman <a href=\"https:\/\/geboortezorgsalland.nl\/onze-praktijken\/\">sa\u011fl\u0131k uzman\u0131n\u0131z\u0131n<\/a> ileti\u015fim bilgilerini kullan\u0131n.<\/p>\n","protected":false},"excerpt":{"rendered":"<p>Geboortezorg Salland&#8217;a info@geboortezorgsalland.nl e-posta adresi arac\u0131l\u0131\u011f\u0131yla ula\u015f\u0131labilir. E-postalar 7 g\u00fcn i\u00e7inde cevapland\u0131r\u0131l\u0131r. Geboortezorg Salland sekreterli\u011fine 0570-535253 numaral\u0131 telefondan ula\u015fabilirsiniz. D\u0130KKAT! Bu e-posta&#8230;<\/p>\n","protected":false},"author":1,"featured_media":0,"parent":0,"menu_order":0,"comment_status":"closed","ping_status":"closed","template":"","meta":{"_acf_changed":false,"editor_notices":[],"footnotes":""},"class_list":["post-144","page","type-page","status-publish","hentry"],"acf":[],"_links":{"self":[{"href":"https:\/\/geboortezorgsalland.nl\/tr\/wp-json\/wp\/v2\/pages\/144","targetHints":{"allow":["GET"]}}],"collection":[{"href":"https:\/\/geboortezorgsalland.nl\/tr\/wp-json\/wp\/v2\/pages"}],"about":[{"href":"https:\/\/geboortezorgsalland.nl\/tr\/wp-json\/wp\/v2\/types\/page"}],"author":[{"embeddable":true,"href":"https:\/\/geboortezorgsalland.nl\/tr\/wp-json\/wp\/v2\/users\/1"}],"replies":[{"embeddable":true,"href":"https:\/\/geboortezorgsalland.nl\/tr\/wp-json\/wp\/v2\/comments?post=144"}],"version-history":[{"count":0,"href":"https:\/\/geboortezorgsalland.nl\/tr\/wp-json\/wp\/v2\/pages\/144\/revisions"}],"wp:attachment":[{"href":"https:\/\/geboortezorgsalland.nl\/tr\/wp-json\/wp\/v2\/media?parent=144"}],"curies":[{"name":"wp","href":"https:\/\/api.w.org\/{rel}","templated":true}]}}