{"id":2223,"date":"2020-04-30T12:14:50","date_gmt":"2020-04-30T10:14:50","guid":{"rendered":"https:\/\/geboortezorgsalland.nl\/?page_id=2223"},"modified":"2024-08-22T12:31:01","modified_gmt":"2024-08-22T10:31:01","slug":"lohusalik-donemi-ve-beslenme-2","status":"publish","type":"page","link":"https:\/\/geboortezorgsalland.nl\/tr\/lohusalik-donemi-ve-beslenme-2\/","title":{"rendered":"Lohusal\u0131k d\u00f6nemi ve beslenme"},"content":{"rendered":"\n<p>\u00c7ocu\u011funuz yak\u0131nda g\u00fcnl\u00fck hayat\u0131n\u0131z\u0131n b\u00fcy\u00fck bir b\u00f6l\u00fcm\u00fcn\u00fc belirleyecek. Neyse ki lohusa bak\u0131c\u0131s\u0131 do\u011fumdan sonraki ilk d\u00f6nemde size yard\u0131mc\u0131 olacakt\u0131r. Size nas\u0131l destek sunacaklar\u0131n\u0131 size bu toplant\u0131 esnas\u0131nda anlat\u0131lacak. Bunun yan\u0131 s\u0131ra bebe\u011fin beslenmesine de \u00e7ok dikkat ediyoruz. \u0130yi bir se\u00e7im yapabilmeniz i\u00e7in size emzirme ve biberonla besleme hakk\u0131nda her \u015feyi anlat\u0131yoruz.<\/p>\n\n\n\n<figure class=\"wp-block-embed is-type-video is-provider-youtube wp-block-embed-youtube wp-embed-aspect-4-3 wp-has-aspect-ratio\"><div class=\"wp-block-embed__wrapper\">\n<iframe title=\"Voeding en Kraamzorg\" width=\"500\" height=\"375\" src=\"https:\/\/www.youtube.com\/embed\/-XYtIsvfEYQ?feature=oembed\" frameborder=\"0\" allow=\"accelerometer; autoplay; clipboard-write; encrypted-media; gyroscope; picture-in-picture; web-share\" referrerpolicy=\"strict-origin-when-cross-origin\" allowfullscreen><\/iframe>\n<\/div><\/figure>\n","protected":false},"excerpt":{"rendered":"<p>\u00c7ocu\u011funuz yak\u0131nda g\u00fcnl\u00fck hayat\u0131n\u0131z\u0131n b\u00fcy\u00fck bir b\u00f6l\u00fcm\u00fcn\u00fc belirleyecek. Neyse ki lohusa bak\u0131c\u0131s\u0131 do\u011fumdan sonraki ilk d\u00f6nemde size yard\u0131mc\u0131 olacakt\u0131r. Size nas\u0131l destek&#8230;<\/p>\n","protected":false},"author":6,"featured_media":2229,"parent":0,"menu_order":0,"comment_status":"closed","ping_status":"closed","template":"","meta":{"_acf_changed":false,"editor_notices":[],"footnotes":""},"class_list":["post-2223","page","type-page","status-publish","has-post-thumbnail","hentry"],"acf":[],"_links":{"self":[{"href":"https:\/\/geboortezorgsalland.nl\/tr\/wp-json\/wp\/v2\/pages\/2223","targetHints":{"allow":["GET"]}}],"collection":[{"href":"https:\/\/geboortezorgsalland.nl\/tr\/wp-json\/wp\/v2\/pages"}],"about":[{"href":"https:\/\/geboortezorgsalland.nl\/tr\/wp-json\/wp\/v2\/types\/page"}],"author":[{"embeddable":true,"href":"https:\/\/geboortezorgsalland.nl\/tr\/wp-json\/wp\/v2\/users\/6"}],"replies":[{"embeddable":true,"href":"https:\/\/geboortezorgsalland.nl\/tr\/wp-json\/wp\/v2\/comments?post=2223"}],"version-history":[{"count":0,"href":"https:\/\/geboortezorgsalland.nl\/tr\/wp-json\/wp\/v2\/pages\/2223\/revisions"}],"wp:featuredmedia":[{"embeddable":true,"href":"https:\/\/geboortezorgsalland.nl\/tr\/wp-json\/wp\/v2\/media\/2229"}],"wp:attachment":[{"href":"https:\/\/geboortezorgsalland.nl\/tr\/wp-json\/wp\/v2\/media?parent=2223"}],"curies":[{"name":"wp","href":"https:\/\/api.w.org\/{rel}","templated":true}]}}