{"id":2414,"date":"2020-07-25T12:48:44","date_gmt":"2020-07-25T10:48:44","guid":{"rendered":"https:\/\/geboortezorgsalland.nl\/?page_id=2414"},"modified":"2024-08-22T12:38:01","modified_gmt":"2024-08-22T10:38:01","slug":"bakim-sureciniz","status":"publish","type":"page","link":"https:\/\/geboortezorgsalland.nl\/tr\/sundugumuz-bakim\/bakim-sureciniz\/","title":{"rendered":"Bak\u0131m s\u00fcreciniz"},"content":{"rendered":"\n<p>Do\u011fum uzman\u0131 ile yapaca\u011f\u0131n\u0131z ilk kontrol esnas\u0131nda size <a href=\"https:\/\/geboortezorgsalland.nl\/wp-content\/uploads\/2020\/07\/Jouw-Zorgpad.pdf\" target=\"_blank\" rel=\"noreferrer noopener\">bak\u0131m s\u00fcreci<\/a>nizi g\u00f6steren bir dosya verilecektir.<\/p>\n\n\n\n<p>Hamilelikte muayeneler, ayd\u0131nlatmalar ve bilgiler hakk\u0131nda arad\u0131\u011f\u0131n\u0131z her \u015feyi bulabilece\u011finiz ve hamilelik esnas\u0131nda kendiniz ayarlaman\u0131z gerekenlerin bir listesidir.<\/p>\n\n\n\n<p>Sadece do\u011fum uzman\u0131na de\u011fil, hastanedeki jinekolo\u011fa gitti\u011finizde de her hamilelik kontrol\u00fcnde kart\u0131n\u0131z\u0131 yan\u0131n\u0131zda bulundurun. T\u00fcm sa\u011fl\u0131k hizmeti sa\u011flay\u0131c\u0131lar\u0131 b\u00f6ylece size t\u00fcm bilgilerin verilip verilmedi\u011fini takip edebilir.<\/p>\n\n\n\n<p>Bu web sitesinde bak\u0131m s\u00fcrecinizi a\u00e7arsan\u0131z, bro\u015f\u00fcr ve tan\u0131t\u0131c\u0131 kitap\u00e7\u0131klar\u0131 ba\u011flant\u0131lar\u0131na hemen t\u0131klayabilirsiniz!<\/p>\n","protected":false},"excerpt":{"rendered":"<p>Do\u011fum uzman\u0131 ile yapaca\u011f\u0131n\u0131z ilk kontrol esnas\u0131nda size bak\u0131m s\u00fcrecinizi g\u00f6steren bir dosya verilecektir. Hamilelikte muayeneler, ayd\u0131nlatmalar ve bilgiler hakk\u0131nda arad\u0131\u011f\u0131n\u0131z her&#8230;<\/p>\n","protected":false},"author":6,"featured_media":0,"parent":591,"menu_order":0,"comment_status":"closed","ping_status":"closed","template":"","meta":{"_acf_changed":false,"editor_notices":[],"footnotes":""},"class_list":["post-2414","page","type-page","status-publish","hentry"],"acf":[],"_links":{"self":[{"href":"https:\/\/geboortezorgsalland.nl\/tr\/wp-json\/wp\/v2\/pages\/2414","targetHints":{"allow":["GET"]}}],"collection":[{"href":"https:\/\/geboortezorgsalland.nl\/tr\/wp-json\/wp\/v2\/pages"}],"about":[{"href":"https:\/\/geboortezorgsalland.nl\/tr\/wp-json\/wp\/v2\/types\/page"}],"author":[{"embeddable":true,"href":"https:\/\/geboortezorgsalland.nl\/tr\/wp-json\/wp\/v2\/users\/6"}],"replies":[{"embeddable":true,"href":"https:\/\/geboortezorgsalland.nl\/tr\/wp-json\/wp\/v2\/comments?post=2414"}],"version-history":[{"count":0,"href":"https:\/\/geboortezorgsalland.nl\/tr\/wp-json\/wp\/v2\/pages\/2414\/revisions"}],"up":[{"embeddable":true,"href":"https:\/\/geboortezorgsalland.nl\/tr\/wp-json\/wp\/v2\/pages\/591"}],"wp:attachment":[{"href":"https:\/\/geboortezorgsalland.nl\/tr\/wp-json\/wp\/v2\/media?parent=2414"}],"curies":[{"name":"wp","href":"https:\/\/api.w.org\/{rel}","templated":true}]}}