{"id":304,"date":"2020-01-17T12:46:37","date_gmt":"2020-01-17T11:46:37","guid":{"rendered":"https:\/\/geboortezorgsalland.nl\/?page_id=304"},"modified":"2024-09-05T19:06:30","modified_gmt":"2024-09-05T17:06:30","slug":"hamilelik","status":"publish","type":"page","link":"https:\/\/geboortezorgsalland.nl\/tr\/sundugumuz-bakim\/hamilelik\/","title":{"rendered":"Hamilelik"},"content":{"rendered":"\n<h4 class=\"wp-block-heading\">Sa\u011fl\u0131kl\u0131 bir \u015fekilde hamile olmak <\/h4>\n\n\n\n<p>Hamile kalmay\u0131 istemeden \u00f6nce bile \u00e7ocu\u011funuzun sa\u011fl\u0131kl\u0131 bir ba\u015flang\u0131\u00e7 \u200b\u200byapmas\u0131n\u0131 sa\u011flayabilirsiniz. Sa\u011fl\u0131kl\u0131 bir ya\u015fam tarz\u0131n\u0131z olursa, sa\u011fl\u0131kl\u0131 bir hamilelik ge\u00e7irme ihtimalini art\u0131rm\u0131\u015f olursunuz. Bu husus, \u00e7ocu\u011funuzun gelece\u011fi i\u00e7in iyi bir temeldir. Daha fazla bilgiyi <a href=\"https:\/\/geboortezorgsalland.nl\/tr\/sundugumuz-bakim\/cocuk-sahibi-olmayi-istemek\/\">\u00e7ocuk sahibi olmak isteme<\/a> ile ilgili sayfada okuyun.<\/p>\n\n\n\n<p>\u0130lk 12 hafta \u00e7ok \u00f6nemlidir. D\u00f6llenmi\u015f yumurta b\u00fcy\u00fcy\u00fcp tam bir bebe\u011fe d\u00f6n\u00fc\u015f\u00fcr. Bu d\u00f6nemde bebek i\u00e7in her \u015feyin nas\u0131l ayarland\u0131\u011f\u0131n\u0131 bu <a aria-label=\"website (opent in een nieuwe tab)\" href=\"https:\/\/deverloskundige.nl\/zwangerschap\/zwangerschaps-kalender\" target=\"_blank\" rel=\"noreferrer noopener\">web sitesi<\/a>nden takip edebilirsiniz. Yani her ne kadar az hissetseniz ve hen\u00fcz hi\u00e7bir \u015fey g\u00f6remeseniz de sa\u011fl\u0131kl\u0131 bir \u015fekilde ya\u015famak art\u0131k \u00e7ok \u00f6nemlidir.<\/p>\n\n\n\n<p>Tan\u0131t\u0131c\u0131 kitap\u00e7\u0131klarda hamilelik esnas\u0131ndaki sa\u011fl\u0131\u011f\u0131n\u0131z, enfeksiyonlar\u0131n \u00f6nlenmesi ve i\u015f yerindeki riskler hakk\u0131nda genel bilgilerin yan\u0131 s\u0131ra sigara, alkol ve uyu\u015fturucudan uzak bir hamilelik ge\u00e7irmenin \u00f6nemi hakk\u0131nda genel bilgiler bulacaks\u0131n\u0131z. <\/p>\n\n\n\n<p>Hamileyseniz kendinize uygun bir do\u011fum uzmanl\u0131\u011f\u0131 merkezini siz kendiniz se\u00e7ebilirsiniz. Kabul g\u00f6r\u00fc\u015fmesi ve do\u011fum uzmanl\u0131\u011f\u0131 bak\u0131m\u0131 i\u00e7in oraya kaydolun. Hamileli\u011finiz s\u00fcresince jinekolog taraf\u0131ndan kontrol edilece\u011finizi bilseniz bile kabul g\u00f6r\u00fc\u015fmesi i\u00e7in \u00f6ncelikle do\u011fum uzman\u0131na ba\u015fvurman\u0131z gerekmektedir. Do\u011fum uzman\u0131 daha sonra jinekologla birlikte bak\u0131m hizmetlerini ba\u015flatacakt\u0131r.<\/p>\n\n\n\n<h4 class=\"wp-block-heading\">Kabul g\u00f6r\u00fc\u015fmesi<\/h4>\n\n\n\n<p>Bir do\u011fum uzman\u0131 ile ilk g\u00f6r\u00fc\u015fmenizi hamileli\u011fin 8&#8217;inci haftas\u0131 civar\u0131nda yapacaks\u0131n\u0131z. O zaman t\u0131bbi ge\u00e7mi\u015finiz ve ailedeki (kal\u0131tsal) hastal\u0131klar\u0131n\u0131z hakk\u0131nda bir sorular listesi \u00fczerinde g\u00f6r\u00fc\u015fece\u011fiz. Gerekti\u011finde do\u011fum uzman\u0131 sa\u011fl\u0131\u011f\u0131n\u0131z hakk\u0131nda ek bilgi toplayacak ve hamileli\u011finiz i\u00e7in bir bak\u0131m s\u00fcreci olu\u015fturacakt\u0131r. Kan tahlilleri ve ultrason gibi bir dizi ara\u015ft\u0131rma da planlanacakt\u0131r.<\/p>\n\n\n\n<p>Kabul g\u00f6r\u00fc\u015fmesi esnas\u0131nda Down, Edwards ve Patau sendromu i\u00e7in do\u011fum \u00f6ncesi tarama ve 20 haftal\u0131k ultrason konusu g\u00f6r\u00fc\u015f\u00fclebilir. Bu konuda daha fazla bilgi almak isterseniz bir randevu planlanacakt\u0131r. Daha fazla bilgi i\u00e7in <a href=\"https:\/\/www.onderzoekvanmijnongeborenkind.nl\/\" target=\"_blank\" rel=\"noreferrer noopener\">onderzoekvanmijnongeborenkind.nl<\/a> adresini ziyaret edin veya taramayla ilgili tan\u0131t\u0131c\u0131 kitap\u00e7\u0131klara bak\u0131n.<\/p>\n\n\n\n<p><strong>Bak\u0131m s\u00fcreci<\/strong><\/p>\n\n\n\n<p>Bak\u0131m s\u00fcreci, hamilelik esnas\u0131ndaki kontroller, muayeneler ve bilgilendirme i\u00e7in bir programd\u0131r. Her hamilelik i\u00e7in temel bir bak\u0131m s\u00fcreci vard\u0131r. Bu temel bak\u0131m s\u00fcreci, sizin sa\u011fl\u0131\u011f\u0131n\u0131za, e\u015finizin ve ailenizin sa\u011fl\u0131\u011f\u0131na ve \u00f6nceki hamileliklerinize ba\u011fl\u0131 olarak ek kan tahlilleri veya ultrason ara\u015ft\u0131rmalar\u0131 ile geni\u015fletilebilir. Ki\u015fisel bak\u0131m s\u00fcreciniz, kad\u0131n do\u011fum uzman\u0131 ve jinekolog ile yapaca\u011f\u0131n\u0131z kons\u00fcltasyonda kesin olarak belirlenecektir.<\/p>\n\n\n\n<p>Do\u011fum uzman\u0131 2&#8217;nci kontrol esnas\u0131nda ki\u015fisel bak\u0131m s\u00fcrecinizi g\u00f6r\u00fc\u015fecektir. Do\u011fum uzman\u0131 taraf\u0131ndan izlenmeye devam edilip edilemeyece\u011finizi veya bir jinekolog taraf\u0131ndan izlenmeye ihtiyac\u0131n\u0131z olup olmad\u0131\u011f\u0131n\u0131 duyacaks\u0131n\u0131z. Ayr\u0131ca ortak bak\u0131m, yani hem kad\u0131n do\u011fum uzman\u0131 hem de jinekolog ile kontrolleriniz olmas\u0131 da m\u00fcmk\u00fcnd\u00fcr.<\/p>\n\n\n\n<h4 class=\"wp-block-heading\">Hamilelik esnas\u0131nda<\/h4>\n\n\n\n<p>Kontroller i\u00e7in d\u00fczenli olarak do\u011fum uzman\u0131na veya jinekolo\u011fa gidiyorsunuz. Bu kontroller esnas\u0131nda sizin nas\u0131l oldu\u011funuzu konu\u015fuyoruz, tansiyonunuz \u00f6l\u00e7\u00fcl\u00fcyor, bebe\u011fin b\u00fcy\u00fcmesi takip ediliyor ve bebe\u011fin kalp at\u0131\u015flar\u0131n\u0131 dinliyoruz. Gerekirse tekrar kan tahlilleri yap\u0131lacakt\u0131r.<\/p>\n\n\n\n<p>Daha fazla bilgi i\u00e7in hamilelikle ilgili tan\u0131t\u0131c\u0131 kitap\u00e7\u0131klar\u0131 veya web sitelerini inceleyin: \u00f6rne\u011fin 20&#8217;nci hafta ultrasonu, hamilelik esnas\u0131nda al yanakl\u0131 kan grubu hakk\u0131nda bilgiler, canl\u0131y\u0131 hissetmek, bo\u011fmaca a\u015f\u0131s\u0131 vb. hakk\u0131nda bilgiler.<\/p>\n\n\n\n<p>Ayr\u0131ca bir lohusa bak\u0131m\u0131 kurulu\u015funa da kaydolun. Do\u011fum esnas\u0131nda bir lohusa bak\u0131m\u0131 hem\u015firesi do\u011fum uzman\u0131na yard\u0131mc\u0131 olur ve do\u011fumdan sonra da lohusa bak\u0131m\u0131 hem\u015firesi size evde yard\u0131mc\u0131 olur.<\/p>\n\n\n\n<h4 class=\"wp-block-heading\">30&#8217;uncu hafta sonras\u0131nda<\/h4>\n\n\n\n<p>Bu d\u00f6nemde karn\u0131n\u0131z h\u0131zla b\u00fcy\u00fcyor ve bebek \u00e7ok fazla kilo al\u0131yor. Do\u011fum da gittik\u00e7e yakla\u015f\u0131yor. Kontroller birbirine daha yak\u0131n oluyor. Do\u011fum ve do\u011fum plan\u0131 hakk\u0131nda size bilgi verilecektir.<\/p>\n\n\n\n<p>Bu a\u015famada bir giri\u015f g\u00f6r\u00fc\u015fmesi veya ev ziyareti i\u00e7in lohusa bak\u0131m\u0131 kurulu\u015fu sizinle ileti\u015fime ge\u00e7ecektir.<\/p>\n\n\n\n<p>35-36&#8217;nc\u0131 haftalarda bir pozisyon ultrasonu yap\u0131l\u0131r. Bazen bebek ba\u015f a\u015fa\u011f\u0131 durmaz, buna makat pozisyonu denir. Bu durumda se\u00e7enekleri g\u00f6r\u00fc\u015fmek i\u00e7in ek bir randevu olu\u015fturulur (\u00f6rne\u011fin d\u0131\u015far\u0131dan m\u00fcdahaleli bir y\u00f6ntem). Bir m\u00fcdahale yapmamaya m\u0131 karar verdiniz veya i\u015fe yaramad\u0131 m\u0131? Bu durumda do\u011fum uzman\u0131 daha ileri tedavi i\u00e7in sizi jinekolo\u011fa y\u00f6nlendirecektir.<\/p>\n\n\n\n<p>Bebe\u011finiz 37&#8217;nci haftadan 42&#8217;nci haftaya kadar aras\u0131ndaki d\u00f6nemde do\u011fabilir, buna zaman\u0131nda denir. 37&#8217;nci haftadan \u00f6nce her \u015feyin ve kraampakket&#8217;in (lohusal\u0131k paketinin) evde haz\u0131r oldu\u011fundan emin olun. Do\u011fumdan \u00f6nce do\u011fum uzman\u0131n\u0131z veya jinekolo\u011funuz size telefonla arama talimatlar\u0131n\u0131 verecektir.<\/p>\n\n\n\n<h4 class=\"wp-block-heading\"><strong>Daha fazlas\u0131n\u0131 a\u015fa\u011f\u0131da verilen web sitelerinde okuyun<\/strong>:<\/h4>\n\n\n\n<p><a href=\"https:\/\/www.deverloskundige.nl\/\" target=\"_blank\" rel=\"noreferrer noopener\">Deverloskundige.nl?<\/a>?|?<a href=\"https:\/\/www.degynaecoloog.nl\/\" target=\"_blank\" rel=\"noreferrer noopener\">NVOG voorlichting<\/a> ?| <a href=\"https:\/\/www.zanzu.nl\/nl\/home\" target=\"_blank\" rel=\"noreferrer noopener\">Zanzu.nl in meerdere talen<\/a><\/p>\n\n\n\n<p><a aria-label=\" (opent in een nieuwe tab)\" href=\"https:\/\/www.rivm.nl\/zwangerschap-en-infectieziekten\/informatiemateriaal\" target=\"_blank\" rel=\"noreferrer noopener\">Zwangerschap_en_infectieziekten<\/a>&nbsp;|&nbsp;<a href=\"https:\/\/www.voedingscentrum.nl\/nl\/zwanger-en-kind\/zwanger.aspx\" target=\"_blank\" rel=\"noreferrer noopener\">Voedingscentrum<\/a> |   <a href=\"https:\/\/www.onderzoekvanmijnongeborenkind.nl\/\">Onderzoek van mijn ongeboren kind<\/a> <a href=\"https:\/\/www.rijksoverheid.nl\/onderwerpen\/erkenning-kind\/hoe-u-een-kind-kunt-erkennen\" target=\"_blank\" rel=\"noreferrer noopener\">Hoe-u-een-kind-kunt-erkennen<\/a>&nbsp;| <a aria-label=\" (opent in een nieuwe tab)\" href=\"https:\/\/www.deventer.nl\/loketten\/digitaal-loket\/kind-erkennen\" target=\"_blank\" rel=\"noreferrer noopener\">Gemeente Deventer &amp; erkenning-van-kind<\/a>&nbsp;|&nbsp;&nbsp;&nbsp;<\/p>\n","protected":false},"excerpt":{"rendered":"<p>Sa\u011fl\u0131kl\u0131 bir \u015fekilde hamile olmak Hamile kalmay\u0131 istemeden \u00f6nce bile \u00e7ocu\u011funuzun sa\u011fl\u0131kl\u0131 bir ba\u015flang\u0131\u00e7 \u200b\u200byapmas\u0131n\u0131 sa\u011flayabilirsiniz. Sa\u011fl\u0131kl\u0131 bir ya\u015fam tarz\u0131n\u0131z olursa, sa\u011fl\u0131kl\u0131&#8230;<\/p>\n","protected":false},"author":1,"featured_media":0,"parent":591,"menu_order":0,"comment_status":"closed","ping_status":"closed","template":"","meta":{"_acf_changed":false,"editor_notices":[],"footnotes":""},"class_list":["post-304","page","type-page","status-publish","hentry"],"acf":[],"_links":{"self":[{"href":"https:\/\/geboortezorgsalland.nl\/tr\/wp-json\/wp\/v2\/pages\/304","targetHints":{"allow":["GET"]}}],"collection":[{"href":"https:\/\/geboortezorgsalland.nl\/tr\/wp-json\/wp\/v2\/pages"}],"about":[{"href":"https:\/\/geboortezorgsalland.nl\/tr\/wp-json\/wp\/v2\/types\/page"}],"author":[{"embeddable":true,"href":"https:\/\/geboortezorgsalland.nl\/tr\/wp-json\/wp\/v2\/users\/1"}],"replies":[{"embeddable":true,"href":"https:\/\/geboortezorgsalland.nl\/tr\/wp-json\/wp\/v2\/comments?post=304"}],"version-history":[{"count":0,"href":"https:\/\/geboortezorgsalland.nl\/tr\/wp-json\/wp\/v2\/pages\/304\/revisions"}],"up":[{"embeddable":true,"href":"https:\/\/geboortezorgsalland.nl\/tr\/wp-json\/wp\/v2\/pages\/591"}],"wp:attachment":[{"href":"https:\/\/geboortezorgsalland.nl\/tr\/wp-json\/wp\/v2\/media?parent=304"}],"curies":[{"name":"wp","href":"https:\/\/api.w.org\/{rel}","templated":true}]}}