{"id":3082,"date":"2021-06-02T18:14:02","date_gmt":"2021-06-02T16:14:02","guid":{"rendered":"https:\/\/geboortezorgsalland.nl\/?page_id=3082"},"modified":"2024-08-22T12:21:46","modified_gmt":"2024-08-22T10:21:46","slug":"dogumum-yapay-olarak-baslatilmasi","status":"publish","type":"page","link":"https:\/\/geboortezorgsalland.nl\/tr\/dogumum-yapay-olarak-baslatilmasi\/","title":{"rendered":"Do\u011fumum yapay olarak ba\u015flat\u0131lmas\u0131"},"content":{"rendered":"\n<p>Do\u011fumunuz k\u0131sa s\u00fcre i\u00e7inde yapay olarak ba\u015flat\u0131lacak. Bu durum, do\u011fum eyleminin yapay olarak uyar\u0131ld\u0131\u011f\u0131 anlam\u0131na gelir. Bu ama\u00e7la amniyon zar\u0131n\u0131z a\u00e7\u0131l\u0131r ve size sanc\u0131lar\u0131 tetikleyecek ila\u00e7lar verilir. Yapay olarak ger\u00e7ekle\u015ftirilen do\u011fum her zaman hastanede ger\u00e7ekle\u015fir. Bir jinekolo\u011fun sorumlulu\u011funda bir klinik do\u011fum uzman\u0131 veya doktor ve bir hem\u015fire size rehberlik eder. Do\u011fum sonras\u0131nda eve gitmenize izin verildi\u011finde, bak\u0131m\u0131 kendi do\u011fum uzman\u0131n\u0131z devral\u0131r.<\/p>\n\n\n\n<h3 class=\"wp-block-heading\">Bilgilendirme filmi ve tan\u0131t\u0131c\u0131 kitap\u00e7\u0131k<\/h3>\n\n\n\n<p><a href=\"https:\/\/www.degynaecoloog.nl\/informatiefilms\/bevalling\/\" target=\"_blank\" rel=\"noreferrer noopener\">Jinekolo\u011fun<\/a> web sitesinde do\u011fumum yapay olarak ba\u015flat\u0131lmas\u0131 ilgili bilgilendirme filmlerini de izleyebilirsiniz. <a href=\"https:\/\/geboortezorgsalland.nl\/wp-content\/uploads\/2021\/06\/folder-inleiding-van-de-bevalling-Deventer.juni-2021.pdf\" target=\"_blank\" rel=\"noreferrer noopener\">Tan\u0131t\u0131c\u0131 kitap\u00e7\u0131\u011f\u0131n\u0131n<\/a> tamam\u0131n\u0131 buradan okuyabilirsiniz.<\/p>\n\n\n\n<h3 class=\"wp-block-heading\">Bir do\u011fum yapay olarak neden ba\u015flat\u0131l\u0131r?<\/h3>\n\n\n\n<p>Jinekolog ve\/veya do\u011fum uzman\u0131, \u00e7ocu\u011funuzun rahim d\u0131\u015f\u0131ndaki durumunun rahimdekinden daha iyi oldu\u011funu d\u00fc\u015f\u00fcnd\u00fc\u011f\u00fcnde \u00e7o\u011fu zaman do\u011fumun yapay olarak ba\u015flat\u0131lmas\u0131 tavsiye edilir. <\/p>\n\n\n\n<p>\u00c7ocu\u011funuzun durumu h\u00e2l\u00e2 iyi oldu\u011funda ve normal do\u011fuma dayanabilmesi beklendi\u011finde do\u011fum eylemi yapay olarak ba\u015flat\u0131l\u0131r. Ciddi \u015fik\u00e2yetleriniz de do\u011fum eyleminin yapay olarak ba\u015flat\u0131lmas\u0131 i\u00e7in bir nedeni olabilir. <\/p>\n\n\n\n<p>Do\u011fumun yapay olarak ba\u015flat\u0131lmas\u0131n\u0131n baz\u0131 yayg\u0131n nedenleri \u015funlard\u0131r:<\/p>\n\n\n\n<div class=\"wp-block-group\"><div class=\"wp-block-group__inner-container is-layout-flow wp-block-group-is-layout-flow\">\n<ul class=\"wp-block-list\">\n<li>y\u00fckselmi\u015f bir tansiyon,<\/li>\n\n\n\n<li>\u00e7ocu\u011funuzda b\u00fcy\u00fcme gecikmesi,<\/li>\n\n\n\n<li>plasentan\u0131n fonksiyonunun bozulmas\u0131,<\/li>\n\n\n\n<li>(gebelik) diyabet(i)<\/li>\n\n\n\n<li>hamilelik kolestaz\u0131<\/li>\n\n\n\n<li>hamile ki\u015finin ila\u00e7 tedavisinin durdurulmas\u0131 veya ayarlanmas\u0131n\u0131n planlanmas\u0131<\/li>\n\n\n\n<li>hamile ki\u015finin ciddi t\u0131bbi \u015fik\u00e2yetleri<\/li>\n\n\n\n<li>amniyon zar\u0131n uzun s\u00fcredir a\u00e7\u0131lm\u0131\u015f olmas\u0131,<\/li>\n\n\n\n<li>41-42 haftal\u0131k hamilelik s\u00fcresi.<\/li>\n<\/ul>\n<\/div><\/div>\n\n\n\n<p>Daha \u00f6nce sezaryen yapt\u0131rm\u0131\u015f oldu\u011funuzda bu hususu dikkatli oluyoruz. Do\u011fum yapay olarak ba\u015flat\u0131labilir ancak, do\u011fumum yapay olarak ba\u015flat\u0131lmas\u0131 esnas\u0131nda rahimdeki yara izinin y\u0131rt\u0131lmas\u0131 (uterus r\u00fcpt\u00fcr\u00fc) riski biraz daha y\u00fcksek olabiliyor.<\/p>\n\n\n\n<h3 class=\"wp-block-heading\">Do\u011fumun yapay olarak ba\u015flat\u0131lmas\u0131 ne zaman m\u00fcmk\u00fcn olabilir?<\/h3>\n\n\n\n<p>Do\u011fumun ba\u015flat\u0131l\u0131p ba\u015flat\u0131lamayaca\u011f\u0131n\u0131 de\u011ferlendirmek i\u00e7in d\u00e2hili bir muayene yap\u0131l\u0131r. Rahim a\u011fz\u0131 (halihaz\u0131rda biraz) a\u00e7\u0131l\u0131p yumu\u015fam\u0131\u015f oldu\u011funda do\u011fum eyleminin yapay olarak ba\u015flat\u0131lmas\u0131 m\u00fcmk\u00fcnd\u00fcr. Kad\u0131n do\u011fum uzmanlar\u0131 ve jinekologlar buna &#8216;olgunluk&#8217; diyorlar. Rahim a\u011fz\u0131 olgunla\u015fmam\u0131\u015f oldu\u011funda rahim a\u011fz\u0131n\u0131n &#8216;olgun&#8217; hale getirilmesine (rahim a\u011fz\u0131n\u0131n haz\u0131rlanmas\u0131) karar verilebilir.<\/p>\n\n\n\n<figure class=\"wp-block-image size-large\"><img decoding=\"async\" width=\"781\" height=\"289\" src=\"https:\/\/geboortezorgsalland.nl\/wp-content\/uploads\/2021\/06\/verstrijken-portio.jpg\" alt=\"\" class=\"wp-image-3095\" srcset=\"https:\/\/geboortezorgsalland.nl\/tr\/wp-content\/uploads\/sites\/5\/2021\/06\/verstrijken-portio.jpg 781w, https:\/\/geboortezorgsalland.nl\/tr\/wp-content\/uploads\/sites\/5\/2021\/06\/verstrijken-portio-300x111.jpg 300w, https:\/\/geboortezorgsalland.nl\/tr\/wp-content\/uploads\/sites\/5\/2021\/06\/verstrijken-portio-768x284.jpg 768w\" sizes=\"(max-width: 781px) 100vw, 781px\" \/><\/figure>\n\n\n\n<h4 class=\"wp-block-heading\">Rahim a\u011fz\u0131 olgunla\u015famam\u0131\u015ft\u0131r<\/h4>\n\n\n\n<p>Rahim a\u011fz\u0131 hen\u00fcz olgunla\u015fmam\u0131\u015f m\u0131d\u0131r? Ve do\u011fumu ba\u015flatmak i\u00e7in yine de bir neden var m\u0131d\u0131r? O halde rahim a\u011fz\u0131n\u0131n haz\u0131rlanmas\u0131na karar verilebilir.<\/p>\n\n\n\n<p>Rahmin haz\u0131rlanmas\u0131 iki \u015fekilde yap\u0131labilir: balon kateterle veya hormonlarla. Balon kateter tercih edilen y\u00f6ntemdir. Daha fazlas\u0131n\u0131 do\u011fum eyleminin yapay olarak ba\u015flat\u0131lmas\u0131 ile ilgili <a href=\"https:\/\/geboortezorgsalland.nl\/wp-content\/uploads\/2021\/06\/folder-inleiding-van-de-bevalling-Deventer.juni-2021.pdf\" target=\"_blank\" rel=\"noreferrer noopener\">bro\u015f\u00fcrde<\/a> daha fazlas\u0131n\u0131 okuyun. <\/p>\n\n\n\n<figure class=\"wp-block-image size-large\"><img decoding=\"async\" width=\"469\" height=\"360\" src=\"https:\/\/geboortezorgsalland.nl\/wp-content\/uploads\/2021\/06\/ballonkatheter.jpg\" alt=\"\" class=\"wp-image-3096\" srcset=\"https:\/\/geboortezorgsalland.nl\/tr\/wp-content\/uploads\/sites\/5\/2021\/06\/ballonkatheter.jpg 469w, https:\/\/geboortezorgsalland.nl\/tr\/wp-content\/uploads\/sites\/5\/2021\/06\/ballonkatheter-300x230.jpg 300w\" sizes=\"(max-width: 469px) 100vw, 469px\" \/><\/figure>\n\n\n\n<h4 class=\"wp-block-heading\">Rahim a\u011fz\u0131 olgunla\u015fm\u0131\u015ft\u0131r<\/h4>\n\n\n\n<p>Rahim a\u011fz\u0131 yeterince olgunla\u015ft\u0131\u011f\u0131nda (kendili\u011finden, balon kateter veya tabletler arac\u0131l\u0131\u011f\u0131yla) amniyotik zarlar a\u00e7\u0131labilir ve sanc\u0131lar ba\u015flat\u0131labilir.<\/p>\n\n\n\n<h5 class=\"wp-block-heading\">1. amniyotik zarlar a\u00e7\u0131l\u0131r<\/h5>\n\n\n\n<p>Yeterli a\u00e7\u0131lma sa\u011flanm\u0131\u015f oldu\u011funda ve bebe\u011fin ba\u015f\u0131 a\u015fa\u011f\u0131 indi\u011finde do\u011fum uzman\u0131 veya doktor amniyotik suyu a\u00e7acakt\u0131r. Vajinadan s\u0131cak amniyotik s\u0131v\u0131n\u0131n akt\u0131\u011f\u0131n\u0131 hissedeceksiniz. Amniyotik s\u0131v\u0131n\u0131n a\u00e7\u0131lmas\u0131 size a\u011fr\u0131 vermez. Amniyotik zarlar a\u00e7\u0131ld\u0131\u011f\u0131nda sanc\u0131lar kendili\u011finden ba\u015flayabilir ancak, \u00e7o\u011fu zaman i\u00e7inde ila\u00e7l\u0131 bir serum gerekli olur. <\/p>\n\n\n\n<p>A\u00e7\u0131lman\u0131z var ancak, bebe\u011fin ba\u015f\u0131 veya kuyruk kemi\u011fi d\u00fczg\u00fcn \u015fekilde inmemi\u015f midir? O zaman kad\u0131n do\u011fum uzman\u0131 veya jinekolog amniyotik zarlar\u0131 \u00f6ylece a\u00e7amaz. Kad\u0131n do\u011fum uzman\u0131 veya jinekolog sizinle olas\u0131 sonraki ad\u0131mlar\u0131 g\u00f6r\u00fc\u015fecektir.<\/p>\n\n\n\n<h5 class=\"wp-block-heading\">2. sanc\u0131lar yapay olarak ba\u015flat\u0131l\u0131yo<\/h5>\n\n\n\n<p>Sanc\u0131lar\u0131 tetiklemek i\u00e7in size ila\u00e7l\u0131 bir serum verilecek. Bu i\u015flem, elinizdeki veya \u00f6n kolunuzdaki bir kan damar\u0131na ince bir t\u00fcp\/inf\u00fczyon yerle\u015ftirilmesinden ibarettir. Buna bir serum hortumu ba\u011flan\u0131r. Sanc\u0131lar\u0131 tetiklemek i\u00e7in size bir pompa sistemi arac\u0131l\u0131\u011f\u0131yla oksitosin ilac\u0131 verilir. Dozaj \u00e7ok d\u00fc\u015f\u00fckt\u00fcr ve a\u015famalarla art\u0131r\u0131l\u0131r. Yava\u015f yava\u015f sanc\u0131lar ba\u015flar. Baz\u0131 kad\u0131nlarda, sanc\u0131lar iyice ba\u015flad\u0131\u011f\u0131nda oksitosin azalt\u0131labilir\/durdurulabilir.<\/p>\n\n\n\n<h3 class=\"wp-block-heading\">Do\u011fum nas\u0131l ger\u00e7ekle\u015fir<\/h3>\n\n\n\n<p>Do\u011fumun yapay olarak ba\u015flamas\u0131yla \u00f6nce kar\u0131nda a\u011fr\u0131lar ve sertlikler ba\u015flar, daha sonra bunlar geni\u015fleme sanc\u0131lar\u0131na d\u00f6n\u00fc\u015f\u00fcrler. Her do\u011fum farkl\u0131d\u0131r. Yapay olarak ba\u015flat\u0131lan do\u011fumun normal do\u011fumdan daha ac\u0131 verici olmas\u0131 gerekmez.<\/p>\n\n\n\n<p>Sanc\u0131lar ba\u015flad\u0131ktan sonra do\u011fum esas olarak kendili\u011finden olu\u015fan do\u011fumla ayn\u0131d\u0131r. Sanc\u0131lar daha g\u00fc\u00e7l\u00fc ve daha ac\u0131 verici hale gelir. Sanc\u0131larla kendi y\u00f6nteminizle ba\u015fa \u00e7\u0131kabilirsiniz.<\/p>\n\n\n\n<ul class=\"wp-block-list\">\n<li>bir sandalyede oturarak,<\/li>\n\n\n\n<li>yata\u011f\u0131n yan\u0131nda durarak, <\/li>\n\n\n\n<li>yatakta uzanarak veya oturarak veya<\/li>\n\n\n\n<li>du\u015fta<\/li>\n<\/ul>\n\n\n\n<p>D\u00fczenli olarak pozisyon de\u011fi\u015ftirmek iyidir, bu geni\u015flemeyi te\u015fvik eder. Bazen v\u00fccudunuzun yeterli sanc\u0131lar \u00fcretti\u011fi g\u00f6r\u00fcld\u00fc\u011f\u00fcnde oksitosin i\u00e7eren serumun miktar\u0131 azalt\u0131labilir veya durdurulabilir. <\/p>\n\n\n\n<p>Kas\u0131lmalar \u00e7ok a\u011fr\u0131l\u0131 oldu\u011funda a\u011fr\u0131y\u0131 hafifletmek i\u00e7in hangi se\u00e7eneklerin mevcut oldu\u011funu sorabilirsiniz. Bu konuyu ayr\u0131ca <a href=\"https:\/\/geboortezorgsalland.nl\/wp-content\/uploads\/2020\/02\/Volledige_folder_pijn_herziening_okt_2014.pdf\" target=\"_blank\" rel=\"noreferrer noopener\">do\u011fum esnas\u0131nda a\u011fr\u0131n\u0131n giderilmesi<\/a> ile ilgili tan\u0131t\u0131c\u0131 kitap\u00e7\u0131\u011f\u0131 ve <a href=\"https:\/\/geboortezorgsalland.nl\/wp-content\/uploads\/2019\/12\/folder-bevallen-in-deventer-versie-2021.pdf\" target=\"_blank\" rel=\"noreferrer noopener\">Deventer&#8217;de do\u011fum yapmak<\/a> ad\u0131nda tan\u0131t\u0131c\u0131 kitap\u00e7\u0131\u011f\u0131nda da okuyun.<\/p>\n\n\n\n<p>Bebe\u011fin d\u0131\u015far\u0131 \u00e7\u0131kmas\u0131 (itilmesi), bebe\u011fin d\u00fcnyaya gelmesi ve plasentan\u0131n \u00e7\u0131kmas\u0131, kendili\u011finden olu\u015fan do\u011fumdan farkl\u0131 de\u011fildir. Genelde bebek, yapay olarak do\u011fumun ba\u015flat\u0131lmas\u0131ndan sonraki 24 saat i\u00e7inde do\u011far. \u0130kinci bir \u00e7ocu\u011fun do\u011fumu \u00e7o\u011fu zaman ilkinden daha sorunsuz ge\u00e7er.<\/p>\n\n\n\n<h4 class=\"wp-block-heading\">\u00c7ocu\u011funuzu ve sanc\u0131lar\u0131 kontrol etmek<\/h4>\n\n\n\n<p>\u00c7ocu\u011funuzun durumu CTG veya bir kalp filmi ile kontrol edilir. Bu, kar\u0131n yoluyla ancak, gerekti\u011finde \u00e7ocu\u011funuzun kafas\u0131na tak\u0131lan bir tel (kafatas\u0131 elektrodu) arac\u0131l\u0131\u011f\u0131yla d\u0131\u015far\u0131dan yap\u0131l\u0131r. Bu elektrot, d\u00e2hili bir muayene esnas\u0131nda tak\u0131l\u0131r. Karn\u0131n\u0131zdaki bir d\u00fc\u011fme, sanc\u0131lar\u0131 kaydeder. Baz\u0131 durumlarda sanc\u0131lar\u0131 i\u00e7eriden \u00f6l\u00e7mek i\u00e7in rahminize ince bir t\u00fcp (bas\u0131n\u00e7 kateteri) yerle\u015ftirilir.<\/p>\n\n\n\n<h4 class=\"wp-block-heading\">Do\u011fum eylemine kimler kat\u0131l\u0131r?<\/h4>\n\n\n\n<p>\u00c7o\u011fu zaman e\u011fitim g\u00f6ren bir klinik do\u011fum uzman\u0131 veya doktor\/jinekolog ve bir hem\u015fire size e\u015flik edecektir. Bunlar, jinekolo\u011fun sorumlulu\u011funda \u00e7al\u0131\u015f\u0131rlar ve jinekologla d\u00fczenli olarak g\u00f6r\u00fc\u015f al\u0131\u015fveri\u015finde bulunurlar. Deventer Hastanesi bir e\u011fitim hastanesidir. Stajyerler (t\u0131p \u00f6\u011frencileri), e\u011fitim g\u00f6ren do\u011fum uzmanlar\u0131 ebeler ve e\u011fitim g\u00f6ren hem\u015fireler e\u011fitimlerinin \u00e7e\u015fitli a\u015famalar\u0131na kat\u0131l\u0131rlar.<\/p>\n\n\n\n<h4 class=\"wp-block-heading\">Do\u011fum sonras\u0131<\/h4>\n\n\n\n<p>Do\u011fumdan sonra \u00e7ocu\u011funuz do\u011fum uzman\u0131, doktor veya gerekli olmas\u0131 halinde bir \u00e7ocuk doktoru taraf\u0131ndan muayene edilecektir. Yapay olarak do\u011fum yapt\u0131rma nedeninize ba\u011fl\u0131 olarak do\u011fumdan birka\u00e7 saat sonra evinize gidebilir veya birka\u00e7 saat veya g\u00fcn kalman\u0131z gerekebilir.<\/p>\n\n\n\n<h3 class=\"wp-block-heading\">Riskler ve komplikasyonlar<\/h3>\n\n\n\n<p>Herhangi bir do\u011fumda, yapay olarak ba\u015flat\u0131l\u0131p ba\u015flat\u0131lmad\u0131\u011f\u0131na bak\u0131lmaks\u0131z\u0131n komplikasyonlar ortaya \u00e7\u0131kabilir. \u00d6rnekler: uzun s\u00fcren do\u011fum, g\u00f6bek kordonunun sarkmas\u0131 veya a\u015f\u0131r\u0131 uyar\u0131lma. Daha fazlas\u0131n\u0131 tan\u0131t\u0131c\u0131 kitap\u00e7\u0131\u011f\u0131nda okuyun.<\/p>\n\n\n\n<p>Yapay olarak ba\u015flat\u0131lan \u00e7o\u011fu do\u011fum, komplikasyon olmadan ger\u00e7ekle\u015fir. Ancak yapay olarak ba\u015flat\u0131lan bir do\u011fum, iyi bir g\u00f6zetim alt\u0131nda ve hastanede s\u00fcrekli g\u00f6zetim alt\u0131nda ger\u00e7ekle\u015fmesi gerekir. <\/p>\n\n\n\n<p>Yayg\u0131n bir inan\u0131\u015f, yapay olarak yapt\u0131r\u0131lan do\u011fumun kendili\u011finden olu\u015fan do\u011fuma g\u00f6re daha ac\u0131 verici oldu\u011fu \u015feklindedir. Durumun b\u00f6yle olup olmad\u0131\u011f\u0131n\u0131 belirlemek zordur \u00e7\u00fcnk\u00fc hi\u00e7bir do\u011fum ba\u015fka bir do\u011fumun ayn\u0131s\u0131 de\u011fildir.<\/p>\n\n\n\n<h3 class=\"wp-block-heading\">Alternatifler<\/h3>\n\n\n\n<p>Yapay olarak ba\u015flat\u0131lan do\u011fuma itiraz\u0131n\u0131z oldu\u011funda bu durumu do\u011fum uzman\u0131n\u0131z veya jinekolo\u011funuzla g\u00f6r\u00fc\u015f\u00fcn. Bazen do\u011fumun do\u011fal olarak ba\u015flamas\u0131n\u0131 beklerken \u00e7ocu\u011funuzun durumunu yak\u0131ndan takip etmek gibi bir alternatif de olabilir.<\/p>\n\n\n\n<h3 class=\"wp-block-heading\">Son olarak<\/h3>\n\n\n\n<p>Bu tan\u0131t\u0131c\u0131 kitap\u00e7\u0131\u011f\u0131ndaki bilgilerle ilgili herhangi bir sorunuz oldu\u011funda, do\u011fum uzman\u0131n\u0131za veya jinekolo\u011funuza sormaktan \u00e7ekinmeyin.<\/p>\n\n\n\n<p><em>Do\u011fum B\u00f6l\u00fcm\u00fc \u00e7ok yo\u011fun oldu\u011funda, planlanan tarihten bir g\u00fcn \u00f6nce veya o g\u00fcn sabah erkenden sizi arayarak do\u011fumun yapay olarak ba\u015flat\u0131lmas\u0131n\u0131n birka\u00e7 saat veya bir g\u00fcn ertelenece\u011fini s\u00f6ylemeniz m\u00fcmk\u00fcn olabilir.<\/em><\/p>\n","protected":false},"excerpt":{"rendered":"<p>Do\u011fumunuz k\u0131sa s\u00fcre i\u00e7inde yapay olarak ba\u015flat\u0131lacak. Bu durum, do\u011fum eyleminin yapay olarak uyar\u0131ld\u0131\u011f\u0131 anlam\u0131na gelir. Bu ama\u00e7la amniyon zar\u0131n\u0131z a\u00e7\u0131l\u0131r ve&#8230;<\/p>\n","protected":false},"author":6,"featured_media":0,"parent":0,"menu_order":0,"comment_status":"closed","ping_status":"closed","template":"","meta":{"_acf_changed":false,"editor_notices":[],"footnotes":""},"class_list":["post-3082","page","type-page","status-publish","hentry"],"acf":[],"_links":{"self":[{"href":"https:\/\/geboortezorgsalland.nl\/tr\/wp-json\/wp\/v2\/pages\/3082","targetHints":{"allow":["GET"]}}],"collection":[{"href":"https:\/\/geboortezorgsalland.nl\/tr\/wp-json\/wp\/v2\/pages"}],"about":[{"href":"https:\/\/geboortezorgsalland.nl\/tr\/wp-json\/wp\/v2\/types\/page"}],"author":[{"embeddable":true,"href":"https:\/\/geboortezorgsalland.nl\/tr\/wp-json\/wp\/v2\/users\/6"}],"replies":[{"embeddable":true,"href":"https:\/\/geboortezorgsalland.nl\/tr\/wp-json\/wp\/v2\/comments?post=3082"}],"version-history":[{"count":0,"href":"https:\/\/geboortezorgsalland.nl\/tr\/wp-json\/wp\/v2\/pages\/3082\/revisions"}],"wp:attachment":[{"href":"https:\/\/geboortezorgsalland.nl\/tr\/wp-json\/wp\/v2\/media?parent=3082"}],"curies":[{"name":"wp","href":"https:\/\/api.w.org\/{rel}","templated":true}]}}