{"id":314,"date":"2020-01-19T20:23:51","date_gmt":"2020-01-19T19:23:51","guid":{"rendered":"https:\/\/geboortezorgsalland.nl\/?page_id=314"},"modified":"2024-08-22T12:43:42","modified_gmt":"2024-08-22T10:43:42","slug":"dogum-dilegi","status":"publish","type":"page","link":"https:\/\/geboortezorgsalland.nl\/tr\/sundugumuz-bakim\/dogum-dilegi\/","title":{"rendered":"Do\u011fum dile\u011fi"},"content":{"rendered":"\n<p>Do\u011fum dile\u011fi, do\u011fuma ili\u015fkin \u00f6zel istek ve beklentilerinizi yazabilece\u011finiz bir belgedir. Her hamile kad\u0131n ve her e\u015f do\u011fuma farkl\u0131 bir \u015fekilde yakla\u015f\u0131r. Do\u011fum dile\u011findeki dileklerinizi, hayallerinizi, beklentilerinizi ve varsa korkular\u0131n\u0131z\u0131 yaz\u0131p bunlar\u0131 do\u011fum uzman\u0131 veya jinekologla g\u00f6r\u00fc\u015ferek kar\u015f\u0131l\u0131kl\u0131 anlay\u0131\u015f yaratacak ve do\u011fum esnas\u0131nda birlikte daha iyi i\u015f birli\u011fi yapabileceksiniz.<\/p>\n\n\n\n<p>\u0130yi bir haz\u0131rl\u0131k, do\u011fum esnas\u0131nda yard\u0131mc\u0131 olur. Bu farkl\u0131 y\u00f6ntemlerle m\u00fcmk\u00fcnd\u00fcr:<\/p>\n\n\n\n<ul class=\"wp-block-list\">\n<li>Kitap okumak<\/li>\n\n\n\n<li>Bilgilendirme ak\u015famlar\u0131na kat\u0131lmak<\/li>\n\n\n\n<li>Hamilelik kursuna kat\u0131lmak <\/li>\n\n\n\n<li>Do\u011fum plan\u0131 yapmak<\/li>\n\n\n\n<li>E\u015finizle do\u011fum hakk\u0131nda konu\u015fun: ne bekledi\u011finizi ve ikiniz i\u00e7in neyin \u00f6nemli oldu\u011funu g\u00f6r\u00fc\u015f\u00fcn.<\/li>\n<\/ul>\n\n\n\n<p>Do\u011fum uzman\u0131 veya jinekolog (bundan sonra do\u011fum uzman\u0131 olarak an\u0131lacakt\u0131r), do\u011fumunuz esnas\u0131nda m\u00fcmk\u00fcn oldu\u011funca do\u011fum dileklerinizi dikkate almaya \u00e7al\u0131\u015facakt\u0131r. Do\u011fumun nas\u0131l ge\u00e7ece\u011fini kimse tahmin edemez, umdu\u011funuz, bekledi\u011finiz gibi gitmeyebilir. Sizin ve bebe\u011finizin g\u00fcvenli\u011fi her zaman \u00f6nce gelir ve bu nedenle do\u011fum dileklerinizden bazen sap\u0131l\u0131r. Ayr\u0131ca do\u011fum esnas\u0131nda \u00f6nceden d\u00fc\u015f\u00fcnd\u00fc\u011f\u00fcn\u00fczden farkl\u0131 bir \u015fey istiyor olabilirsiniz.<\/p>\n\n\n\n<h4 class=\"wp-block-heading\">Do\u011fum dile\u011fini nas\u0131l olu\u015fturursunuz?<\/h4>\n\n\n\n<p>\u00d6ncelikle kad\u0131n do\u011fum uzman\u0131 ve jinekologdan bekleyebilece\u011finiz bak\u0131m hizmeti hakk\u0131ndaki <strong><a href=\"https:\/\/geboortezorgsalland.nl\/wp-content\/uploads\/2019\/12\/folder-bevallen-in-deventer-versie-2021.pdf\" target=\"_blank\" rel=\"noreferrer noopener\">bilgileri<\/a><\/strong> burada okuyun ve ard\u0131ndan ki\u015fisel do\u011fum dile\u011finiz i\u00e7in a\u015fa\u011f\u0131daki forma t\u0131klay\u0131n.<\/p>\n\n\n\n<div data-wp-interactive=\"core\/file\" class=\"wp-block-file\"><object data-wp-bind--hidden=\"!state.hasPdfPreview\" hidden class=\"wp-block-file__embed\" data=\"https:\/\/geboortezorgsalland.nl\/wp-content\/uploads\/2023\/02\/Geboortewens-Geboortezorg-Salland.pdf\" type=\"application\/pdf\" style=\"width:100%;height:600px\" aria-label=\"Download de Geboortewens g\u00f6m\u00fcs\u00fc.\"><\/object><a id=\"wp-block-file--media-349603bb-ebcc-4ebd-a027-411f4e3d095f\" href=\"https:\/\/geboortezorgsalland.nl\/wp-content\/uploads\/2023\/02\/Geboortewens-Geboortezorg-Salland.pdf\">Download de Geboortewens<\/a><\/div>\n\n\n\n<p><\/p>\n","protected":false},"excerpt":{"rendered":"<p>Do\u011fum dile\u011fi, do\u011fuma ili\u015fkin \u00f6zel istek ve beklentilerinizi yazabilece\u011finiz bir belgedir. Her hamile kad\u0131n ve her e\u015f do\u011fuma farkl\u0131 bir \u015fekilde yakla\u015f\u0131r&#8230;.<\/p>\n","protected":false},"author":6,"featured_media":0,"parent":591,"menu_order":0,"comment_status":"closed","ping_status":"closed","template":"","meta":{"_acf_changed":false,"editor_notices":[],"footnotes":""},"class_list":["post-314","page","type-page","status-publish","hentry"],"acf":[],"_links":{"self":[{"href":"https:\/\/geboortezorgsalland.nl\/tr\/wp-json\/wp\/v2\/pages\/314","targetHints":{"allow":["GET"]}}],"collection":[{"href":"https:\/\/geboortezorgsalland.nl\/tr\/wp-json\/wp\/v2\/pages"}],"about":[{"href":"https:\/\/geboortezorgsalland.nl\/tr\/wp-json\/wp\/v2\/types\/page"}],"author":[{"embeddable":true,"href":"https:\/\/geboortezorgsalland.nl\/tr\/wp-json\/wp\/v2\/users\/6"}],"replies":[{"embeddable":true,"href":"https:\/\/geboortezorgsalland.nl\/tr\/wp-json\/wp\/v2\/comments?post=314"}],"version-history":[{"count":0,"href":"https:\/\/geboortezorgsalland.nl\/tr\/wp-json\/wp\/v2\/pages\/314\/revisions"}],"up":[{"embeddable":true,"href":"https:\/\/geboortezorgsalland.nl\/tr\/wp-json\/wp\/v2\/pages\/591"}],"wp:attachment":[{"href":"https:\/\/geboortezorgsalland.nl\/tr\/wp-json\/wp\/v2\/media?parent=314"}],"curies":[{"name":"wp","href":"https:\/\/api.w.org\/{rel}","templated":true}]}}