{"id":317,"date":"2020-01-19T20:31:16","date_gmt":"2020-01-19T19:31:16","guid":{"rendered":"https:\/\/geboortezorgsalland.nl\/?page_id=317"},"modified":"2024-08-22T12:43:15","modified_gmt":"2024-08-22T10:43:15","slug":"nerede-dogum-yapabilirsiniz","status":"publish","type":"page","link":"https:\/\/geboortezorgsalland.nl\/tr\/sundugumuz-bakim\/dogum\/nerede-dogum-yapabilirsiniz\/","title":{"rendered":"Nerede do\u011fum yapabilirsiniz?"},"content":{"rendered":"\n<p>Do\u011fum yapacak oldu\u011funuz yer bazen sizin i\u00e7in halihaz\u0131rda tespit edilmi\u015ftir. Hastanede do\u011fum yapman\u0131z\u0131 gerektirecek t\u0131bbi nedenler olabilir ancak, hamilelik iyi giderse bu sizin yapaca\u011f\u0131n\u0131z bir se\u00e7imdir. Yap\u0131lan ara\u015ft\u0131rmalar, anne ve \u00e7ocu\u011fun g\u00fcvenli\u011fi i\u00e7in nerede do\u011fum yapt\u0131\u011f\u0131n\u0131z\u0131n \u00f6nemli olmad\u0131\u011f\u0131n\u0131 g\u00f6steriyor. <em>Ki\u015fisel olarak sizin i\u00e7in en keyifli olan\u0131 se\u00e7mek sizin se\u00e7iminizdir!<\/em> Yapt\u0131\u011f\u0131n\u0131z se\u00e7im nihai de\u011fildir. Do\u011fumun nas\u0131l ge\u00e7ece\u011fini, nas\u0131l hissedece\u011finizi bilemezsiniz.<\/p>\n\n\n\n<p>Poliklinikte do\u011fum yapmak istiyorsan\u0131z ancak, evde her \u015fey \u00e7ok h\u0131zl\u0131 bir \u015fekilde ger\u00e7ekle\u015fiyorsa ve art\u0131k hastaneye yeti\u015femiyorsan\u0131z, o zaman bu sorun de\u011fil ve do\u011fumu evde yap\u0131yorsunuz. Evde do\u011fum yapmay\u0131 planl\u0131yorsan\u0131z ancak, sanc\u0131lar esnas\u0131nda hastaneye gitmeyi tercih ediyorsan\u0131z buna da izin verilmektedir.<\/p>\n\n\n\n<p><strong>A\u015fa\u011f\u0131da farkl\u0131 do\u011fumlar hakk\u0131nda daha fazla bilgi bulabilirsiniz:<\/strong><\/p>\n\n\n\n<p><strong>Evde do\u011fum yapmak<\/strong><\/p>\n\n\n\n<p>Hollanda, kad\u0131nlar\u0131n evde do\u011fum yapma se\u00e7ene\u011fine sahip oldu\u011fu birka\u00e7 \u00fclkeden biridir. Hollandal\u0131 do\u011fum uzmanlar\u0131 evde do\u011fumlar\u0131 denetlemek ve herhangi bir sorun olmas\u0131 durumunda ilk bak\u0131m\u0131 sa\u011flamak konusunda iyi e\u011fitimlidir. Do\u011fum uzman\u0131, bir do\u011fum hem\u015firesiyle birlikte do\u011fum boyunca size rehberlik edecektir. Yap\u0131lan ara\u015ft\u0131rmalar anne ve \u00e7ocu\u011fun g\u00fcvenli\u011fi i\u00e7in nerede do\u011fum yapt\u0131\u011f\u0131n\u0131z\u0131n \u00f6nemli olmad\u0131\u011f\u0131n\u0131 g\u00f6steriyor.<\/p>\n\n\n\n<p><strong>Avantajlar\u0131<\/strong><\/p>\n\n\n\n<ul class=\"wp-block-list\">\n<li>Mahrem ve rahat bir ortam. Kendi tan\u0131d\u0131k ortam\u0131n\u0131zdas\u0131n\u0131z. <\/li>\n\n\n\n<li>Kontrol\u00fcn kendi elinizde oldu\u011fu hissi. <\/li>\n\n\n\n<li>Enfeksiyon olas\u0131l\u0131\u011f\u0131 daha azd\u0131r.<\/li>\n\n\n\n<li>Do\u011fumda kimin bulunaca\u011f\u0131na siz karar verebilirsiniz. <\/li>\n\n\n\n<li>Sanc\u0131larla arabada olmamak, do\u011fumdan sonra eve ula\u015f\u0131m sorunu yok. <\/li>\n\n\n\n<li>Do\u011fumdan sonra hemen kendi du\u015funuza girip kendi yata\u011f\u0131n\u0131za uzanabilirsiniz. <\/li>\n\n\n\n<li>Evde do\u011fum yapman\u0131n masraflar\u0131 tamamen kar\u015f\u0131lan\u0131r. <\/li>\n<\/ul>\n\n\n\n<p><strong>Dezavantajlar\u0131<\/strong><\/p>\n\n\n\n<p>G\u00fcnl\u00fck kayg\u0131lar ya da evdeki di\u011fer \u00e7ocuklar dikkatinizi da\u011f\u0131tabilir. Komplikasyon durumunda yine de hastaneye gidilecek. Do\u011fum esnas\u0131nda veya sonras\u0131nda sorunlar ortaya \u00e7\u0131kt\u0131\u011f\u0131nda do\u011fum uzman\u0131, jinekolo\u011fa veya \u00e7ocuk doktoruna dan\u0131\u015farak m\u00fcmk\u00fcn olan en k\u0131sa s\u00fcrede hastaneye ula\u015fman\u0131z\u0131 sa\u011flayacakt\u0131r. \u0130lk \u00e7ocu\u011funuzu do\u011fururken bunun ger\u00e7ekle\u015fme olas\u0131l\u0131\u011f\u0131 yakla\u015f\u0131k %49 olup, daha \u00f6nce sorunsuz do\u011fum yapm\u0131\u015f biri oldu\u011funda bu oran %17&#8217;dir. Y\u00f6nlendirmelerin \u00e7o\u011funda acil bir durum s\u00f6z konusu de\u011fildir ve hastaneye gitmek i\u00e7in imk\u00e2n ve zaman vard\u0131r. Ev durumunun do\u011fum i\u00e7in uygun olup olmad\u0131\u011f\u0131n\u0131 do\u011fum uzman\u0131 belirler. Evdeki durumun evde do\u011fum i\u00e7in uygun olup olmad\u0131\u011f\u0131ndan emin de\u011filseniz bu konuyu do\u011fum uzman\u0131n\u0131zla \u00f6nceden g\u00f6r\u00fc\u015fmeniz en do\u011frusu olacakt\u0131r.<\/p>\n\n\n\n<h4 class=\"wp-block-heading\">Hastanede (poliklinikte) do\u011fum yapmak<\/h4>\n\n\n\n<p>T\u0131bbi bir neden olmaks\u0131z\u0131n hastanede do\u011fum yaparsan\u0131z buna poliklinikte do\u011fum denir. Somut olarak bu husus, do\u011fumun evde ba\u015flamas\u0131 anlam\u0131na gelir. Do\u011fum uzman\u0131, size dan\u0131\u015farak, ne zaman hastaneye gidebilece\u011finize karar verecektir. Do\u011fum uzman\u0131, geli\u015finizi duyurmak i\u00e7in hastaneyi arayacakt\u0131r. Hastanede, do\u011fum esnas\u0131nda kendi do\u011fum uzman\u0131n\u0131z ve se\u00e7ti\u011finiz lohusa bak\u0131m\u0131 kurulu\u015fundan bir lohusa bak\u0131m\u0131 hem\u015firesi size rehberlik edeceklerdir. Do\u011fum sorunsuz ge\u00e7tiyse yakla\u015f\u0131k 2 saat sonra siz ve bebe\u011finiz evinize d\u00f6neceksiniz.<\/p>\n\n\n\n<p>Lohusa bak\u0131m\u0131 hem\u015firesi evde sizin ve bebe\u011finiz i\u00e7in her \u015feyi ayarlamak \u00fczere sizinle birlikte gelecektir. Do\u011fum ziyaretlerini de orada kabul edebilirsiniz. Bir gece daha kalman\u0131z gerekiyorsa \u00e7o\u011fu durumda e\u015finizin kalmas\u0131 da m\u00fcmk\u00fcnd\u00fcr. Hastaneye gidi\u015f-d\u00f6n\u00fc\u015f ula\u015f\u0131m\u0131n\u0131z\u0131 kendiniz ayarlars\u0131n\u0131z.<\/p>\n\n\n\n<p><strong>Avantajlar<\/strong><\/p>\n\n\n\n<ul class=\"wp-block-list\">\n<li>Komplikasyon durumunda zaten hastanede olmak. <\/li>\n\n\n\n<li>G\u00fcnl\u00fck endi\u015feler dikkatinizi da\u011f\u0131tmaz. <\/li>\n\n\n\n<li>Hastaneye do\u011fum uzman\u0131 d\u0131\u015f\u0131nda 2 ki\u015fiyi daha yan\u0131n\u0131zda getirebilirsiniz.<\/li>\n<\/ul>\n\n\n\n<p><strong>Dezavantajlar<\/strong><\/p>\n\n\n\n<ul class=\"wp-block-list\">\n<li>Yabanc\u0131 ortam.<\/li>\n\n\n\n<li>Sanc\u0131larla arabada olmak.<\/li>\n\n\n\n<li>Daha az mahremiyet.<\/li>\n\n\n\n<li>Enfeksiyon riskinin daha fazla olmas\u0131.<\/li>\n\n\n\n<li>Hastanede (poliklinikte) yap\u0131lan do\u011fumlar\u0131n masraflar\u0131n\u0131n tamam\u0131 kar\u015f\u0131lanmamaktad\u0131r. Do\u011fum odas\u0131n\u0131 &#8216;kiral\u0131yor&#8217; olursunuz. Masraflar\u0131 sa\u011fl\u0131k sigortac\u0131n\u0131zdan \u00f6\u011frenin.<\/li>\n<\/ul>\n\n\n\n<figure class=\"wp-block-embed is-type-video is-provider-youtube wp-block-embed-youtube wp-embed-aspect-16-9 wp-has-aspect-ratio\"><div class=\"wp-block-embed__wrapper\">\n<iframe title=\"Bevallen in het Deventer Ziekenhuis - Geboortezorg Salland\" width=\"500\" height=\"281\" src=\"https:\/\/www.youtube.com\/embed\/di7RmMDrmxo?feature=oembed\" frameborder=\"0\" allow=\"accelerometer; autoplay; clipboard-write; encrypted-media; gyroscope; picture-in-picture; web-share\" referrerpolicy=\"strict-origin-when-cross-origin\" allowfullscreen><\/iframe>\n<\/div><\/figure>\n\n\n\n<h4 class=\"wp-block-heading\">T\u0131bbi nedenlerden dolay\u0131 hastanede do\u011fum yapmak<\/h4>\n\n\n\n<p>Baz\u0131 durumlarda kendi do\u011fum uzman\u0131n\u0131z\u0131n y\u00f6nlendirmesiyle hastanede do\u011fum yapman\u0131z\u0131n t\u0131bbi bir nedeni olabilir. Bu konuyu do\u011fum uzman\u0131n\u0131z sizinle g\u00f6r\u00fc\u015fecektir. <\/p>\n\n\n\n<p>Buna t\u0131bbi endikasyonla poliklinikte do\u011fum denir ve masraflar daha sonra tamamen kar\u015f\u0131lan\u0131r.<\/p>\n\n\n\n<p>Do\u011fum burada da evde ba\u015fl\u0131yor ve do\u011fum i\u00e7in do\u011fum uzman\u0131n\u0131zla birlikte hastaneye gidiyorsunuz. Hastanede size do\u011fum uzman\u0131n\u0131z ve hastane hem\u015fireniz e\u015flik edecektir. Her \u015fey yolunda gitti\u011finde ve ba\u015fka kontrole gerek kalmad\u0131\u011f\u0131nda tekrar evinize gidersiniz. Orada size lohusa bak\u0131m\u0131 hem\u015firesi size orada yard\u0131mc\u0131 olacakt\u0131r.<\/p>\n\n\n\n<h4 class=\"wp-block-heading\">Hastanede jinekolog g\u00f6zetiminde do\u011fum yapmak<\/h4>\n\n\n\n<p>Jinekolog g\u00f6zetimindeyseniz t\u0131bbi endikasyonla hastanede do\u011fum yapars\u0131n\u0131z. Buna klinik do\u011fum denir. Jinekolog, do\u011fumun ba\u015flad\u0131\u011f\u0131n\u0131 ne zaman bildirmeniz gerekti\u011fi konusunda size talimat verecektir. <\/p>\n\n\n\n<p>Asistan hekim, klinik do\u011fum uzman\u0131 veya jinekolog, do\u011fumun ba\u015flad\u0131\u011f\u0131n\u0131 ne zaman bildirmeniz gerekti\u011fi konusunda size  talimat verecektir. Klinik teslimat\u0131n masraflar\u0131 her zaman geri \u00f6denir.<\/p>\n\n\n\n<p>Klinik do\u011fumlar\u0131n masraflar\u0131 her zaman kar\u015f\u0131lan\u0131r.<\/p>\n\n\n\n<h4 class=\"wp-block-heading\"><strong>Sezaryen ile do\u011fum yapmak<\/strong><\/h4>\n\n\n\n<p>Deventer Hastanesi&#8217;nin internet sitesinden sezaryenle ilgili bir film izleyebilirsiniz.<\/p>\n","protected":false},"excerpt":{"rendered":"<p>Do\u011fum yapacak oldu\u011funuz yer bazen sizin i\u00e7in halihaz\u0131rda tespit edilmi\u015ftir. Hastanede do\u011fum yapman\u0131z\u0131 gerektirecek t\u0131bbi nedenler olabilir ancak, hamilelik iyi giderse bu&#8230;<\/p>\n","protected":false},"author":6,"featured_media":625,"parent":115,"menu_order":0,"comment_status":"closed","ping_status":"closed","template":"","meta":{"_acf_changed":false,"editor_notices":[],"footnotes":""},"class_list":["post-317","page","type-page","status-publish","has-post-thumbnail","hentry"],"acf":[],"_links":{"self":[{"href":"https:\/\/geboortezorgsalland.nl\/tr\/wp-json\/wp\/v2\/pages\/317","targetHints":{"allow":["GET"]}}],"collection":[{"href":"https:\/\/geboortezorgsalland.nl\/tr\/wp-json\/wp\/v2\/pages"}],"about":[{"href":"https:\/\/geboortezorgsalland.nl\/tr\/wp-json\/wp\/v2\/types\/page"}],"author":[{"embeddable":true,"href":"https:\/\/geboortezorgsalland.nl\/tr\/wp-json\/wp\/v2\/users\/6"}],"replies":[{"embeddable":true,"href":"https:\/\/geboortezorgsalland.nl\/tr\/wp-json\/wp\/v2\/comments?post=317"}],"version-history":[{"count":0,"href":"https:\/\/geboortezorgsalland.nl\/tr\/wp-json\/wp\/v2\/pages\/317\/revisions"}],"up":[{"embeddable":true,"href":"https:\/\/geboortezorgsalland.nl\/tr\/wp-json\/wp\/v2\/pages\/115"}],"wp:featuredmedia":[{"embeddable":true,"href":"https:\/\/geboortezorgsalland.nl\/tr\/wp-json\/wp\/v2\/media\/625"}],"wp:attachment":[{"href":"https:\/\/geboortezorgsalland.nl\/tr\/wp-json\/wp\/v2\/media?parent=317"}],"curies":[{"name":"wp","href":"https:\/\/api.w.org\/{rel}","templated":true}]}}