{"id":319,"date":"2020-01-19T20:33:49","date_gmt":"2020-01-19T19:33:49","guid":{"rendered":"https:\/\/geboortezorgsalland.nl\/?page_id=319"},"modified":"2024-08-22T12:29:58","modified_gmt":"2024-08-22T10:29:58","slug":"hangi-hazirliklari-yapiyorsunuz","status":"publish","type":"page","link":"https:\/\/geboortezorgsalland.nl\/tr\/hangi-hazirliklari-yapiyorsunuz\/","title":{"rendered":"Hangi haz\u0131rl\u0131klar\u0131 yap\u0131yorsunuz?"},"content":{"rendered":"\n<div class=\"wp-block-group\"><div class=\"wp-block-group__inner-container is-layout-flow wp-block-group-is-layout-flow\">\n<ul class=\"wp-block-list\">\n<li>Evde bir kraampakket (do\u011fum paketi) oldu\u011fundan ve y\u00fckseltilmi\u015f bir yatak ve laz\u0131ml\u0131\u011f\u0131n bulunmas\u0131n\u0131 sa\u011flay\u0131n. <\/li>\n\n\n\n<li>Kendiniz ve bebe\u011finiz i\u00e7in bir \u00e7anta haz\u0131rlay\u0131n. Ayr\u0131ca banyo malzemeleri, kamera ve telefonu(n \u015farj cihaz\u0131n\u0131) da unutmay\u0131n. Do\u011fum plan\u0131n\u0131n ve kart\u0131n\u0131z\u0131n bir kopyas\u0131n\u0131 da \u00e7antaya koyun. <\/li>\n\n\n\n<li>D\u00f6n\u00fc\u015f yolculu\u011fu i\u00e7in bebe\u011fe ait araba koltu\u011fu: bebek bir koltukta olmal\u0131 ve arabada kolunuzda seyahat etmesine izin verilmiyor.<\/li>\n\n\n\n<li>Hastaneye gidi\u015f-d\u00f6n\u00fc\u015f ula\u015f\u0131m\u0131n\u0131z\u0131 kendiniz ayarlaman\u0131z gerekir.<\/li>\n\n\n\n<li>Do\u011fum uzman\u0131 sadece acil durumlarda sizi hastaneye g\u00f6t\u00fcrmek i\u00e7in bir ambulans \u00e7a\u011f\u0131rabilir. Araban\u0131z yoksa ailenize ve arkada\u015flar\u0131n\u0131za sorun veya taksi \u00e7a\u011f\u0131r\u0131n. <\/li>\n\n\n\n<li>Daha b\u00fcy\u00fck \u00e7ocuklar i\u00e7in bir \u00e7ocuk bak\u0131c\u0131s\u0131 ayarlay\u0131n. \u00d6zellikle acilen hastaneye gitmeniz gerekti\u011finde, birisinin h\u0131zl\u0131ca orada olmas\u0131 g\u00fczel olur. <\/li>\n\n\n\n<li>Ayr\u0131ca evcil hayvan i\u00e7in bak\u0131c\u0131y\u0131 da unutmay\u0131n.<\/li>\n<\/ul>\n<\/div><\/div>\n","protected":false},"excerpt":{"rendered":"","protected":false},"author":6,"featured_media":550,"parent":0,"menu_order":0,"comment_status":"closed","ping_status":"closed","template":"","meta":{"_acf_changed":false,"editor_notices":[],"footnotes":""},"class_list":["post-319","page","type-page","status-publish","has-post-thumbnail","hentry"],"acf":[],"_links":{"self":[{"href":"https:\/\/geboortezorgsalland.nl\/tr\/wp-json\/wp\/v2\/pages\/319","targetHints":{"allow":["GET"]}}],"collection":[{"href":"https:\/\/geboortezorgsalland.nl\/tr\/wp-json\/wp\/v2\/pages"}],"about":[{"href":"https:\/\/geboortezorgsalland.nl\/tr\/wp-json\/wp\/v2\/types\/page"}],"author":[{"embeddable":true,"href":"https:\/\/geboortezorgsalland.nl\/tr\/wp-json\/wp\/v2\/users\/6"}],"replies":[{"embeddable":true,"href":"https:\/\/geboortezorgsalland.nl\/tr\/wp-json\/wp\/v2\/comments?post=319"}],"version-history":[{"count":0,"href":"https:\/\/geboortezorgsalland.nl\/tr\/wp-json\/wp\/v2\/pages\/319\/revisions"}],"wp:featuredmedia":[{"embeddable":true,"href":"https:\/\/geboortezorgsalland.nl\/tr\/wp-json\/wp\/v2\/media\/550"}],"wp:attachment":[{"href":"https:\/\/geboortezorgsalland.nl\/tr\/wp-json\/wp\/v2\/media?parent=319"}],"curies":[{"name":"wp","href":"https:\/\/api.w.org\/{rel}","templated":true}]}}