{"id":3289,"date":"2021-10-06T13:37:57","date_gmt":"2021-10-06T11:37:57","guid":{"rendered":"https:\/\/geboortezorgsalland.nl\/?page_id=3289"},"modified":"2024-08-22T12:24:47","modified_gmt":"2024-08-22T10:24:47","slug":"vizyon","status":"publish","type":"page","link":"https:\/\/geboortezorgsalland.nl\/tr\/hakkimizda\/vizyon\/","title":{"rendered":"Bak\u0131m\u0131n\u0131z birlikte \u00fcstleniyoruz"},"content":{"rendered":"\n<p>Geboortezorg Salland&#8217;da ortak bir vizyonumuz var. Yapt\u0131\u011f\u0131m\u0131z, iyile\u015ftirdi\u011fimiz veya bak\u0131m\u0131m\u0131z\u0131 geni\u015fletti\u011fimiz her konuda bu hususun vizyonumuza uyup uymad\u0131\u011f\u0131n\u0131 de\u011ferlendiririz. Son <a href=\"https:\/\/geboortezorgsalland.nl\/wp-content\/uploads\/2024\/04\/2023-10-25-Infographic-GZS-2022.pdf\">faaliyet raporu<\/a>muzda ge\u00e7en y\u0131lki faaliyetlerimizi okuyabilirsiniz.<\/p>\n\n\n\n<h3 class=\"wp-block-heading\" id=\"aanstaande-gezin-centraal\">Odak noktas\u0131 (bebek beleyen) ailedir<\/h3>\n\n\n\n<p>Geboortezorg Salland, hamilelik \u00f6ncesi d\u00f6nemden lohusal\u0131k d\u00f6nemi sonras\u0131na kadar ki\u015fiye \u00f6zel bak\u0131m hizmeti sa\u011fl\u0131yor. \u00d6zelle\u015ftirilmi\u015f bak\u0131m, hamile kad\u0131n ve e\u015finin kontrol\u00fc elinde tuttu\u011fu, Samen Beslissen (Birlikte Kararla\u015ft\u0131rmak) temelinde yap\u0131lan se\u00e7imlerle, uygun ve sorumlu bak\u0131md\u0131r. \u00c7ocuk i\u00e7in umut verici bir ba\u015flang\u0131c\u0131 g\u00fc\u00e7lendirmek amac\u0131yla hamile kad\u0131n\u0131n e\u015fini (ve \u00e7evresini) bak\u0131ma aktif olarak d\u00e2hil ediyoruz. Biz se\u00e7im \u00f6zg\u00fcrl\u00fc\u011f\u00fcn\u00fc savunuyoruz: i\u00e7erik a\u00e7\u0131s\u0131ndan se\u00e7im \u00f6zg\u00fcrl\u00fc\u011f\u00fc (ki\u015fiye \u00f6zel bak\u0131m) ve ayn\u0131 zamanda tercihe g\u00f6re. Geboortezorg Salland b\u00fcnyesindeki her do\u011fum uzmanl\u0131\u011f\u0131 merkezinin kendine \u00f6zg\u00fc ayn\u0131 i\u00e7eri\u011fe dayal\u0131 bak\u0131m hizmeti sunma tarz\u0131 vard\u0131r, dolay\u0131s\u0131yla bu farkl\u0131 tercihler var olmaya devam edecektir.<\/p>\n\n\n\n<h4 class=\"wp-block-heading\" id=\"wij-zijn-geboortezorg-salland\">Biz Geboortezorg Salland&#8217;\u0131z<\/h4>\n\n\n\n<p>Geboortezorg Salland bir Entegre Do\u011fum Bak\u0131m Kurulu\u015fu&#8217;dur (bir IGO) ve \u00e7e\u015fitli disiplinlerden olu\u015fur: lohusa bak\u0131c\u0131s\u0131, hem\u015fire, 1&#8217;inci basamak do\u011fum uzman\u0131, ultrason teknisyeni, (hekim asistan\u0131) klinik do\u011fum uzman\u0131, emzirme uzman\u0131, A(N)IOS, jinekolog, \u00e7ocuk doktoru , (poliklinik) asistan, sekreter, y\u00f6netici ve y\u00f6netici asistan\u0131.<\/p>\n\n\n\n<p>Hamile kad\u0131n\u0131n ve e\u015finin kim oldu\u011fumuzu ve neyi temsil etti\u011fimizi duymalar\u0131n\u0131 ve hissetmelerini sa\u011fl\u0131yoruz. Kurulu\u015f i\u00e7inde birbirimizi tan\u0131yoruz, birbirimizin uzmanl\u0131\u011f\u0131na g\u00fcveniyoruz ve gerekirse birbirimizle kalite, politika veya i\u015f birli\u011fi hakk\u0131nda g\u00f6r\u00fc\u015f\u00fcyoruz. IGO olarak yenilik\u00e7iyiz ve bunun m\u00fc\u015fteri taraf\u0131ndan fark edilmesi gerekiyor. Hepimiz Do\u011fru Yerde Do\u011fru Bak\u0131ma (JZOJP) katk\u0131da bulunuyoruz: akl\u0131m\u0131zda tuttu\u011fumuz husus: m\u00fcmk\u00fcn oldu\u011funda 1&#8217;inci basamak bak\u0131m, gerekli oldu\u011funda 2&#8217;nci basamak bak\u0131m. Geboortezorg Salland olarak kim oldu\u011fumuzla gurur duyuyoruz: &#8216;Yapt\u0131\u011f\u0131nda iyi olun ve bunu da anlat\u0131n&#8217;.<\/p>\n\n\n\n<h4 class=\"wp-block-heading\" id=\"soepele-zorg\">Kusursuz bak\u0131m<\/h4>\n\n\n\n<p>(Bebek bekleyen) ailenin bak\u0131m\u0131ndan birlikte sorumluyuz. En iyi bak\u0131m\u0131 organize etmek i\u00e7in birbirimizin uzmanl\u0131\u011f\u0131ndan faydalan\u0131yoruz. Kusursuz bak\u0131m, hi\u00e7bir tekrar\u0131n ve t\u00f6kezlemenin olmad\u0131\u011f\u0131 bak\u0131m anlam\u0131na geliyor: hamile kad\u0131n ve e\u015finin anlatacaklar\u0131n\u0131 sadece bir kez anlatmas\u0131 gerekir. Daha sonra hamile kad\u0131n ve e\u015fiyle birlikte, planlama ve i\u00e7erik konusunda iyi ve net bir koordinasyona sahip oluruz. Hepimizin hamile kad\u0131na y\u00f6nelik anlataca\u011f\u0131m\u0131z tek bir konu olur ve gereksiz engellere tak\u0131lmadan bak\u0131m sa\u011flar\u0131z.<\/p>\n\n\n\n<h4 class=\"wp-block-heading\" id=\"duurzame-organisatiekracht\">S\u00fcrd\u00fcrebilir organizasyon g\u00fcc\u00fc<\/h4>\n\n\n\n<p>Yapt\u0131\u011f\u0131m\u0131z se\u00e7imlerde bak\u0131m hizmetinin i\u00e7eri\u011fi \u00f6n plana \u00e7\u0131k\u0131yor ve ayn\u0131 zamanda kurumlar\u0131m\u0131z\u0131n finansal sa\u011fl\u0131\u011f\u0131n\u0131 da g\u00f6zetiyoruz. \u00c7\u0131k\u0131\u015f \u200b\u200bnoktam\u0131z, (bebek bekleyen) aileye birlikte bak\u0131m hizmeti sunmak i\u00e7in birbirimize ihtiyac\u0131m\u0131z olmas\u0131d\u0131r. <\/p>\n\n\n\n<p><strong>M\u00fc\u015fteri memnuniyeti ve ilgili sonu\u00e7lar do\u011frultusunda s\u00fcrekli devam eden kalite iyile\u015ftirmeleri<\/strong><\/p>\n\n\n\n<p>Memnun olan (bebek bekleyen) bir aileye kaliteli bak\u0131m hizmeti sa\u011flamak, s\u00fcrekli olarak de\u011ferlendirmemiz, yans\u0131tmam\u0131z ve iyile\u015ftirme eylemlerini nerede uygulayabilece\u011fimizi g\u00f6rmemiz anlam\u0131na gelir. Bak\u0131m hizmetimizle ilgili (bebek bekleyeni) aileden geri bildirim almak, bu bak\u0131m hizmetinin iyile\u015ftirilmesine katk\u0131da bulunur. Birlikte (bebek bekleyen) aileye bak\u0131m hizmeti sunuyoruz. En \u00fcst d\u00fczeyde bak\u0131m hizmeti savunuyoruz.<\/p>\n","protected":false},"excerpt":{"rendered":"<p>Geboortezorg Salland&#8217;da ortak bir vizyonumuz var. Yapt\u0131\u011f\u0131m\u0131z, iyile\u015ftirdi\u011fimiz veya bak\u0131m\u0131m\u0131z\u0131 geni\u015fletti\u011fimiz her konuda bu hususun vizyonumuza uyup uymad\u0131\u011f\u0131n\u0131 de\u011ferlendiririz. Son faaliyet raporumuzda&#8230;<\/p>\n","protected":false},"author":110,"featured_media":0,"parent":99,"menu_order":0,"comment_status":"closed","ping_status":"closed","template":"","meta":{"_acf_changed":false,"editor_notices":[],"footnotes":""},"class_list":["post-3289","page","type-page","status-publish","hentry"],"acf":[],"_links":{"self":[{"href":"https:\/\/geboortezorgsalland.nl\/tr\/wp-json\/wp\/v2\/pages\/3289","targetHints":{"allow":["GET"]}}],"collection":[{"href":"https:\/\/geboortezorgsalland.nl\/tr\/wp-json\/wp\/v2\/pages"}],"about":[{"href":"https:\/\/geboortezorgsalland.nl\/tr\/wp-json\/wp\/v2\/types\/page"}],"author":[{"embeddable":true,"href":"https:\/\/geboortezorgsalland.nl\/tr\/wp-json\/wp\/v2\/users\/110"}],"replies":[{"embeddable":true,"href":"https:\/\/geboortezorgsalland.nl\/tr\/wp-json\/wp\/v2\/comments?post=3289"}],"version-history":[{"count":0,"href":"https:\/\/geboortezorgsalland.nl\/tr\/wp-json\/wp\/v2\/pages\/3289\/revisions"}],"up":[{"embeddable":true,"href":"https:\/\/geboortezorgsalland.nl\/tr\/wp-json\/wp\/v2\/pages\/99"}],"wp:attachment":[{"href":"https:\/\/geboortezorgsalland.nl\/tr\/wp-json\/wp\/v2\/media?parent=3289"}],"curies":[{"name":"wp","href":"https:\/\/api.w.org\/{rel}","templated":true}]}}