{"id":380,"date":"2020-02-17T11:36:24","date_gmt":"2020-02-17T10:36:24","guid":{"rendered":"https:\/\/geboortezorgsalland.nl\/?page_id=380"},"modified":"2024-09-05T19:13:49","modified_gmt":"2024-09-05T17:13:49","slug":"dusuk","status":"publish","type":"page","link":"https:\/\/geboortezorgsalland.nl\/tr\/sundugumuz-bakim\/dusuk\/","title":{"rendered":"D\u00fc\u015f\u00fck"},"content":{"rendered":"\n<p>Ne yaz\u0131k ki her hamilelik iyi ge\u00e7miyor. Geli\u015fimin erken d\u00f6neminde bir \u015feyler ters giderse hamilelik d\u00fc\u015f\u00fckle sonu\u00e7lanabilir. \u00c7o\u011fu zaman bunu ilk olarak adet g\u00f6r\u00fcyormu\u015fsunuz gibi bir hisle veya kan kayb\u0131yla fark edersiniz. Bazen hi\u00e7bir \u015fey olmaz ve kalbin atmad\u0131\u011f\u0131 ancak ilk ultrasonda anla\u015f\u0131l\u0131r.<\/p>\n\n\n\n<p>D\u00fc\u015f\u00fck durumunda hamileli\u011fin ba\u015flang\u0131c\u0131nda bir sorun var demektir. Hamilelik b\u00fcy\u00fcmeye devam etmiyor. Bu do\u011fal bir s\u00fcre\u00e7tir ve bunu \u00f6nlemek i\u00e7in yapabilece\u011finiz hi\u00e7bir \u015fey yoktur.<\/p>\n\n\n\n<p>D\u00fc\u015f\u00fck yayg\u0131nd\u0131r. Hamileliklerin %10 ila 15&#8217;inde gebelik d\u00fc\u015f\u00fckle sonu\u00e7lan\u0131r. <\/p>\n\n\n\n<p>Bu <a href=\"https:\/\/geboortezorgsalland.nl\/wp-content\/uploads\/2020\/03\/Folder-Miskraam.pdf\" target=\"_blank\" rel=\"noreferrer noopener\">tan\u0131t\u0131c\u0131 kitap\u00e7\u0131kta<\/a> d\u00fc\u015f\u00fckle ilgili daha fazla bilgi okuyun.<\/p>\n\n\n\n<div style=\"height:30px\" aria-hidden=\"true\" class=\"wp-block-spacer\"><\/div>\n\n\n\n<div class=\"wp-block-group\"><div class=\"wp-block-group__inner-container is-layout-flow wp-block-group-is-layout-flow\">\n<h3 class=\"wp-block-heading\">1. Hayati olmayan hamilelik ve d\u00fc\u015f\u00fck hakk\u0131nda bilgiler<\/h3>\n\n\n\n.embed-responsive-16by9 { \n    height: 0;\n    padding-top: 56.25%;\n    position: relative;\n    width: 100%;\n}\n\n.embed-responsive-item { \n    border: none;\n    height: 100%;\n    left: 0;\n    position: absolute;\n    top: 0;\n    width: 100%;\n} \n \n\n<!-- Start inbed code --> \n<div class=\"embed-responsive-16by9\"> \n \n<\/div> \n<!-- Einde inbed code -->\n<\/div><\/div>\n\n\n\n<div class=\"wp-block-group\"><div class=\"wp-block-group__inner-container is-layout-flow wp-block-group-is-layout-flow\">\n<div style=\"height:30px\" aria-hidden=\"true\" class=\"wp-block-spacer\"><\/div>\n\n\n\n<h3 class=\"wp-block-heading\">2. Hayati olmayan bir hamilelik i\u00e7in se\u00e7enekler: bekleyip g\u00f6rmek<\/h3>\n\n\n\n<!-- Start inbed code --> \n<div class=\"embed-responsive-16by9\"> \n \n<\/div> \n<!-- Einde inbed code -->\n<\/div><\/div>\n\n\n\n<div class=\"wp-block-group\"><div class=\"wp-block-group__inner-container is-layout-flow wp-block-group-is-layout-flow\">\n<div style=\"height:30px\" aria-hidden=\"true\" class=\"wp-block-spacer\"><\/div>\n\n\n\n<h3 class=\"wp-block-heading\">3. Hayati olmayan bir hamilelik i\u00e7in se\u00e7enekler: ila\u00e7 kullanmak<\/h3>\n\n\n\n<!-- Start inbed code --> \n<div class=\"embed-responsive-16by9\"> \n \n<\/div> \n<!-- Einde inbed code -->\n<\/div><\/div>\n\n\n\n<div class=\"wp-block-group\"><div class=\"wp-block-group__inner-container is-layout-flow wp-block-group-is-layout-flow\">\n<div style=\"height:30px\" aria-hidden=\"true\" class=\"wp-block-spacer\"><\/div>\n\n\n\n<h3 class=\"wp-block-heading\">4. Hayati olmayan bir hamilelik i\u00e7in se\u00e7enekler: k\u00fcrtaj<\/h3>\n\n\n\n<!-- Start inbed code --> \n<div class=\"embed-responsive-16by9\"> \n \n<\/div> \n<!-- Einde inbed code -->\n<\/div><\/div>\n\n\n\n<p><\/p>\n","protected":false},"excerpt":{"rendered":"<p>Ne yaz\u0131k ki her hamilelik iyi ge\u00e7miyor. Geli\u015fimin erken d\u00f6neminde bir \u015feyler ters giderse hamilelik d\u00fc\u015f\u00fckle sonu\u00e7lanabilir. \u00c7o\u011fu zaman bunu ilk olarak&#8230;<\/p>\n","protected":false},"author":6,"featured_media":0,"parent":591,"menu_order":0,"comment_status":"closed","ping_status":"closed","template":"","meta":{"_acf_changed":false,"editor_notices":[],"footnotes":""},"class_list":["post-380","page","type-page","status-publish","hentry"],"acf":[],"_links":{"self":[{"href":"https:\/\/geboortezorgsalland.nl\/tr\/wp-json\/wp\/v2\/pages\/380","targetHints":{"allow":["GET"]}}],"collection":[{"href":"https:\/\/geboortezorgsalland.nl\/tr\/wp-json\/wp\/v2\/pages"}],"about":[{"href":"https:\/\/geboortezorgsalland.nl\/tr\/wp-json\/wp\/v2\/types\/page"}],"author":[{"embeddable":true,"href":"https:\/\/geboortezorgsalland.nl\/tr\/wp-json\/wp\/v2\/users\/6"}],"replies":[{"embeddable":true,"href":"https:\/\/geboortezorgsalland.nl\/tr\/wp-json\/wp\/v2\/comments?post=380"}],"version-history":[{"count":0,"href":"https:\/\/geboortezorgsalland.nl\/tr\/wp-json\/wp\/v2\/pages\/380\/revisions"}],"up":[{"embeddable":true,"href":"https:\/\/geboortezorgsalland.nl\/tr\/wp-json\/wp\/v2\/pages\/591"}],"wp:attachment":[{"href":"https:\/\/geboortezorgsalland.nl\/tr\/wp-json\/wp\/v2\/media?parent=380"}],"curies":[{"name":"wp","href":"https:\/\/api.w.org\/{rel}","templated":true}]}}