{"id":419,"date":"2020-02-17T14:07:38","date_gmt":"2020-02-17T13:07:38","guid":{"rendered":"https:\/\/geboortezorgsalland.nl\/?page_id=419"},"modified":"2024-08-24T16:58:16","modified_gmt":"2024-08-24T14:58:16","slug":"bebegin-beslenmesi","status":"publish","type":"page","link":"https:\/\/geboortezorgsalland.nl\/tr\/bebegin-beslenmesi\/","title":{"rendered":"Bebe\u011fin beslenmesi"},"content":{"rendered":"\n<h3 class=\"wp-block-heading\">Anne s\u00fct\u00fc m\u00fc yoksa mama m\u0131<strong>?<\/strong><\/h3>\n\n\n\n<p>Sa\u011fl\u0131kl\u0131 b\u00fcy\u00fcmesi ve geli\u015fmesi i\u00e7in bebe\u011finiz beslenmelidir.<\/p>\n\n\n\n<h4 class=\"wp-block-heading\">Anne s\u00fct\u00fc<\/h4>\n\n\n\n<p>Anne s\u00fct\u00fc \u00e7ocu\u011funuz i\u00e7in en do\u011fal besindir. Anne s\u00fct\u00fc, antikorlar\u0131n yan\u0131 s\u0131ra bebe\u011fin b\u00fcy\u00fcmesi ve geli\u015fmesi i\u00e7in ihtiya\u00e7 duydu\u011fu t\u00fcm besinleri i\u00e7erir. Anne s\u00fct\u00fc b\u00f6ylece hem sizin hem de bebe\u011finiz i\u00e7in alerjilere ve her t\u00fcrl\u00fc hastal\u0131\u011fa kar\u015f\u0131 \u015fimdi ve gelecekte koruma sa\u011flar.<\/p>\n\n\n\n<p>Emzirmeye haz\u0131rlanman\u0131n birka\u00e7 yolu vard\u0131r. Emzirme konusunda bilgilendirme ak\u015fam\u0131na kat\u0131labilirsiniz. \u0130nternette daha derinlere inmek i\u00e7in \u00e7e\u015fitli se\u00e7enekler de vard\u0131r. Voedingscentrum&#8217;un (Beslenme Merkezi) web sitesinde emzirmeye haz\u0131rl\u0131k ve emzirmeye ba\u015flama ile ilgili videolar yer almaktad\u0131r.<\/p>\n\n\n\n<p>Emzirme konusunda herhangi bir sorunuz veya sorununuz oldu\u011funda anne s\u00fct\u00fc uzman\u0131n\u0131za veya emzirme uzman\u0131n\u0131za ba\u015fvurabilirsiniz. Naviva&#8217;n\u0131n <a aria-label=\"borstvoedingslijn (opent in een nieuwe tab)\" href=\"https:\/\/www.naviva.nl\/antwoord-en-advies\/borstvoeding\/lactatiekundige\/\" target=\"_blank\" rel=\"noreferrer noopener\">anne s\u00fct\u00fc hatt\u0131<\/a> var ve emzirme merkezleri de vard\u0131r.<\/p>\n\n\n\n<p><strong>B\u00f6lgedeki anne s\u00fct\u00fc uzmanlar\u0131:<\/strong><\/p>\n\n\n\n<p>Anneke ten Hove, <a aria-label=\" (opent in een nieuwe tab)\" href=\"http:\/\/www.borstvoedingspraktijkvoorjou.nl\/\" target=\"_blank\" rel=\"noreferrer noopener\">Borstvoedingspraktijk Voor jou<\/a> Deventer<\/p>\n\n\n\n<p>Erna Klein Hofmeijer,&nbsp;<a href=\"https:\/\/www.praktijkvoorborstvoeding.nl\/\" target=\"_blank\" rel=\"noreferrer noopener\">Praktijk voor\nBorstvoeding<\/a> Schalkhaar<\/p>\n\n\n\n<p><strong>Emzirmek ve \u00e7al\u0131\u015fmak<\/strong><\/p>\n\n\n\n<p>Emzirmek istiyorsan\u0131z ve tekrar i\u015fe d\u00f6nd\u00fcyseniz, bebe\u011finiz dokuz ayl\u0131k olana kadar i\u015fyerinde s\u00fct sa\u011fma veya emzirme hakk\u0131n\u0131z vard\u0131r.<br>\u00c7ocu\u011funuzun ya\u015fam\u0131n\u0131n ilk 9 ay\u0131 boyunca, \u00e7al\u0131\u015fma g\u00fcn\u00fcn\u00fcz\u00fcn veya vardiyan\u0131z\u0131n en fazla d\u00f6rtte biri kadar ve i\u015fvereninize dan\u0131\u015farak gerekti\u011fi s\u0131kl\u0131kta ve s\u00fcre boyunca emzirebilir veya s\u00fct sa\u011fabilirsiniz. Bu i\u015f b\u00f6lmeleri esnas\u0131nda saat \u00fccretinizden kesinti yap\u0131lmayacakt\u0131r. Bu d\u00f6nemde tehlikeli maddelerle \u00e7al\u0131\u015f\u0131p \u00e7al\u0131\u015fmad\u0131\u011f\u0131n\u0131z\u0131 bilmeniz \u00f6nemlidir \u00e7\u00fcnk\u00fc bunlar anne s\u00fct\u00fc yoluyla \u00e7ocu\u011funuza ge\u00e7ebilir.<\/p>\n\n\n\n<p><strong>Daha fazla bilgi i\u00e7in a\u015fa\u011f\u0131daki web sitelerine bak\u0131n:&nbsp;<\/strong><br><a href=\"https:\/\/www.fnv.nl\/werk-inkomen\/zwanger-ouderschap\/borstvoeding-en-kolven-op-je-werk\">kolven_op_het werk<\/a>&nbsp;|&nbsp;<a href=\"https:\/\/www.borstvoeding.com\/artikelen\/borstbaan\/werkenNL.html\" target=\"_blank\" rel=\"noreferrer noopener\">borstvoeding en kolven<\/a> | <a href=\"https:\/\/www.voedingscentrum.nl\/nl\/zwanger-en-kind\/borstvoeding-en-flesvoeding\/borstvoeding-geven.aspx\" target=\"_blank\" rel=\"noreferrer noopener\">Voedingscentrum Borstvoeding<\/a> | <a href=\"https:\/\/www.lalecheleague.nl\/\" target=\"_blank\" rel=\"noreferrer noopener\">La leche league Borstvoedingsorganisatie<\/a> |&nbsp;<a href=\"https:\/\/www.borstvoeding.com\/\" target=\"_blank\" rel=\"noreferrer noopener\">Borstvoeding.com<\/a> |<\/p>\n\n\n\n<h4 class=\"wp-block-heading\">Mama ile besleme<\/h4>\n\n\n\n<p>Emziremiyorsan\u0131z veya emzirmek istemiyorsan\u0131z mama iyi bir alternatiftir. 0-6 ay aras\u0131 bebekler i\u00e7in olan mamay\u0131 se\u00e7in. Tamam\u0131 Hollanda Emtia Kanunu&#8217;na uygun olan \u00e7e\u015fitli markalar vard\u0131r. \u015ei\u015feler ve emzikler de farkl\u0131 \u015fekil ve boyutlarda mevcuttur. \u00c7o\u011fu zaman mesele, bebe\u011finize en uygun olan\u0131 denemekten ibarettir.<\/p>\n\n\n\n<h4 class=\"wp-block-heading\"><strong>Bilgilendirme ve <\/strong>tavsiye<\/h4>\n\n\n\n<p>Bebek beslenmesi ve lohusal\u0131k d\u00f6nemi ile ilgili bilgilendirme gecesi ve emzirme konusunda bilgilendirme gecesi d\u00fczenlenmektedir. Bunlar i\u00e7in \u00fccretsiz kay\u0131t olabilirsiniz. Ayr\u0131ca ki\u015fisel tavsiye i\u00e7in hamilelik esnas\u0131nda bir anne s\u00fct\u00fc uzman\u0131nda randevu olu\u015fturabilirsiniz.<\/p>\n\n\n\n<p>Bebe\u011fin beslenmesi ile ilgili \u00e7e\u015fitli tan\u0131t\u0131c\u0131 kitap\u00e7\u0131klar ve web siteleri bulunmaktad\u0131r.<br><strong>A\u015fa\u011f\u0131da belirtilen web sitelerinde daha fazla bilgi bulunabilir:<\/strong><br> |\u00a0<a href=\"https:\/\/www.voedingscentrum.nl\/nl\/zwanger-en-kind\/borstvoeding-en-flesvoeding\/flesvoeding-geven.aspx\" target=\"_blank\" rel=\"noreferrer noopener\">Voedingscentrum flesvoeding<\/a>\u00a0|\u00a0<\/p>\n","protected":false},"excerpt":{"rendered":"<p>Anne s\u00fct\u00fc m\u00fc yoksa mama m\u0131? Sa\u011fl\u0131kl\u0131 b\u00fcy\u00fcmesi ve geli\u015fmesi i\u00e7in bebe\u011finiz beslenmelidir. Anne s\u00fct\u00fc Anne s\u00fct\u00fc \u00e7ocu\u011funuz i\u00e7in en do\u011fal besindir&#8230;.<\/p>\n","protected":false},"author":6,"featured_media":2104,"parent":0,"menu_order":0,"comment_status":"closed","ping_status":"closed","template":"","meta":{"_acf_changed":false,"editor_notices":[],"footnotes":""},"class_list":["post-419","page","type-page","status-publish","has-post-thumbnail","hentry"],"acf":[],"_links":{"self":[{"href":"https:\/\/geboortezorgsalland.nl\/tr\/wp-json\/wp\/v2\/pages\/419","targetHints":{"allow":["GET"]}}],"collection":[{"href":"https:\/\/geboortezorgsalland.nl\/tr\/wp-json\/wp\/v2\/pages"}],"about":[{"href":"https:\/\/geboortezorgsalland.nl\/tr\/wp-json\/wp\/v2\/types\/page"}],"author":[{"embeddable":true,"href":"https:\/\/geboortezorgsalland.nl\/tr\/wp-json\/wp\/v2\/users\/6"}],"replies":[{"embeddable":true,"href":"https:\/\/geboortezorgsalland.nl\/tr\/wp-json\/wp\/v2\/comments?post=419"}],"version-history":[{"count":0,"href":"https:\/\/geboortezorgsalland.nl\/tr\/wp-json\/wp\/v2\/pages\/419\/revisions"}],"wp:featuredmedia":[{"embeddable":true,"href":"https:\/\/geboortezorgsalland.nl\/tr\/wp-json\/wp\/v2\/media\/2104"}],"wp:attachment":[{"href":"https:\/\/geboortezorgsalland.nl\/tr\/wp-json\/wp\/v2\/media?parent=419"}],"curies":[{"name":"wp","href":"https:\/\/api.w.org\/{rel}","templated":true}]}}