{"id":591,"date":"2020-03-26T10:47:02","date_gmt":"2020-03-26T09:47:02","guid":{"rendered":"https:\/\/geboortezorgsalland.nl\/?page_id=591"},"modified":"2024-08-20T08:20:40","modified_gmt":"2024-08-20T06:20:40","slug":"sundugumuz-bakim","status":"publish","type":"page","link":"https:\/\/geboortezorgsalland.nl\/tr\/sundugumuz-bakim\/","title":{"rendered":"Sundu\u011fumuz bak\u0131m"},"content":{"rendered":"\n<p>Hamileli\u011finizle ilgili olarak sizi tebrik ederiz. Bu \u00f6zel ve heyecanl\u0131 zamanda size rehberlik etmeye haz\u0131r\u0131z. Nas\u0131l \u00e7al\u0131\u015ft\u0131\u011f\u0131m\u0131z\u0131 a\u015fa\u011f\u0131da okuyun. <\/p>\n\n\n\n<p><strong>A\u015fama 1<\/strong>: Hamileyseniz: Yak\u0131n\u0131n\u0131zdaki ekiplerden size uygun bir <a href=\"https:\/\/geboortezorgsalland.nl\/onze-praktijken\/\" target=\"_blank\" rel=\"noreferrer noopener\">do\u011fum uzmanl\u0131\u011f\u0131 merkezi<\/a> se\u00e7in. Kabul g\u00f6r\u00fc\u015fmesi ve do\u011fum uzmanl\u0131\u011f\u0131 bak\u0131m\u0131 i\u00e7in oraya kaydolun. Hamileli\u011finiz boyunca halihaz\u0131rda bir jinekolog taraf\u0131ndan takip edilece\u011finizi biliyor olsan\u0131z bile, yine de kabul g\u00f6r\u00fc\u015fmesi i\u00e7in bir do\u011fum uzmanl\u0131\u011f\u0131 merkezine ba\u015fvurunuz.<\/p>\n\n\n\n<p><strong>A\u015fama 2:<\/strong> Kabul g\u00f6r\u00fc\u015fmesi: do\u011fum uzman\u0131 ile ilk g\u00f6r\u00fc\u015fmenin hamileli\u011fin 8&#8217;inci haftas\u0131nda yapacaks\u0131n\u0131z. Bu durumda t\u0131bbi ge\u00e7mi\u015finiz ve ailedeki kal\u0131tsal hastal\u0131klar hakk\u0131nda bir sorular listesi \u00fczerinde g\u00f6r\u00fc\u015fece\u011fiz. Ayr\u0131ca hamilelik esnas\u0131nda tarama olas\u0131l\u0131\u011f\u0131n\u0131 da g\u00f6r\u00fc\u015f\u00fcyoruz. Gerekti\u011finde do\u011fum uzman\u0131 sa\u011fl\u0131\u011f\u0131n\u0131z hakk\u0131nda ek bilgi toplayacak ve sizinle birlikte hamileli\u011finizle ilgili  bak\u0131m yolunu \u00e7izecektir. Bu bak\u0131m yolu, bir kad\u0131n do\u011fum uzman\u0131 ve jinekolog ile yap\u0131lacak g\u00f6r\u00fc\u015fme sonras\u0131nda kesinle\u015ftirilecektir.<\/p>\n\n\n\n<p>Hamileli\u011finizle ilgili bak\u0131m yolu, hamilelik esnas\u0131nda yap\u0131lan bir t\u00fcr kontrol ve muayene program\u0131d\u0131r. T\u00fcm hamile kad\u0131nlar i\u00e7in ge\u00e7erli olan bir Temel Bak\u0131m Yolu vard\u0131r ancak bu, gerekti\u011finde hamileli\u011finize g\u00f6re ayarlanacakt\u0131r. Sizin, e\u015finizin ve ailenizin sa\u011fl\u0131\u011f\u0131n\u0131 ve \u00f6nceki gebeliklerin seyrini dikkate al\u0131yoruz. Bazen ek kan tahlilleri veya ultrason ara\u015ft\u0131rmas\u0131 yapmak gerekebilir. <\/p>\n\n\n\n<p><strong>A\u015fama 3:<\/strong> Do\u011fum uzman\u0131, ikinci kontrol\u00fcn\u00fcz esnas\u0131nda sizinle bak\u0131m yolunu g\u00f6r\u00fc\u015fecektir. Sa\u011fl\u0131kl\u0131 bir hamilelikte t\u00fcm kontroller i\u00e7in do\u011fum uzman\u0131na gidersiniz. Herhangi bir sorun olmas\u0131 durumunda jinekolo\u011fa y\u00f6nlendirileceksiniz. Bak\u0131m\u0131n payla\u015ft\u0131r\u0131lmas\u0131 da m\u00fcmk\u00fcnd\u00fcr. Hamileli\u011finiz boyunca jinekolog taraf\u0131ndan takip edildiyseniz lohusal\u0131k d\u00f6neminizde do\u011fum uzman\u0131n\u0131 tekrar g\u00f6receksiniz.<\/p>\n","protected":false},"excerpt":{"rendered":"<p>Hamileli\u011finizle ilgili olarak sizi tebrik ederiz. Bu \u00f6zel ve heyecanl\u0131 zamanda size rehberlik etmeye haz\u0131r\u0131z. Nas\u0131l \u00e7al\u0131\u015ft\u0131\u011f\u0131m\u0131z\u0131 a\u015fa\u011f\u0131da okuyun. A\u015fama 1: Hamileyseniz:&#8230;<\/p>\n","protected":false},"author":1,"featured_media":3101,"parent":0,"menu_order":0,"comment_status":"closed","ping_status":"closed","template":"templates\/page-onzezorg.php","meta":{"_acf_changed":false,"editor_notices":[],"footnotes":""},"class_list":["post-591","page","type-page","status-publish","has-post-thumbnail","hentry"],"acf":[],"_links":{"self":[{"href":"https:\/\/geboortezorgsalland.nl\/tr\/wp-json\/wp\/v2\/pages\/591","targetHints":{"allow":["GET"]}}],"collection":[{"href":"https:\/\/geboortezorgsalland.nl\/tr\/wp-json\/wp\/v2\/pages"}],"about":[{"href":"https:\/\/geboortezorgsalland.nl\/tr\/wp-json\/wp\/v2\/types\/page"}],"author":[{"embeddable":true,"href":"https:\/\/geboortezorgsalland.nl\/tr\/wp-json\/wp\/v2\/users\/1"}],"replies":[{"embeddable":true,"href":"https:\/\/geboortezorgsalland.nl\/tr\/wp-json\/wp\/v2\/comments?post=591"}],"version-history":[{"count":0,"href":"https:\/\/geboortezorgsalland.nl\/tr\/wp-json\/wp\/v2\/pages\/591\/revisions"}],"wp:featuredmedia":[{"embeddable":true,"href":"https:\/\/geboortezorgsalland.nl\/tr\/wp-json\/wp\/v2\/media\/3101"}],"wp:attachment":[{"href":"https:\/\/geboortezorgsalland.nl\/tr\/wp-json\/wp\/v2\/media?parent=591"}],"curies":[{"name":"wp","href":"https:\/\/api.w.org\/{rel}","templated":true}]}}