{"id":65,"date":"2019-11-12T08:29:44","date_gmt":"2019-11-12T07:29:44","guid":{"rendered":"https:\/\/geboortezorgsalland.nl\/?page_id=65"},"modified":"2024-08-26T12:13:05","modified_gmt":"2024-08-26T10:13:05","slug":"welkom-bij-geboortezorg-salland","status":"publish","type":"page","link":"https:\/\/geboortezorgsalland.nl\/tr\/","title":{"rendered":"Geboortezorg Salland&#8217;a ho\u015f geldiniz"},"content":{"rendered":"\n<p><strong>Deventer<\/strong> belediyesinde veya <strong>Voorst, Lochem, Olst-Wijhe, Raalte, Rijssen-Holten<\/strong> veya <strong>Hof van Twente<\/strong> belediyesinde oturuyorsan\u0131z, bu web sitesinde hamilelik ve hamilelik d\u00f6neminde bak\u0131m konusunda bir\u00e7ok bilgi bulacaks\u0131n\u0131z.<\/p>\n\n\n\n<p><strong><em>Geboortezorg Salland&#8217;\u0131n odak noktas\u0131n\u0131 anne aday\u0131, e\u015fi ve \u00e7ocu\u011fun bak\u0131m\u0131 olu\u015fturuyor!<\/em><\/strong><\/p>\n","protected":false},"excerpt":{"rendered":"<p>Deventer belediyesinde veya Voorst, Lochem, Olst-Wijhe, Raalte, Rijssen-Holten veya Hof van Twente belediyesinde oturuyorsan\u0131z, bu web sitesinde hamilelik ve hamilelik d\u00f6neminde bak\u0131m&#8230;<\/p>\n","protected":false},"author":1,"featured_media":4085,"parent":0,"menu_order":-1,"comment_status":"closed","ping_status":"closed","template":"","meta":{"_acf_changed":false,"editor_notices":[],"footnotes":""},"class_list":["post-65","page","type-page","status-publish","has-post-thumbnail","hentry"],"acf":[],"_links":{"self":[{"href":"https:\/\/geboortezorgsalland.nl\/tr\/wp-json\/wp\/v2\/pages\/65","targetHints":{"allow":["GET"]}}],"collection":[{"href":"https:\/\/geboortezorgsalland.nl\/tr\/wp-json\/wp\/v2\/pages"}],"about":[{"href":"https:\/\/geboortezorgsalland.nl\/tr\/wp-json\/wp\/v2\/types\/page"}],"author":[{"embeddable":true,"href":"https:\/\/geboortezorgsalland.nl\/tr\/wp-json\/wp\/v2\/users\/1"}],"replies":[{"embeddable":true,"href":"https:\/\/geboortezorgsalland.nl\/tr\/wp-json\/wp\/v2\/comments?post=65"}],"version-history":[{"count":0,"href":"https:\/\/geboortezorgsalland.nl\/tr\/wp-json\/wp\/v2\/pages\/65\/revisions"}],"wp:featuredmedia":[{"embeddable":true,"href":"https:\/\/geboortezorgsalland.nl\/tr\/wp-json\/wp\/v2\/media\/4085"}],"wp:attachment":[{"href":"https:\/\/geboortezorgsalland.nl\/tr\/wp-json\/wp\/v2\/media?parent=65"}],"curies":[{"name":"wp","href":"https:\/\/api.w.org\/{rel}","templated":true}]}}