{"id":652,"date":"2020-04-02T12:19:59","date_gmt":"2020-04-02T10:19:59","guid":{"rendered":"https:\/\/geboortezorgsalland.nl\/?page_id=652"},"modified":"2024-08-22T12:45:08","modified_gmt":"2024-08-22T10:45:08","slug":"genclik-saglik-bakimi-hizmetleri","status":"publish","type":"page","link":"https:\/\/geboortezorgsalland.nl\/tr\/sundugumuz-bakim\/genclik-saglik-bakimi-hizmetleri\/","title":{"rendered":"Gen\u00e7lik Sa\u011fl\u0131k Bak\u0131m\u0131 Hizmetleri"},"content":{"rendered":"<p><!--StartFragment--><\/p>\n\n\n<h4 class=\"wp-block-heading\">Lohusa bak\u0131m\u0131 hem\u015firesi art\u0131k gitti, \u015fimdi ne olacak?<\/h4>\n\n\n\n<p>Baba ya da anne oldu\u011funuz andan itibaren \u00f6n\u00fcn\u00fcze pek \u00e7ok \u015fey \u00e7\u0131kar. Bu durumda otomatik olarak ger\u00e7ekle\u015fen \u015feyler var ama ayn\u0131 zamanda baz\u0131 \u015feylerle kar\u015f\u0131la\u015fabilir veya sorular\u0131n\u0131z da olabilir.<\/p>\n\n\n\n<p>GGD IJsselland 0-18 ya\u015f aras\u0131 \u00e7ocuklar\u0131 izlemektedir. Biz sizinle birlikte d\u00fc\u015f\u00fcnmeye haz\u0131r\u0131z ve \u00e7ocu\u011funuza gerekli sa\u011fl\u0131k muayenelerini yap\u0131lmas\u0131n\u0131 sa\u011flayaca\u011f\u0131z. \u00c7ocu\u011funuzun bula\u015f\u0131c\u0131 hastal\u0131klara kar\u015f\u0131 a\u015f\u0131lar\u0131n\u0131 da yap\u0131yoruz. <a href=\"http:\/\/www.ggdijsselland.nl\">www.ggdijsselland.nl<\/a> adresinde GGD IJsselland Gen\u00e7lik Sa\u011fl\u0131k Bak\u0131m\u0131 Hizmetleri ile ilgili t\u00fcm bilgileri bulacaks\u0131n\u0131z.<\/p>\n\n\n\n<h4 class=\"wp-block-heading\">GGD IJsselland Gen\u00e7lik Sa\u011fl\u0131k Bak\u0131m\u0131 Hizmetleri neler yap\u0131yor?<\/h4>\n\n\n\n<p>Hamileyken, do\u011fum \u00f6ncesi ev ziyaretinde ya da bilgilendirme toplant\u0131s\u0131nda bizimle kar\u015f\u0131la\u015fm\u0131\u015f olabilirsiniz. Aksi takdirde, \u00e7ocu\u011funuz yakla\u015f\u0131k iki haftal\u0131k oldu\u011funda gen\u00e7lik sa\u011fl\u0131k bak\u0131m\u0131 hem\u015firemiz sizi evinizde ziyaret edecektir. Bu durumda birbirinizi tan\u0131yabilir ve bebe\u011finizin bak\u0131m\u0131, b\u00fcy\u00fcmesi, beslenmesi ve geli\u015fimi hakk\u0131nda g\u00f6r\u00fc\u015febilirsiniz. Gen\u00e7lik sa\u011fl\u0131k bak\u0131m\u0131 hem\u015firesi ayr\u0131ca GGD IJsselland&#8217;\u0131n gen\u00e7lik sa\u011fl\u0131k bak\u0131m\u0131 hizmetlerinden neler bekleyebilece\u011finizi de a\u00e7\u0131klayacakt\u0131r. Bu randevuyu olu\u015fturmak i\u00e7in \u00e7o\u011fu zaman do\u011fum haftas\u0131n\u0131n sonunda sizi \u00f6nceden arayaca\u011f\u0131z.<\/p>\n\n\n\n<p>Bebe\u011finiz yakla\u015f\u0131k \u00fc\u00e7 haftal\u0131k oldu\u011funda ilk kez klini\u011fe geleceksiniz. Bu durumda bebe\u011finiz asistan taraf\u0131ndan tart\u0131lacak ve \u00f6l\u00e7\u00fclecektir. Randevu, \u00e7ocu\u011funuzu kontrol edecek ve sizin nas\u0131l oldu\u011funuzu g\u00f6r\u00fc\u015fecek olan gen\u00e7lik sa\u011fl\u0131k bak\u0131m\u0131 doktoruyla ger\u00e7ekle\u015fir. Ayr\u0131ca soru da sorabilirsiniz. G\u00f6r\u00fc\u015fme sonras\u0131nda bir takip randevusu olu\u015fturulur. Randevular gen\u00e7lik doktoru ve gen\u00e7lik hem\u015firesi ile d\u00f6n\u00fc\u015f\u00fcml\u00fc olarak yap\u0131l\u0131r.<\/p>\n\n\n\n<p><strong>Arada bir sorunuz mu var?<\/strong><\/p>\n\n\n\n<p>\u00c7ocuk sahibi olmak harikad\u0131r ama her zaman kolay da de\u011fildir. Arada herhangi bir sorunuz veya \u015f\u00fcpheniz mi var? Mesela beslenme, uyku, kar\u0131n a\u011fr\u0131lar\u0131 ya da yeti\u015ftirme hakk\u0131nda? O halde \u00e7al\u0131\u015fma g\u00fcnlerinde her zaman GGD IJsselland Gen\u00e7lik Sa\u011fl\u0131k Bak\u0131m\u0131 Hizmetleri ile ileti\u015fime ge\u00e7ebilirsiniz. Bizi arayabilir (088 &#8211; 443 07 02) veya e-posta g\u00f6nderebilirsiniz (<a href=\"mailto:jeugdgezondheidszorg@ggdijsselland.nl\">jeugdgezondheidszorg@ggdijsselland.nl<\/a>). Ayr\u0131ca randevusuz g\u00f6r\u00fc\u015fme saatlerimizde de bize u\u011frayabilirsiniz. B\u00f6lgenizdeki randevusuz dan\u0131\u015fmanl\u0131k tarihleri \u200b\u200bve saatleri i\u00e7in www.ggdijsselland.nl adresini ziyaret edin.<\/p>\n\n\n\n<p><strong>\u0130\u015fler pek iyi gitmedi\u011finde ne yapabilirsiniz?<\/strong><\/p>\n\n\n\n<p>Bazen \u00e7ocu\u011funuzla veya ailenizin di\u011fer fertleri ile i\u015flerin yolunda gitmedi\u011fi durumlar g\u00f6r\u00fclebilir. Bu durumlarda da her zaman GGD ile ileti\u015fime ge\u00e7ebilirsiniz. Orada birlikte d\u00fc\u015f\u00fcnebilecek ve size yard\u0131mc\u0131 olabilecek bir\u00e7ok disiplinden uzmanlar \u00e7al\u0131\u015f\u0131yor. CJG i\u00e7erisinde gerekti\u011finde yard\u0131m ve rehberli\u011fin sa\u011flanabilece\u011fi bir \u00e7evre bulunmaktad\u0131r.<\/p>\n\n\n\n<p><strong>Farkl\u0131 bir yerle\u015fim alan\u0131nda m\u0131 oturuyorsunuz?<\/strong><\/p>\n\n\n\n<p>GGD IJsselland&#8217;\u0131n 11 belediyesinden birinde oturmuyorsan\u0131z, belediyenizdeki gen\u00e7lik sa\u011fl\u0131k bak\u0131m\u0131 hizmetleri hakk\u0131nda bilgi i\u00e7in a\u015fa\u011f\u0131daki d\u00f6k\u00fcme bak\u0131n!<\/p>\n\n\n\n<p>Voorst belediyesi i\u00e7in <a href=\"http:\/\/www.cjgvoorst.nl\">www.cjgvoorst.nl<\/a> adresindeki Gen\u00e7lik ve Aile Merkezini ve Lochem belediyesi i\u00e7in <a href=\"http:\/\/www.Yunio.nl\">www.Yunio.nl<\/a> web sitesini ziyaret edebilirsiniz.<\/p>\n\n\n\n<p>Rijssen-Holten veya Losser belediyesinde oturuyorsan\u0131z, b\u00f6lgenizdeki gen\u00e7lik sa\u011fl\u0131k bak\u0131m\u0131 hizmetleri hakk\u0131nda daha fazla bilgiyi <a href=\"https:\/\/www.ggdtwente.nl\/\">www.ggdtwente.nl<\/a> web sitesinde bulabilirsiniz.<\/p>\n\n\n<p><!--EndFragment--><\/p>","protected":false},"excerpt":{"rendered":"<p>Lohusa bak\u0131m\u0131 hem\u015firesi art\u0131k gitti, \u015fimdi ne olacak? Baba ya da anne oldu\u011funuz andan itibaren \u00f6n\u00fcn\u00fcze pek \u00e7ok \u015fey \u00e7\u0131kar. Bu durumda&#8230;<\/p>\n","protected":false},"author":6,"featured_media":4107,"parent":591,"menu_order":0,"comment_status":"closed","ping_status":"closed","template":"","meta":{"_acf_changed":false,"editor_notices":[],"footnotes":""},"class_list":["post-652","page","type-page","status-publish","has-post-thumbnail","hentry"],"acf":[],"_links":{"self":[{"href":"https:\/\/geboortezorgsalland.nl\/tr\/wp-json\/wp\/v2\/pages\/652","targetHints":{"allow":["GET"]}}],"collection":[{"href":"https:\/\/geboortezorgsalland.nl\/tr\/wp-json\/wp\/v2\/pages"}],"about":[{"href":"https:\/\/geboortezorgsalland.nl\/tr\/wp-json\/wp\/v2\/types\/page"}],"author":[{"embeddable":true,"href":"https:\/\/geboortezorgsalland.nl\/tr\/wp-json\/wp\/v2\/users\/6"}],"replies":[{"embeddable":true,"href":"https:\/\/geboortezorgsalland.nl\/tr\/wp-json\/wp\/v2\/comments?post=652"}],"version-history":[{"count":0,"href":"https:\/\/geboortezorgsalland.nl\/tr\/wp-json\/wp\/v2\/pages\/652\/revisions"}],"up":[{"embeddable":true,"href":"https:\/\/geboortezorgsalland.nl\/tr\/wp-json\/wp\/v2\/pages\/591"}],"wp:featuredmedia":[{"embeddable":true,"href":"https:\/\/geboortezorgsalland.nl\/tr\/wp-json\/wp\/v2\/media\/4107"}],"wp:attachment":[{"href":"https:\/\/geboortezorgsalland.nl\/tr\/wp-json\/wp\/v2\/media?parent=652"}],"curies":[{"name":"wp","href":"https:\/\/api.w.org\/{rel}","templated":true}]}}