{"id":99,"date":"2019-11-21T11:59:11","date_gmt":"2019-11-21T10:59:11","guid":{"rendered":"https:\/\/geboortezorgsalland.nl\/?page_id=99"},"modified":"2024-08-22T12:25:12","modified_gmt":"2024-08-22T10:25:12","slug":"hakkimizda","status":"publish","type":"page","link":"https:\/\/geboortezorgsalland.nl\/tr\/hakkimizda\/","title":{"rendered":"Hakk\u0131m\u0131zda"},"content":{"rendered":"\n<h3 class=\"wp-block-heading\"><strong>Web sitemizi muhtemelen \u00e7ocuk sahibi olmak istedi\u011finiz veya hatta hamile oldu\u011funuz i\u00e7in ziyaret ediyorsunuz. Burada t\u00fcm do\u011fum bak\u0131m\u0131 hakk\u0131nda bilgi bulacaks\u0131n\u0131z: \u00e7ocuk sahibi olma iste\u011fi, hamilelik, do\u011fum, lohusal\u0131k d\u00f6nemi ve gen\u00e7lik sa\u011fl\u0131\u011f\u0131 hizmetleri. <\/strong><\/h3>\n\n\n\n<p class=\"has-text-align-left\">Geboortezorg Salland&#8217;da hamileli\u011finizin ve bebe\u011finizin do\u011fumunun m\u00fcmk\u00fcn oldu\u011funca sorunsuz ge\u00e7mesini sa\u011flamak i\u00e7in do\u011fum uzmanlar\u0131, jinekologlar, hastane ve lohusal\u0131k bak\u0131m\u0131 olarak yo\u011fun bir \u015fekilde birlikte \u00e7al\u0131\u015f\u0131yoruz. Her birimizin kendi uzmanl\u0131\u011f\u0131 vard\u0131r. Do\u011fum uzmanl\u0131\u011f\u0131 bak\u0131m\u0131 m\u00fcmk\u00fcn oldu\u011funda bir kad\u0131n do\u011fum uzman\u0131 taraf\u0131ndan ancak, gerekti\u011finde bir jinekolog taraf\u0131ndan sa\u011flan\u0131r. Hamileli\u011finiz i\u00e7in durumunuza uygun bak\u0131m yolunu birlikte belirliyoruz. <\/p>\n\n\n\n<p class=\"has-text-align-left\">Aile hekimleri, eczac\u0131lar, gen\u00e7lik bak\u0131m\u0131 hem\u015fireleri ve \u00f6rne\u011fin fizyoterapistler de do\u011fum bak\u0131m\u0131n\u0131n bir par\u00e7as\u0131d\u0131r ve biz onlarla da birlikte \u00e7al\u0131\u015f\u0131yoruz. Onlara dan\u0131\u015fabilmek i\u00e7in sizin izninizi isteyece\u011fiz. <\/p>\n\n\n\n<p class=\"has-text-align-center\"><strong><em>Geboortezorg Salland&#8217;\u0131n odak noktas\u0131n\u0131 anne aday\u0131, e\u015f ve \u00e7ocu\u011fun bak\u0131m\u0131 olu\u015fturuyor!<\/em><\/strong><\/p>\n","protected":false},"excerpt":{"rendered":"<p>Web sitemizi muhtemelen \u00e7ocuk sahibi olmak istedi\u011finiz veya hatta hamile oldu\u011funuz i\u00e7in ziyaret ediyorsunuz. Burada t\u00fcm do\u011fum bak\u0131m\u0131 hakk\u0131nda bilgi bulacaks\u0131n\u0131z: \u00e7ocuk&#8230;<\/p>\n","protected":false},"author":1,"featured_media":100,"parent":0,"menu_order":0,"comment_status":"closed","ping_status":"closed","template":"","meta":{"_acf_changed":false,"editor_notices":[],"footnotes":""},"class_list":["post-99","page","type-page","status-publish","has-post-thumbnail","hentry"],"acf":[],"_links":{"self":[{"href":"https:\/\/geboortezorgsalland.nl\/tr\/wp-json\/wp\/v2\/pages\/99","targetHints":{"allow":["GET"]}}],"collection":[{"href":"https:\/\/geboortezorgsalland.nl\/tr\/wp-json\/wp\/v2\/pages"}],"about":[{"href":"https:\/\/geboortezorgsalland.nl\/tr\/wp-json\/wp\/v2\/types\/page"}],"author":[{"embeddable":true,"href":"https:\/\/geboortezorgsalland.nl\/tr\/wp-json\/wp\/v2\/users\/1"}],"replies":[{"embeddable":true,"href":"https:\/\/geboortezorgsalland.nl\/tr\/wp-json\/wp\/v2\/comments?post=99"}],"version-history":[{"count":0,"href":"https:\/\/geboortezorgsalland.nl\/tr\/wp-json\/wp\/v2\/pages\/99\/revisions"}],"wp:featuredmedia":[{"embeddable":true,"href":"https:\/\/geboortezorgsalland.nl\/tr\/wp-json\/wp\/v2\/media\/100"}],"wp:attachment":[{"href":"https:\/\/geboortezorgsalland.nl\/tr\/wp-json\/wp\/v2\/media?parent=99"}],"curies":[{"name":"wp","href":"https:\/\/api.w.org\/{rel}","templated":true}]}}